{"id":45848,"date":"2026-04-21T00:28:22","date_gmt":"2026-04-21T00:28:22","guid":{"rendered":"https:\/\/singuli.wpress.me\/index.php\/proizvod\/dr-oetker-muffins-cokoladni-360-g\/"},"modified":"2026-04-21T00:28:22","modified_gmt":"2026-04-21T00:28:22","slug":"dr-oetker-muffins-cokoladni-360-g","status":"publish","type":"product","link":"https:\/\/singuli.wpress.me\/index.php\/proizvod\/dr-oetker-muffins-cokoladni-360-g\/","title":{"rendered":"DR. OETKER, muffins, \u010dokoladni , 360\u00a0g"},"content":{"rendered":"<p>Muffini za sve koji vole \u010dokoladu: krasno so\u010dni i \u010dokoladni s posebno puno \u010dokoladnih komadi\u0107a u tijestu! Dr. Oetker mje\u0161avina za \u010cokoladne muffine garantira brzu i jednostavnu pripremu.<\/p>\n","protected":false},"excerpt":{"rendered":"<p>Krasno so\u010dni i \u010dokoladni<br \/>\nBrza i jednostavna priprema<br \/>\nVe\u0107 sadr\u017ei papirnate kalupi\u0107e<\/p>\n","protected":false},"featured_media":45849,"template":"","meta":{"_seopress_robots_primary_cat":"","_seopress_titles_title":"","_seopress_titles_desc":"","_seopress_robots_index":"","iawp_total_views":0},"product_brand":[328],"product_cat":[261,270],"product_tag":[],"class_list":{"0":"post-45848","1":"product","2":"type-product","3":"status-publish","4":"has-post-thumbnail","6":"product_brand-dr-oetker","7":"product_cat-hrana-i-pice","8":"product_cat-slasticarstvo-261","10":"first","11":"outofstock","12":"shipping-taxable","13":"purchasable","14":"product-type-simple"},"_links":{"self":[{"href":"https:\/\/singuli.wpress.me\/index.php\/wp-json\/wp\/v2\/product\/45848","targetHints":{"allow":["GET"]}}],"collection":[{"href":"https:\/\/singuli.wpress.me\/index.php\/wp-json\/wp\/v2\/product"}],"about":[{"href":"https:\/\/singuli.wpress.me\/index.php\/wp-json\/wp\/v2\/types\/product"}],"version-history":[{"count":0,"href":"https:\/\/singuli.wpress.me\/index.php\/wp-json\/wp\/v2\/product\/45848\/revisions"}],"wp:featuredmedia":[{"embeddable":true,"href":"https:\/\/singuli.wpress.me\/index.php\/wp-json\/wp\/v2\/media\/45849"}],"wp:attachment":[{"href":"https:\/\/singuli.wpress.me\/index.php\/wp-json\/wp\/v2\/media?parent=45848"}],"wp:term":[{"taxonomy":"product_brand","embeddable":true,"href":"https:\/\/singuli.wpress.me\/index.php\/wp-json\/wp\/v2\/product_brand?post=45848"},{"taxonomy":"product_cat","embeddable":true,"href":"https:\/\/singuli.wpress.me\/index.php\/wp-json\/wp\/v2\/product_cat?post=45848"},{"taxonomy":"product_tag","embeddable":true,"href":"https:\/\/singuli.wpress.me\/index.php\/wp-json\/wp\/v2\/product_tag?post=45848"}],"curies":[{"name":"wp","href":"https:\/\/api.w.org\/{rel}","templated":true}]}}