{"id":45858,"date":"2026-04-21T00:28:30","date_gmt":"2026-04-21T00:28:30","guid":{"rendered":"https:\/\/singuli.wpress.me\/index.php\/proizvod\/wellaflex-flexible-ultra-strong-lak-za-kosu-250-ml\/"},"modified":"2026-04-23T00:28:08","modified_gmt":"2026-04-23T00:28:08","slug":"wellaflex-flexible-ultra-strong-lak-za-kosu-250-ml","status":"publish","type":"product","link":"https:\/\/singuli.wpress.me\/proizvod\/wellaflex-flexible-ultra-strong-lak-za-kosu-250-ml\/","title":{"rendered":"WELLAFLEX Flexible Ultra Strong, lak za kosu, 250\u00a0ml"},"content":{"rendered":"<p>Lak za kosu Wella Wellaflex Flexible Ultra Strong fiksirat \u0107e va\u0161u frizuru na dulje vrijeme, te \u0107e tako osigurati maksimalnu kontrolu nad va\u0161om kosom.<\/p>\n<p>Ekstra jaka fiksacija, \u010duva elasti\u010dnost i ne sputava kosu te ima dugotrajni u\u010dinak.<br \/>\nNa\u010din upotrebe:<br \/>\nPrije uporabe dobro protresite. Naprskajte na suhu kosu s udaljenosti od 20\u201330 cm. Za dosezanje maksimalnog volumena naprskajte izravno na korijen.<\/p>\n","protected":false},"excerpt":{"rendered":"<p>S FlexActive tehnologijom za 3 znaka prirodne, fleksibilne i dugotrajne frizure<br \/>\nNeljepljivo, lako se nanosi i ra\u0161\u010de\u0161ljava<br \/>\n\u0160titi kosu od sun\u010deve svjetlosti<\/p>\n","protected":false},"featured_media":45859,"template":"","meta":{"_seopress_robots_primary_cat":"","_seopress_titles_title":"","_seopress_titles_desc":"","_seopress_robots_index":"","iawp_total_views":0},"product_brand":[841],"product_cat":[268,300],"product_tag":[],"class_list":{"0":"post-45858","1":"product","2":"type-product","3":"status-publish","4":"has-post-thumbnail","6":"product_brand-wellaflex","7":"product_cat-kozmetika-2","8":"product_cat-njega-kose-268","10":"first","11":"outofstock","12":"shipping-taxable","13":"purchasable","14":"product-type-simple"},"_links":{"self":[{"href":"https:\/\/singuli.wpress.me\/wp-json\/wp\/v2\/product\/45858","targetHints":{"allow":["GET"]}}],"collection":[{"href":"https:\/\/singuli.wpress.me\/wp-json\/wp\/v2\/product"}],"about":[{"href":"https:\/\/singuli.wpress.me\/wp-json\/wp\/v2\/types\/product"}],"version-history":[{"count":0,"href":"https:\/\/singuli.wpress.me\/wp-json\/wp\/v2\/product\/45858\/revisions"}],"wp:featuredmedia":[{"embeddable":true,"href":"https:\/\/singuli.wpress.me\/wp-json\/wp\/v2\/media\/45859"}],"wp:attachment":[{"href":"https:\/\/singuli.wpress.me\/wp-json\/wp\/v2\/media?parent=45858"}],"wp:term":[{"taxonomy":"product_brand","embeddable":true,"href":"https:\/\/singuli.wpress.me\/wp-json\/wp\/v2\/product_brand?post=45858"},{"taxonomy":"product_cat","embeddable":true,"href":"https:\/\/singuli.wpress.me\/wp-json\/wp\/v2\/product_cat?post=45858"},{"taxonomy":"product_tag","embeddable":true,"href":"https:\/\/singuli.wpress.me\/wp-json\/wp\/v2\/product_tag?post=45858"}],"curies":[{"name":"wp","href":"https:\/\/api.w.org\/{rel}","templated":true}]}}