{"id":45866,"date":"2026-04-21T00:28:33","date_gmt":"2026-04-21T00:28:33","guid":{"rendered":"https:\/\/singuli.wpress.me\/index.php\/proizvod\/dr-oetker-vitalis-hrskavi-musli-med-i-badem-300-g\/"},"modified":"2026-04-21T00:28:33","modified_gmt":"2026-04-21T00:28:33","slug":"dr-oetker-vitalis-hrskavi-musli-med-i-badem-300-g","status":"publish","type":"product","link":"https:\/\/singuli.wpress.me\/index.php\/proizvod\/dr-oetker-vitalis-hrskavi-musli-med-i-badem-300-g\/","title":{"rendered":"DR. OETKER Vitalis, hrskavi musli, med i badem , 300\u00a0g"},"content":{"rendered":"<p>U Vitalis Crunchy Plus Med-Badem zlatno-sme\u0111e pr\u017eene, hrskave pahuljice spajaju se s hrskavim bademima i najfinijim medom u posebno hrskavi do\u017eivljaj. Va\u0161 Plus za u\u017eitak u Vitalis Crunchy Plus: posebno ukusni: fini listi\u0107i i hrskavi komadi\u0107i badema zaokru\u017eeni s medom i zlatno-sme\u0111e hrskave pahuljice s 49% integralnih \u017eitarica\u00a0 \u2013 zahvaljuju\u0107i posebnom postupku pr\u017eenja\u00a0 posebno su hrskavi i ukusni<\/p>\n","protected":false},"excerpt":{"rendered":"<p>S hrskavim bademima i najfinijim medom<br \/>\nPosebno su hrskavi i ukusni<br \/>\nJednostavno dodajte mlijeko ili jogurt<\/p>\n","protected":false},"featured_media":45867,"template":"","meta":{"_seopress_robots_primary_cat":"","_seopress_titles_title":"","_seopress_titles_desc":"","_seopress_robots_index":"","iawp_total_views":0},"product_brand":[328],"product_cat":[261,307],"product_tag":[],"class_list":{"0":"post-45866","1":"product","2":"type-product","3":"status-publish","4":"has-post-thumbnail","6":"product_brand-dr-oetker","7":"product_cat-hrana-i-pice","8":"product_cat-zitarice-i-dorucak-261","10":"first","11":"outofstock","12":"shipping-taxable","13":"purchasable","14":"product-type-simple"},"_links":{"self":[{"href":"https:\/\/singuli.wpress.me\/index.php\/wp-json\/wp\/v2\/product\/45866","targetHints":{"allow":["GET"]}}],"collection":[{"href":"https:\/\/singuli.wpress.me\/index.php\/wp-json\/wp\/v2\/product"}],"about":[{"href":"https:\/\/singuli.wpress.me\/index.php\/wp-json\/wp\/v2\/types\/product"}],"version-history":[{"count":0,"href":"https:\/\/singuli.wpress.me\/index.php\/wp-json\/wp\/v2\/product\/45866\/revisions"}],"wp:featuredmedia":[{"embeddable":true,"href":"https:\/\/singuli.wpress.me\/index.php\/wp-json\/wp\/v2\/media\/45867"}],"wp:attachment":[{"href":"https:\/\/singuli.wpress.me\/index.php\/wp-json\/wp\/v2\/media?parent=45866"}],"wp:term":[{"taxonomy":"product_brand","embeddable":true,"href":"https:\/\/singuli.wpress.me\/index.php\/wp-json\/wp\/v2\/product_brand?post=45866"},{"taxonomy":"product_cat","embeddable":true,"href":"https:\/\/singuli.wpress.me\/index.php\/wp-json\/wp\/v2\/product_cat?post=45866"},{"taxonomy":"product_tag","embeddable":true,"href":"https:\/\/singuli.wpress.me\/index.php\/wp-json\/wp\/v2\/product_tag?post=45866"}],"curies":[{"name":"wp","href":"https:\/\/api.w.org\/{rel}","templated":true}]}}