{"id":45874,"date":"2026-04-21T00:28:38","date_gmt":"2026-04-21T00:28:38","guid":{"rendered":"https:\/\/singuli.wpress.me\/index.php\/proizvod\/pronto-visenamjenski-sprej-300-ml\/"},"modified":"2026-04-21T00:28:38","modified_gmt":"2026-04-21T00:28:38","slug":"pronto-visenamjenski-sprej-300-ml","status":"publish","type":"product","link":"https:\/\/singuli.wpress.me\/index.php\/proizvod\/pronto-visenamjenski-sprej-300-ml\/","title":{"rendered":"PRONTO, vi\u0161enamjenski sprej, 300\u00a0ml"},"content":{"rendered":"<p>Pronto\u00ae Vi\u0161enamjenski sprej za \u010di\u0161\u0107enje nje\u017eno \u010disti tvrde povr\u0161ine uklanjaju\u0107i pra\u0161inu i ne\u010disto\u0107u bez tragova i o\u0161te\u0107enja povr\u0161ina.<\/p>\n<p>Uklanja: pra\u0161inu, ne\u010disto\u0107e, otiske prstiju i mrlje.<\/p>\n<p><span style=\"font-weight: bold\">Upute za uporabu: <\/span><br \/>\nPrije uporabe obavezno pro\u010ditati upute na ambala\u017ei. Ne okretati \u010dep boce. Dobro protresti. Uspravno dr\u017eati bocu i raspr\u0161iti minimalno 15 cm od povr\u0161ine ili direktno na krpu. Za najbolje rezultate odmah polirajte mekom, \u010distom krpom. Ne koristiti na podovima, unutar kupaonice i na neobra\u0111enom drvu. Prije uporabe provjerite u\u010dinak na maloj, manje vidljivoj povr\u0161ini. <\/p>\n<p>PROIZVOD JE NAMJENJEN ZA UPORABU NA: granitu, kvarcu, kromu, nehr\u0111aju\u0107em \u010deliku, staklenim povr\u0161inama, obra\u0111enom drvu, laminatu, plastici i elektroni\u010dkim ure\u0111ajima.<\/p>\n","protected":false},"excerpt":{"rendered":"<p>Nje\u017eno \u010disti tvrde povr\u0161ine<br \/>\nUklanja: pra\u0161inu, ne\u010disto\u0107e, otiske prstiju i mrlje<\/p>\n","protected":false},"featured_media":45875,"template":"","meta":{"_seopress_robots_primary_cat":"","_seopress_titles_title":"","_seopress_titles_desc":"","_seopress_robots_index":"","iawp_total_views":0},"product_brand":[815],"product_cat":[274,238],"product_tag":[],"class_list":{"0":"post-45874","1":"product","2":"type-product","3":"status-publish","4":"has-post-thumbnail","6":"product_brand-pronto","7":"product_cat-kucanski-pribor-238","8":"product_cat-sve-za-dom","10":"first","11":"outofstock","12":"shipping-taxable","13":"purchasable","14":"product-type-simple"},"_links":{"self":[{"href":"https:\/\/singuli.wpress.me\/index.php\/wp-json\/wp\/v2\/product\/45874","targetHints":{"allow":["GET"]}}],"collection":[{"href":"https:\/\/singuli.wpress.me\/index.php\/wp-json\/wp\/v2\/product"}],"about":[{"href":"https:\/\/singuli.wpress.me\/index.php\/wp-json\/wp\/v2\/types\/product"}],"version-history":[{"count":0,"href":"https:\/\/singuli.wpress.me\/index.php\/wp-json\/wp\/v2\/product\/45874\/revisions"}],"wp:featuredmedia":[{"embeddable":true,"href":"https:\/\/singuli.wpress.me\/index.php\/wp-json\/wp\/v2\/media\/45875"}],"wp:attachment":[{"href":"https:\/\/singuli.wpress.me\/index.php\/wp-json\/wp\/v2\/media?parent=45874"}],"wp:term":[{"taxonomy":"product_brand","embeddable":true,"href":"https:\/\/singuli.wpress.me\/index.php\/wp-json\/wp\/v2\/product_brand?post=45874"},{"taxonomy":"product_cat","embeddable":true,"href":"https:\/\/singuli.wpress.me\/index.php\/wp-json\/wp\/v2\/product_cat?post=45874"},{"taxonomy":"product_tag","embeddable":true,"href":"https:\/\/singuli.wpress.me\/index.php\/wp-json\/wp\/v2\/product_tag?post=45874"}],"curies":[{"name":"wp","href":"https:\/\/api.w.org\/{rel}","templated":true}]}}