{"id":45890,"date":"2026-04-21T00:28:43","date_gmt":"2026-04-21T00:28:43","guid":{"rendered":"https:\/\/singuli.wpress.me\/index.php\/proizvod\/dr-oetker-dzemfix-21\/"},"modified":"2026-04-21T00:28:43","modified_gmt":"2026-04-21T00:28:43","slug":"dr-oetker-dzemfix-21","status":"publish","type":"product","link":"https:\/\/singuli.wpress.me\/index.php\/proizvod\/dr-oetker-dzemfix-21\/","title":{"rendered":"DR. OETKER, d\u017eemfix, 2:1"},"content":{"rendered":"<p>S Dr. Oetker D\u017eemfixom 2:1 mo\u017eete pripremati posebno vo\u0107ne i manje slatke d\u017eemove, d\u017eemove i \u017eelee. Za pripremu vam je potrebno otprilike dvostruko vi\u0161e vo\u0107a ili vo\u0107nog soka u odnosu na \u0161e\u0107er. Za izradu \u017eelea mo\u017eete koristiti kupovni sok ili nektar, osim soka od gro\u017e\u0111a. Vi\u0161e informacija o pripremi prona\u0107i \u0107ete na pole\u0111ini pakiranja. Bijeli \u0161e\u0107er mo\u017eete zamijeniti sme\u0111im kako bi va\u0161a zimnica imala blago karameliziran okus.<\/p>\n","protected":false},"excerpt":{"rendered":"<p>Za 1250 g vo\u0107a i 500 g \u0161e\u0107era<br \/>\nZa pripremu marmelada, d\u017eemova i \u017eelea<br \/>\nZa karameliziran okus koristite sme\u0111i \u0161e\u0107er<\/p>\n","protected":false},"featured_media":45891,"template":"","meta":{"_seopress_robots_primary_cat":"","_seopress_titles_title":"","_seopress_titles_desc":"","_seopress_robots_index":"","iawp_total_views":0},"product_brand":[328],"product_cat":[261,299],"product_tag":[],"class_list":{"0":"post-45890","1":"product","2":"type-product","3":"status-publish","4":"has-post-thumbnail","6":"product_brand-dr-oetker","7":"product_cat-hrana-i-pice","8":"product_cat-konzervirana-i-gotova-hrana-261","10":"first","11":"instock","12":"shipping-taxable","13":"purchasable","14":"product-type-simple"},"_links":{"self":[{"href":"https:\/\/singuli.wpress.me\/index.php\/wp-json\/wp\/v2\/product\/45890","targetHints":{"allow":["GET"]}}],"collection":[{"href":"https:\/\/singuli.wpress.me\/index.php\/wp-json\/wp\/v2\/product"}],"about":[{"href":"https:\/\/singuli.wpress.me\/index.php\/wp-json\/wp\/v2\/types\/product"}],"version-history":[{"count":0,"href":"https:\/\/singuli.wpress.me\/index.php\/wp-json\/wp\/v2\/product\/45890\/revisions"}],"wp:featuredmedia":[{"embeddable":true,"href":"https:\/\/singuli.wpress.me\/index.php\/wp-json\/wp\/v2\/media\/45891"}],"wp:attachment":[{"href":"https:\/\/singuli.wpress.me\/index.php\/wp-json\/wp\/v2\/media?parent=45890"}],"wp:term":[{"taxonomy":"product_brand","embeddable":true,"href":"https:\/\/singuli.wpress.me\/index.php\/wp-json\/wp\/v2\/product_brand?post=45890"},{"taxonomy":"product_cat","embeddable":true,"href":"https:\/\/singuli.wpress.me\/index.php\/wp-json\/wp\/v2\/product_cat?post=45890"},{"taxonomy":"product_tag","embeddable":true,"href":"https:\/\/singuli.wpress.me\/index.php\/wp-json\/wp\/v2\/product_tag?post=45890"}],"curies":[{"name":"wp","href":"https:\/\/api.w.org\/{rel}","templated":true}]}}