{"id":45895,"date":"2026-04-21T00:28:44","date_gmt":"2026-04-21T00:28:44","guid":{"rendered":"https:\/\/singuli.wpress.me\/index.php\/proizvod\/barbie-kuca-i-lutka\/"},"modified":"2026-04-21T00:28:44","modified_gmt":"2026-04-21T00:28:44","slug":"barbie-kuca-i-lutka","status":"publish","type":"product","link":"https:\/\/singuli.wpress.me\/index.php\/proizvod\/barbie-kuca-i-lutka\/","title":{"rendered":"BARBIE, ku\u0107a i lutka"},"content":{"rendered":"<p>Namje\u0161tena Barbie ku\u0107a otvorila je svoja vrata za igru.<br \/>\n\u010cetiri podru\u010dja za igru obuhva\u0107aju krevet u potkrovlju, kupaonicu, kuhinju i blagovaonicu.<br \/>\nUz ku\u0107u dolazi i Barbie lutka odjevena u haljinu s printom tratin\u010dica i ru\u017ei\u010dastim cipelicama.<\/p>\n","protected":false},"excerpt":{"rendered":"<p>\u010cetiri podru\u010dja za igru<br \/>\nUnaprijed namje\u0161tena<br \/>\nDolazi s lutkom<\/p>\n","protected":false},"featured_media":45896,"template":"","meta":{"_seopress_robots_primary_cat":"","_seopress_titles_title":"","_seopress_titles_desc":"","_seopress_robots_index":"","iawp_total_views":0},"product_brand":[324],"product_cat":[274,238],"product_tag":[],"class_list":{"0":"post-45895","1":"product","2":"type-product","3":"status-publish","4":"has-post-thumbnail","6":"product_brand-barbie","7":"product_cat-kucanski-pribor-238","8":"product_cat-sve-za-dom","10":"first","11":"instock","12":"shipping-taxable","13":"purchasable","14":"product-type-simple"},"_links":{"self":[{"href":"https:\/\/singuli.wpress.me\/index.php\/wp-json\/wp\/v2\/product\/45895","targetHints":{"allow":["GET"]}}],"collection":[{"href":"https:\/\/singuli.wpress.me\/index.php\/wp-json\/wp\/v2\/product"}],"about":[{"href":"https:\/\/singuli.wpress.me\/index.php\/wp-json\/wp\/v2\/types\/product"}],"version-history":[{"count":0,"href":"https:\/\/singuli.wpress.me\/index.php\/wp-json\/wp\/v2\/product\/45895\/revisions"}],"wp:featuredmedia":[{"embeddable":true,"href":"https:\/\/singuli.wpress.me\/index.php\/wp-json\/wp\/v2\/media\/45896"}],"wp:attachment":[{"href":"https:\/\/singuli.wpress.me\/index.php\/wp-json\/wp\/v2\/media?parent=45895"}],"wp:term":[{"taxonomy":"product_brand","embeddable":true,"href":"https:\/\/singuli.wpress.me\/index.php\/wp-json\/wp\/v2\/product_brand?post=45895"},{"taxonomy":"product_cat","embeddable":true,"href":"https:\/\/singuli.wpress.me\/index.php\/wp-json\/wp\/v2\/product_cat?post=45895"},{"taxonomy":"product_tag","embeddable":true,"href":"https:\/\/singuli.wpress.me\/index.php\/wp-json\/wp\/v2\/product_tag?post=45895"}],"curies":[{"name":"wp","href":"https:\/\/api.w.org\/{rel}","templated":true}]}}