{"id":45905,"date":"2026-04-21T00:28:48","date_gmt":"2026-04-21T00:28:48","guid":{"rendered":"https:\/\/singuli.wpress.me\/index.php\/proizvod\/laica-uredaj-za-aerosolnu-terapiju-ultrazvucni-inhalator-md6026\/"},"modified":"2026-04-23T00:28:09","modified_gmt":"2026-04-23T00:28:09","slug":"laica-uredaj-za-aerosolnu-terapiju-ultrazvucni-inhalator-md6026","status":"publish","type":"product","link":"https:\/\/singuli.wpress.me\/proizvod\/laica-uredaj-za-aerosolnu-terapiju-ultrazvucni-inhalator-md6026\/","title":{"rendered":"LAICA, ure\u0111aj za aerosolnu terapiju, ultrazvu\u010dni inhalator MD6026"},"content":{"rendered":"<p>Ovaj ure\u0111aj za <span style=\"font-weight: bold\">ultrazvu\u010dnu aerosolnu terapiju<\/span> jam\u010di brzo i izuzetno tiho raspr\u0161ivanje. <\/p>\n<p>Jednostavan za upotrebu, njegov tihi rad \u010dini ga savr\u0161enim rje\u0161enjem za djecu.<\/p>\n<p>Ultrazvu\u010dni ure\u0111aj pretvara elektri\u010dnu energiju u visokofrekventne vibracije; ove se vibracije prenose na povr\u0161inu otopine. <\/p>\n<p>Ugra\u0111en timer inhalatora, automatsko ga\u0161enje nakon 13 minuta. <\/p>\n<p>Pakiranje uklju\u010duje: masku za odrasle, dje\u010dju masku, dio za usta i zra\u010dna cijev, 60 medicinskih \u010da\u0161ica, adapter<\/p>\n","protected":false},"excerpt":{"rendered":"<p>Jam\u010di brzo i izuzetno tiho raspr\u0161ivanje<br \/>\nJednostavan za upotrebu<br \/>\nUgra\u0111en timer inhalatora<\/p>\n","protected":false},"featured_media":45906,"template":"","meta":{"_seopress_robots_primary_cat":"","_seopress_titles_title":"","_seopress_titles_desc":"","_seopress_robots_index":"","iawp_total_views":0},"product_brand":[148],"product_cat":[192,267],"product_tag":[],"class_list":{"0":"post-45905","1":"product","2":"type-product","3":"status-publish","4":"has-post-thumbnail","6":"product_brand-laica","7":"product_cat-aparati-za-osobnu-njegu","8":"product_cat-zdravstveni-uredaji-192","10":"first","11":"instock","12":"shipping-taxable","13":"purchasable","14":"product-type-simple"},"_links":{"self":[{"href":"https:\/\/singuli.wpress.me\/wp-json\/wp\/v2\/product\/45905","targetHints":{"allow":["GET"]}}],"collection":[{"href":"https:\/\/singuli.wpress.me\/wp-json\/wp\/v2\/product"}],"about":[{"href":"https:\/\/singuli.wpress.me\/wp-json\/wp\/v2\/types\/product"}],"version-history":[{"count":0,"href":"https:\/\/singuli.wpress.me\/wp-json\/wp\/v2\/product\/45905\/revisions"}],"wp:featuredmedia":[{"embeddable":true,"href":"https:\/\/singuli.wpress.me\/wp-json\/wp\/v2\/media\/45906"}],"wp:attachment":[{"href":"https:\/\/singuli.wpress.me\/wp-json\/wp\/v2\/media?parent=45905"}],"wp:term":[{"taxonomy":"product_brand","embeddable":true,"href":"https:\/\/singuli.wpress.me\/wp-json\/wp\/v2\/product_brand?post=45905"},{"taxonomy":"product_cat","embeddable":true,"href":"https:\/\/singuli.wpress.me\/wp-json\/wp\/v2\/product_cat?post=45905"},{"taxonomy":"product_tag","embeddable":true,"href":"https:\/\/singuli.wpress.me\/wp-json\/wp\/v2\/product_tag?post=45905"}],"curies":[{"name":"wp","href":"https:\/\/api.w.org\/{rel}","templated":true}]}}