{"id":45914,"date":"2026-04-21T00:28:51","date_gmt":"2026-04-21T00:28:51","guid":{"rendered":"https:\/\/singuli.wpress.me\/index.php\/proizvod\/dr-oetker-professional-zelatina-mljevena-750-g\/"},"modified":"2026-04-21T00:28:51","modified_gmt":"2026-04-21T00:28:51","slug":"dr-oetker-professional-zelatina-mljevena-750-g","status":"publish","type":"product","link":"https:\/\/singuli.wpress.me\/index.php\/proizvod\/dr-oetker-professional-zelatina-mljevena-750-g\/","title":{"rendered":"DR. OETKER Professional, \u017eelatina mljevena, 750\u00a0g"},"content":{"rendered":"<p>Prirodno sredstvo za \u017eeliranje (u\u010dvr\u0161\u0107ivanje) kremastih nadjeva za torte i kola\u010de, krema i \u017eelatinastih slatkih i slanih jela. Doziranje: 10 g dovoljno je za 500 ml vode = 6 listi\u0107a \u017eelatine (100 g = 60 listi\u0107a \u017eelatine). Dr. Oetker je usmjeren prema\u0161iti Va\u0161a o\u010dekivanja\u00a0\u2013 bilo da se radi o prakti\u010dnim veli\u010dinama pakiranja, visokom stupnju lako\u0107e pripreme ili \u0161irokoj paleti visoko kvalitetnih proizvoda. Dugu tradiciju, ljubav i strast prema slasticama te prije svega Dr. Oetker kvalitetu prepoznale su generacije potro\u0161a\u010da, a upravo slogan\u00a0Kvaliteta je najbolji recept to i potvr\u0111uje! Vrhunska Dr. Oetker kvaliteta dodataka i dekora za kola\u010de u pakiranju za profesilonalnu upotrebu! Kvalitetna, stabilna i prakti\u010dna ambala\u017ea- \u010duva proizvod tijekom skladi\u0161tenja do sljede\u0107e uporabe! Zaokru\u017eeni paket proizvoda- to\u010dno ono \u0161to slasti\u010daru treba!<\/p>\n","protected":false},"excerpt":{"rendered":"<p>Prirodno sredstvo za \u017eeliranje<br \/>\n10 g dovoljno je za 500 ml vode<br \/>\nZa profesionalnu upotrebu<\/p>\n","protected":false},"featured_media":45915,"template":"","meta":{"_seopress_robots_primary_cat":"","_seopress_titles_title":"","_seopress_titles_desc":"","_seopress_robots_index":"","iawp_total_views":0},"product_brand":[328],"product_cat":[261,270],"product_tag":[],"class_list":{"0":"post-45914","1":"product","2":"type-product","3":"status-publish","4":"has-post-thumbnail","6":"product_brand-dr-oetker","7":"product_cat-hrana-i-pice","8":"product_cat-slasticarstvo-261","10":"first","11":"outofstock","12":"shipping-taxable","13":"purchasable","14":"product-type-simple"},"_links":{"self":[{"href":"https:\/\/singuli.wpress.me\/index.php\/wp-json\/wp\/v2\/product\/45914","targetHints":{"allow":["GET"]}}],"collection":[{"href":"https:\/\/singuli.wpress.me\/index.php\/wp-json\/wp\/v2\/product"}],"about":[{"href":"https:\/\/singuli.wpress.me\/index.php\/wp-json\/wp\/v2\/types\/product"}],"version-history":[{"count":0,"href":"https:\/\/singuli.wpress.me\/index.php\/wp-json\/wp\/v2\/product\/45914\/revisions"}],"wp:featuredmedia":[{"embeddable":true,"href":"https:\/\/singuli.wpress.me\/index.php\/wp-json\/wp\/v2\/media\/45915"}],"wp:attachment":[{"href":"https:\/\/singuli.wpress.me\/index.php\/wp-json\/wp\/v2\/media?parent=45914"}],"wp:term":[{"taxonomy":"product_brand","embeddable":true,"href":"https:\/\/singuli.wpress.me\/index.php\/wp-json\/wp\/v2\/product_brand?post=45914"},{"taxonomy":"product_cat","embeddable":true,"href":"https:\/\/singuli.wpress.me\/index.php\/wp-json\/wp\/v2\/product_cat?post=45914"},{"taxonomy":"product_tag","embeddable":true,"href":"https:\/\/singuli.wpress.me\/index.php\/wp-json\/wp\/v2\/product_tag?post=45914"}],"curies":[{"name":"wp","href":"https:\/\/api.w.org\/{rel}","templated":true}]}}