{"id":45920,"date":"2026-04-21T00:28:55","date_gmt":"2026-04-21T00:28:55","guid":{"rendered":"https:\/\/singuli.wpress.me\/index.php\/proizvod\/barbie-lutka-totally-hair-plava\/"},"modified":"2026-04-21T00:28:55","modified_gmt":"2026-04-21T00:28:55","slug":"barbie-lutka-totally-hair-plava","status":"publish","type":"product","link":"https:\/\/singuli.wpress.me\/index.php\/proizvod\/barbie-lutka-totally-hair-plava\/","title":{"rendered":"BARBIE, lutka, totally hair plava"},"content":{"rendered":"<p>Prije 30 godina, kada se prvi put pojavila, Barbie Totally Hair bila je hit. Nova Barbie Totally Hair lutka inspirirana je tom davnom lutkom. <\/p>\n<p>Barbie ima kosu du\u017eu od 28 cm koja je ukra\u0161ena pramenovima, a lutka dolazi u setu s 15 dodataka.<\/p>\n<p>Dodaci uklju\u010duju 8 kop\u010di koje mijenjaju boju pod toplinom prstiju, dodatke za ure\u0111ivanje kose i odje\u0107u. <\/p>\n<p>Stil ove Barbie lutke inspiriran je zvijezdama. Djeca \u0107e voljeti kreirati razli\u010dite frizure i igrati se s Barbie.<\/p>\n","protected":false},"excerpt":{"rendered":"<p>Barbie ima kosu du\u017eu od 28 cm<br \/>\nLutka dolazi u setu s 15 dodataka<br \/>\nDob: 3+ god<\/p>\n","protected":false},"featured_media":45921,"template":"","meta":{"_seopress_robots_primary_cat":"","_seopress_titles_title":"","_seopress_titles_desc":"","_seopress_robots_index":"","iawp_total_views":0},"product_brand":[324],"product_cat":[221,291],"product_tag":[],"class_list":{"0":"post-45920","1":"product","2":"type-product","3":"status-publish","4":"has-post-thumbnail","6":"product_brand-barbie","7":"product_cat-igracke","8":"product_cat-igracke-za-djecu-221","10":"first","11":"instock","12":"shipping-taxable","13":"purchasable","14":"product-type-simple"},"_links":{"self":[{"href":"https:\/\/singuli.wpress.me\/index.php\/wp-json\/wp\/v2\/product\/45920","targetHints":{"allow":["GET"]}}],"collection":[{"href":"https:\/\/singuli.wpress.me\/index.php\/wp-json\/wp\/v2\/product"}],"about":[{"href":"https:\/\/singuli.wpress.me\/index.php\/wp-json\/wp\/v2\/types\/product"}],"version-history":[{"count":0,"href":"https:\/\/singuli.wpress.me\/index.php\/wp-json\/wp\/v2\/product\/45920\/revisions"}],"wp:featuredmedia":[{"embeddable":true,"href":"https:\/\/singuli.wpress.me\/index.php\/wp-json\/wp\/v2\/media\/45921"}],"wp:attachment":[{"href":"https:\/\/singuli.wpress.me\/index.php\/wp-json\/wp\/v2\/media?parent=45920"}],"wp:term":[{"taxonomy":"product_brand","embeddable":true,"href":"https:\/\/singuli.wpress.me\/index.php\/wp-json\/wp\/v2\/product_brand?post=45920"},{"taxonomy":"product_cat","embeddable":true,"href":"https:\/\/singuli.wpress.me\/index.php\/wp-json\/wp\/v2\/product_cat?post=45920"},{"taxonomy":"product_tag","embeddable":true,"href":"https:\/\/singuli.wpress.me\/index.php\/wp-json\/wp\/v2\/product_tag?post=45920"}],"curies":[{"name":"wp","href":"https:\/\/api.w.org\/{rel}","templated":true}]}}