{"id":45932,"date":"2026-04-21T00:29:00","date_gmt":"2026-04-21T00:29:00","guid":{"rendered":"https:\/\/singuli.wpress.me\/index.php\/proizvod\/dr-oetker-kremfix-10-g\/"},"modified":"2026-04-21T00:29:00","modified_gmt":"2026-04-21T00:29:00","slug":"dr-oetker-kremfix-10-g","status":"publish","type":"product","link":"https:\/\/singuli.wpress.me\/index.php\/proizvod\/dr-oetker-kremfix-10-g\/","title":{"rendered":"DR. OETKER, kremfix, 10\u00a0g"},"content":{"rendered":"<p>Dr. Oetker Kremfix ve\u0107 je dugi niz godina dokazani pomaga\u010d pri tradicionalnoj pripremi torta. Namjena mu je da tu\u010denom \u0161lagu daje \u010dvrsto\u0107u. A kad se posipa po biskvitu sprje\u010dava da nadjev natopi biskvit. Tako \u0107e torte imati jo\u0161 primamljiviji izgled i konzistenciju.<\/p>\n","protected":false},"excerpt":{"rendered":"<p>Pomaga\u010d pri tradicionalnoj pripremi torta<br \/>\nTu\u010denom \u0161lagu daje \u010dvrsto\u0107u<br \/>\nSprje\u010dava da nadjev natopi biskvit<\/p>\n","protected":false},"featured_media":45933,"template":"","meta":{"_seopress_robots_primary_cat":"","_seopress_titles_title":"","_seopress_titles_desc":"","_seopress_robots_index":"","iawp_total_views":0},"product_brand":[328],"product_cat":[261,270],"product_tag":[],"class_list":{"0":"post-45932","1":"product","2":"type-product","3":"status-publish","4":"has-post-thumbnail","6":"product_brand-dr-oetker","7":"product_cat-hrana-i-pice","8":"product_cat-slasticarstvo-261","10":"first","11":"outofstock","12":"shipping-taxable","13":"purchasable","14":"product-type-simple"},"_links":{"self":[{"href":"https:\/\/singuli.wpress.me\/index.php\/wp-json\/wp\/v2\/product\/45932","targetHints":{"allow":["GET"]}}],"collection":[{"href":"https:\/\/singuli.wpress.me\/index.php\/wp-json\/wp\/v2\/product"}],"about":[{"href":"https:\/\/singuli.wpress.me\/index.php\/wp-json\/wp\/v2\/types\/product"}],"version-history":[{"count":0,"href":"https:\/\/singuli.wpress.me\/index.php\/wp-json\/wp\/v2\/product\/45932\/revisions"}],"wp:featuredmedia":[{"embeddable":true,"href":"https:\/\/singuli.wpress.me\/index.php\/wp-json\/wp\/v2\/media\/45933"}],"wp:attachment":[{"href":"https:\/\/singuli.wpress.me\/index.php\/wp-json\/wp\/v2\/media?parent=45932"}],"wp:term":[{"taxonomy":"product_brand","embeddable":true,"href":"https:\/\/singuli.wpress.me\/index.php\/wp-json\/wp\/v2\/product_brand?post=45932"},{"taxonomy":"product_cat","embeddable":true,"href":"https:\/\/singuli.wpress.me\/index.php\/wp-json\/wp\/v2\/product_cat?post=45932"},{"taxonomy":"product_tag","embeddable":true,"href":"https:\/\/singuli.wpress.me\/index.php\/wp-json\/wp\/v2\/product_tag?post=45932"}],"curies":[{"name":"wp","href":"https:\/\/api.w.org\/{rel}","templated":true}]}}