{"id":45947,"date":"2026-04-21T00:29:11","date_gmt":"2026-04-21T00:29:11","guid":{"rendered":"https:\/\/singuli.wpress.me\/index.php\/proizvod\/tikves-tikvesko-crno-vino-3-l\/"},"modified":"2026-04-21T00:29:11","modified_gmt":"2026-04-21T00:29:11","slug":"tikves-tikvesko-crno-vino-3-l","status":"publish","type":"product","link":"https:\/\/singuli.wpress.me\/index.php\/proizvod\/tikves-tikvesko-crno-vino-3-l\/","title":{"rendered":"TIKVE\u0160 Tikve\u0161ko, crno vino, 3\u00a0l"},"content":{"rendered":"<p>Mje\u0161avina Krato\u0161ije i Merlota.<\/p>\n<p>Crno suho vino tamne rubin crvene boje, diskretne arome \u0161umskog vo\u0107a i harmoni\u010dnog okusa.<\/p>\n","protected":false},"excerpt":{"rendered":"<p>Stoljetna tradicija vinarije<br \/>\nBogati harmoni\u010dan okus<br \/>\nUgodan miris<\/p>\n","protected":false},"featured_media":45948,"template":"","meta":{"_seopress_robots_primary_cat":"","_seopress_titles_title":"","_seopress_titles_desc":"","_seopress_robots_index":"","iawp_total_views":0},"product_brand":[470],"product_cat":[298,261],"product_tag":[],"class_list":{"0":"post-45947","1":"product","2":"type-product","3":"status-publish","4":"has-post-thumbnail","6":"product_brand-tikves","7":"product_cat-alkoholna-pica-261","8":"product_cat-hrana-i-pice","10":"first","11":"instock","12":"shipping-taxable","13":"purchasable","14":"product-type-simple"},"_links":{"self":[{"href":"https:\/\/singuli.wpress.me\/index.php\/wp-json\/wp\/v2\/product\/45947","targetHints":{"allow":["GET"]}}],"collection":[{"href":"https:\/\/singuli.wpress.me\/index.php\/wp-json\/wp\/v2\/product"}],"about":[{"href":"https:\/\/singuli.wpress.me\/index.php\/wp-json\/wp\/v2\/types\/product"}],"version-history":[{"count":0,"href":"https:\/\/singuli.wpress.me\/index.php\/wp-json\/wp\/v2\/product\/45947\/revisions"}],"wp:featuredmedia":[{"embeddable":true,"href":"https:\/\/singuli.wpress.me\/index.php\/wp-json\/wp\/v2\/media\/45948"}],"wp:attachment":[{"href":"https:\/\/singuli.wpress.me\/index.php\/wp-json\/wp\/v2\/media?parent=45947"}],"wp:term":[{"taxonomy":"product_brand","embeddable":true,"href":"https:\/\/singuli.wpress.me\/index.php\/wp-json\/wp\/v2\/product_brand?post=45947"},{"taxonomy":"product_cat","embeddable":true,"href":"https:\/\/singuli.wpress.me\/index.php\/wp-json\/wp\/v2\/product_cat?post=45947"},{"taxonomy":"product_tag","embeddable":true,"href":"https:\/\/singuli.wpress.me\/index.php\/wp-json\/wp\/v2\/product_tag?post=45947"}],"curies":[{"name":"wp","href":"https:\/\/api.w.org\/{rel}","templated":true}]}}