{"id":45954,"date":"2026-04-21T00:29:14","date_gmt":"2026-04-21T00:29:14","guid":{"rendered":"https:\/\/singuli.wpress.me\/index.php\/proizvod\/dr-oetker-konzervans-8-g\/"},"modified":"2026-04-21T00:29:14","modified_gmt":"2026-04-21T00:29:14","slug":"dr-oetker-konzervans-8-g","status":"publish","type":"product","link":"https:\/\/singuli.wpress.me\/index.php\/proizvod\/dr-oetker-konzervans-8-g\/","title":{"rendered":"DR. OETKER, konzervans, 8\u00a0g"},"content":{"rendered":"<p>Dr. Oetker Konzervans osigurava Va\u0161em konzerviranom vo\u0107u i povr\u0107u\u00a0 dulju trajnost u staklenkama te \u0161titi od vrenja i plijesni.<\/p>\n","protected":false},"excerpt":{"rendered":"<p>\u0160titi od vrenja ukuhanog vo\u0107a ili povr\u0107a<br \/>\n\u0160titi os vranja i plijesni<br \/>\nJedna vre\u0107ica za 5kg ukuhaog vo\u0107a ili povr\u0107a<\/p>\n","protected":false},"featured_media":45955,"template":"","meta":{"_seopress_robots_primary_cat":"","_seopress_titles_title":"","_seopress_titles_desc":"","_seopress_robots_index":"","iawp_total_views":0},"product_brand":[328],"product_cat":[261,299],"product_tag":[],"class_list":{"0":"post-45954","1":"product","2":"type-product","3":"status-publish","4":"has-post-thumbnail","6":"product_brand-dr-oetker","7":"product_cat-hrana-i-pice","8":"product_cat-konzervirana-i-gotova-hrana-261","10":"first","11":"outofstock","12":"shipping-taxable","13":"purchasable","14":"product-type-simple"},"_links":{"self":[{"href":"https:\/\/singuli.wpress.me\/index.php\/wp-json\/wp\/v2\/product\/45954","targetHints":{"allow":["GET"]}}],"collection":[{"href":"https:\/\/singuli.wpress.me\/index.php\/wp-json\/wp\/v2\/product"}],"about":[{"href":"https:\/\/singuli.wpress.me\/index.php\/wp-json\/wp\/v2\/types\/product"}],"version-history":[{"count":0,"href":"https:\/\/singuli.wpress.me\/index.php\/wp-json\/wp\/v2\/product\/45954\/revisions"}],"wp:featuredmedia":[{"embeddable":true,"href":"https:\/\/singuli.wpress.me\/index.php\/wp-json\/wp\/v2\/media\/45955"}],"wp:attachment":[{"href":"https:\/\/singuli.wpress.me\/index.php\/wp-json\/wp\/v2\/media?parent=45954"}],"wp:term":[{"taxonomy":"product_brand","embeddable":true,"href":"https:\/\/singuli.wpress.me\/index.php\/wp-json\/wp\/v2\/product_brand?post=45954"},{"taxonomy":"product_cat","embeddable":true,"href":"https:\/\/singuli.wpress.me\/index.php\/wp-json\/wp\/v2\/product_cat?post=45954"},{"taxonomy":"product_tag","embeddable":true,"href":"https:\/\/singuli.wpress.me\/index.php\/wp-json\/wp\/v2\/product_tag?post=45954"}],"curies":[{"name":"wp","href":"https:\/\/api.w.org\/{rel}","templated":true}]}}