{"id":45963,"date":"2026-04-21T00:29:19","date_gmt":"2026-04-21T00:29:19","guid":{"rendered":"https:\/\/singuli.wpress.me\/index.php\/proizvod\/gillette-platinum-jednokratne-britvice-5-kom-2\/"},"modified":"2026-04-21T00:29:19","modified_gmt":"2026-04-21T00:29:19","slug":"gillette-platinum-jednokratne-britvice-5-kom-2","status":"publish","type":"product","link":"https:\/\/singuli.wpress.me\/index.php\/proizvod\/gillette-platinum-jednokratne-britvice-5-kom-2\/","title":{"rendered":"GILLETTE Platinum, jednokratne britvice, 5\u00a0kom"},"content":{"rendered":"<p>Britvice Gillette Platinum s dvostrukom o\u0161tricom od nehr\u0111aju\u0107eg \u010delika pru\u017eaju glatko brijanje kao kada se koriste u brija\u010dnicama.<\/p>\n","protected":false},"excerpt":{"rendered":"<p>O\u0161trica od nehr\u0111aju\u0107eg \u010delika<br \/>\nGillette &#8211; najbolje za mu\u0161karce<br \/>\nPakiranje od 5 komada<\/p>\n","protected":false},"featured_media":45964,"template":"","meta":{"_seopress_robots_primary_cat":"","_seopress_titles_title":"","_seopress_titles_desc":"","_seopress_robots_index":"","iawp_total_views":0},"product_brand":[323],"product_cat":[280,192,279],"product_tag":[],"class_list":{"0":"post-45963","1":"product","2":"type-product","3":"status-publish","4":"has-post-thumbnail","6":"product_brand-gillette","7":"product_cat-aparati-za-muskarce-279","8":"product_cat-aparati-za-osobnu-njegu","9":"product_cat-brijanje-i-sisanje-192","11":"first","12":"outofstock","13":"shipping-taxable","14":"purchasable","15":"product-type-simple"},"_links":{"self":[{"href":"https:\/\/singuli.wpress.me\/index.php\/wp-json\/wp\/v2\/product\/45963","targetHints":{"allow":["GET"]}}],"collection":[{"href":"https:\/\/singuli.wpress.me\/index.php\/wp-json\/wp\/v2\/product"}],"about":[{"href":"https:\/\/singuli.wpress.me\/index.php\/wp-json\/wp\/v2\/types\/product"}],"version-history":[{"count":0,"href":"https:\/\/singuli.wpress.me\/index.php\/wp-json\/wp\/v2\/product\/45963\/revisions"}],"wp:featuredmedia":[{"embeddable":true,"href":"https:\/\/singuli.wpress.me\/index.php\/wp-json\/wp\/v2\/media\/45964"}],"wp:attachment":[{"href":"https:\/\/singuli.wpress.me\/index.php\/wp-json\/wp\/v2\/media?parent=45963"}],"wp:term":[{"taxonomy":"product_brand","embeddable":true,"href":"https:\/\/singuli.wpress.me\/index.php\/wp-json\/wp\/v2\/product_brand?post=45963"},{"taxonomy":"product_cat","embeddable":true,"href":"https:\/\/singuli.wpress.me\/index.php\/wp-json\/wp\/v2\/product_cat?post=45963"},{"taxonomy":"product_tag","embeddable":true,"href":"https:\/\/singuli.wpress.me\/index.php\/wp-json\/wp\/v2\/product_tag?post=45963"}],"curies":[{"name":"wp","href":"https:\/\/api.w.org\/{rel}","templated":true}]}}