{"id":45988,"date":"2026-04-21T00:29:31","date_gmt":"2026-04-21T00:29:31","guid":{"rendered":"https:\/\/singuli.wpress.me\/index.php\/proizvod\/glade-apple-cosy-cider-punjenje-za-automatski-osvjezivac-zraka-269-ml\/"},"modified":"2026-04-21T00:29:31","modified_gmt":"2026-04-21T00:29:31","slug":"glade-apple-cosy-cider-punjenje-za-automatski-osvjezivac-zraka-269-ml","status":"publish","type":"product","link":"https:\/\/singuli.wpress.me\/index.php\/proizvod\/glade-apple-cosy-cider-punjenje-za-automatski-osvjezivac-zraka-269-ml\/","title":{"rendered":"GLADE Apple Cosy Cider, punjenje za automatski osvje\u017eiva\u010d zraka, 269\u00a0ml"},"content":{"rendered":"<p>Glade\u00ae Automatski osvje\u017eiva\u010d zraka osigurava pouzdanu svje\u017einu u svakoj prostoriji do 60 dana.<\/p>\n<p>Inspirirajte se blagdanskim mirisima zimskih za\u010dina i svje\u017eeg soka od jabuke i zapo\u010dnite dugo o\u010dekivanu zabavu u svom domu.<\/p>\n<p>Upute za kori\u0161tenje:<br \/>\n1. Postavke mjera\u010da vremena: Odaberite jednu od tri vremenske postavke za odabir u\u010destalosti otpu\u0161tanja mirisa: svakih 9, 18, 36 minuta.<br \/>\n2. Pritisnite gumb na stra\u017enjoj strani za da\u0161ak svje\u017eine.<br \/>\n3. Emisija mirisa svakih 36 minuta traje do 60 dana.<br \/>\n4. Ispravno umetnite baterije (+\/-). Koristite samo AA baterije.<br \/>\n5. Uvijek dr\u017eite usta osvje\u017eiva\u010da podalje od lica.<\/p>\n<p>Pakiranje sadr\u017ei: 1 automatski osvje\u017eiva\u010d zraka, 2x AA baterije i 1 punja\u010d<\/p>\n","protected":false},"excerpt":{"rendered":"<p>Set sadr\u017ei bazu i punjenje<br \/>\nDo 60 dana svje\u017eine<br \/>\nMirisne note zimskih za\u010dina i svje\u017eeg soka jabuke<\/p>\n","protected":false},"featured_media":45989,"template":"","meta":{"_seopress_robots_primary_cat":"","_seopress_titles_title":"","_seopress_titles_desc":"","_seopress_robots_index":"","iawp_total_views":0},"product_brand":[405],"product_cat":[243,272],"product_tag":[],"class_list":{"0":"post-45988","1":"product","2":"type-product","3":"status-publish","4":"has-post-thumbnail","6":"product_brand-glade","7":"product_cat-automobili-i-motori","8":"product_cat-motorna-ulja-243","10":"first","11":"outofstock","12":"shipping-taxable","13":"purchasable","14":"product-type-simple"},"_links":{"self":[{"href":"https:\/\/singuli.wpress.me\/index.php\/wp-json\/wp\/v2\/product\/45988","targetHints":{"allow":["GET"]}}],"collection":[{"href":"https:\/\/singuli.wpress.me\/index.php\/wp-json\/wp\/v2\/product"}],"about":[{"href":"https:\/\/singuli.wpress.me\/index.php\/wp-json\/wp\/v2\/types\/product"}],"version-history":[{"count":0,"href":"https:\/\/singuli.wpress.me\/index.php\/wp-json\/wp\/v2\/product\/45988\/revisions"}],"wp:featuredmedia":[{"embeddable":true,"href":"https:\/\/singuli.wpress.me\/index.php\/wp-json\/wp\/v2\/media\/45989"}],"wp:attachment":[{"href":"https:\/\/singuli.wpress.me\/index.php\/wp-json\/wp\/v2\/media?parent=45988"}],"wp:term":[{"taxonomy":"product_brand","embeddable":true,"href":"https:\/\/singuli.wpress.me\/index.php\/wp-json\/wp\/v2\/product_brand?post=45988"},{"taxonomy":"product_cat","embeddable":true,"href":"https:\/\/singuli.wpress.me\/index.php\/wp-json\/wp\/v2\/product_cat?post=45988"},{"taxonomy":"product_tag","embeddable":true,"href":"https:\/\/singuli.wpress.me\/index.php\/wp-json\/wp\/v2\/product_tag?post=45988"}],"curies":[{"name":"wp","href":"https:\/\/api.w.org\/{rel}","templated":true}]}}