{"id":45991,"date":"2026-04-21T00:29:31","date_gmt":"2026-04-21T00:29:31","guid":{"rendered":"https:\/\/singuli.wpress.me\/index.php\/proizvod\/becutan-tekuci-deterdzent-za-pranje-rublja-2-l\/"},"modified":"2026-04-21T00:29:31","modified_gmt":"2026-04-21T00:29:31","slug":"becutan-tekuci-deterdzent-za-pranje-rublja-2-l","status":"publish","type":"product","link":"https:\/\/singuli.wpress.me\/index.php\/proizvod\/becutan-tekuci-deterdzent-za-pranje-rublja-2-l\/","title":{"rendered":"BECUTAN, teku\u0107i deterd\u017eent za pranje rublja, 2\u00a0l"},"content":{"rendered":"<p>Becutan teku\u0107i deterd\u017eent predstavlja savr\u0161en spoj snage i nje\u017enosti. Njegova lagana formula oboga\u0107ena enzimima u\u010dinkovito uklanja ne\u010disto\u0107e i najtvrdokornije mrlje, istovremeno \u0161tite\u0107i osjetljivu dje\u010dju ko\u017eu. Namijenjen je za ru\u010dno i strojno pranje na temperaturama od 30 do 90\u00b0C, osiguravaju\u0107i sigurne i \u010diste rezultate pri svakom pranju. Proizvod je dermatolo\u0161ki testiran, \u0161to ga \u010dini idealnim izborom za bebe, djecu te odrasle s osjetljivom ko\u017eom.<\/p>\n","protected":false},"excerpt":{"rendered":"<p>Posebno razvijena formula koja ciljano djeluje na mrlje, ostavljaju\u0107i odje\u0107u besprijekorno \u010distom<br \/>\nKlini\u010dki potvr\u0111ena sigurnost za osjetljivu ko\u017eu, bez izazivanja iritacija<br \/>\nU\u010dinkovit u \u0161irokom temperaturnom rasponu (30-90\u00b0C) za sve vrste tkanina.<\/p>\n","protected":false},"featured_media":45992,"template":"","meta":{"_seopress_robots_primary_cat":"","_seopress_titles_title":"","_seopress_titles_desc":"","_seopress_robots_index":"","iawp_total_views":0},"product_brand":[803],"product_cat":[283,238],"product_tag":[],"class_list":{"0":"post-45991","1":"product","2":"type-product","3":"status-publish","4":"has-post-thumbnail","6":"product_brand-becutan","7":"product_cat-pranje-rublja-238","8":"product_cat-sve-za-dom","10":"first","11":"instock","12":"shipping-taxable","13":"purchasable","14":"product-type-simple"},"_links":{"self":[{"href":"https:\/\/singuli.wpress.me\/index.php\/wp-json\/wp\/v2\/product\/45991","targetHints":{"allow":["GET"]}}],"collection":[{"href":"https:\/\/singuli.wpress.me\/index.php\/wp-json\/wp\/v2\/product"}],"about":[{"href":"https:\/\/singuli.wpress.me\/index.php\/wp-json\/wp\/v2\/types\/product"}],"version-history":[{"count":0,"href":"https:\/\/singuli.wpress.me\/index.php\/wp-json\/wp\/v2\/product\/45991\/revisions"}],"wp:featuredmedia":[{"embeddable":true,"href":"https:\/\/singuli.wpress.me\/index.php\/wp-json\/wp\/v2\/media\/45992"}],"wp:attachment":[{"href":"https:\/\/singuli.wpress.me\/index.php\/wp-json\/wp\/v2\/media?parent=45991"}],"wp:term":[{"taxonomy":"product_brand","embeddable":true,"href":"https:\/\/singuli.wpress.me\/index.php\/wp-json\/wp\/v2\/product_brand?post=45991"},{"taxonomy":"product_cat","embeddable":true,"href":"https:\/\/singuli.wpress.me\/index.php\/wp-json\/wp\/v2\/product_cat?post=45991"},{"taxonomy":"product_tag","embeddable":true,"href":"https:\/\/singuli.wpress.me\/index.php\/wp-json\/wp\/v2\/product_tag?post=45991"}],"curies":[{"name":"wp","href":"https:\/\/api.w.org\/{rel}","templated":true}]}}