{"id":45993,"date":"2026-04-21T00:29:31","date_gmt":"2026-04-21T00:29:31","guid":{"rendered":"https:\/\/singuli.wpress.me\/index.php\/proizvod\/braun-yk-81ceu-pulsni-oksimetar\/"},"modified":"2026-04-21T00:29:32","modified_gmt":"2026-04-21T00:29:32","slug":"braun-yk-81ceu-pulsni-oksimetar","status":"publish","type":"product","link":"https:\/\/singuli.wpress.me\/index.php\/proizvod\/braun-yk-81ceu-pulsni-oksimetar\/","title":{"rendered":"BRAUN YK-81CEU, pulsni oksimetar"},"content":{"rendered":"<p>Pulsni oksimetar mjeri razinu kisika u krvi (zasi\u0107enost kisikom ili %SpO2), brzinu pulsa i amplitudu pulsa te prikazuje klini\u010dki pouzdane rezultate u skladu s europskim standardima na rotiraju\u0107em OLED zaslonu s pozadinskim osvjetljenjem. Kad se ka\u017eiprst umetne u fotoelektri\u010dni senzor vrha prsta, zaslon ure\u0111aja prikazat \u0107e izmjerenu vrijednost %SpO2 i brzinu pulsa, kao i okomiti trakasti grafikon koji prikazuje amplitudu pulsa. <\/p>\n<p>Na\u010din \u010duvanja: Na suhom mjestu na sobnoj temperaturi, za\u0161ti\u0107en od direktne sun\u010deve svjetlosti i pra\u0161ine.<\/p>\n","protected":false},"excerpt":{"rendered":"<p>Mjeri razinu kisika u krvi, brzinu pulsa i amplitudu pulsa<br \/>\nPrikazuje klini\u010dki pouzdane rezultate<br \/>\nRotiraju\u0107i OLED zaslon s pozadinskim osvjetljenjem<\/p>\n","protected":false},"featured_media":45994,"template":"","meta":{"_seopress_robots_primary_cat":"","_seopress_titles_title":"","_seopress_titles_desc":"","_seopress_robots_index":"","iawp_total_views":0},"product_brand":[144],"product_cat":[192,267],"product_tag":[],"class_list":{"0":"post-45993","1":"product","2":"type-product","3":"status-publish","4":"has-post-thumbnail","6":"product_brand-braun","7":"product_cat-aparati-za-osobnu-njegu","8":"product_cat-zdravstveni-uredaji-192","10":"first","11":"instock","12":"shipping-taxable","13":"purchasable","14":"product-type-simple"},"_links":{"self":[{"href":"https:\/\/singuli.wpress.me\/index.php\/wp-json\/wp\/v2\/product\/45993","targetHints":{"allow":["GET"]}}],"collection":[{"href":"https:\/\/singuli.wpress.me\/index.php\/wp-json\/wp\/v2\/product"}],"about":[{"href":"https:\/\/singuli.wpress.me\/index.php\/wp-json\/wp\/v2\/types\/product"}],"version-history":[{"count":0,"href":"https:\/\/singuli.wpress.me\/index.php\/wp-json\/wp\/v2\/product\/45993\/revisions"}],"wp:featuredmedia":[{"embeddable":true,"href":"https:\/\/singuli.wpress.me\/index.php\/wp-json\/wp\/v2\/media\/45994"}],"wp:attachment":[{"href":"https:\/\/singuli.wpress.me\/index.php\/wp-json\/wp\/v2\/media?parent=45993"}],"wp:term":[{"taxonomy":"product_brand","embeddable":true,"href":"https:\/\/singuli.wpress.me\/index.php\/wp-json\/wp\/v2\/product_brand?post=45993"},{"taxonomy":"product_cat","embeddable":true,"href":"https:\/\/singuli.wpress.me\/index.php\/wp-json\/wp\/v2\/product_cat?post=45993"},{"taxonomy":"product_tag","embeddable":true,"href":"https:\/\/singuli.wpress.me\/index.php\/wp-json\/wp\/v2\/product_tag?post=45993"}],"curies":[{"name":"wp","href":"https:\/\/api.w.org\/{rel}","templated":true}]}}