{"id":45998,"date":"2026-04-21T00:29:33","date_gmt":"2026-04-21T00:29:33","guid":{"rendered":"https:\/\/singuli.wpress.me\/index.php\/proizvod\/barbie-lutka-moja-prva-barbie\/"},"modified":"2026-04-21T00:29:33","modified_gmt":"2026-04-21T00:29:33","slug":"barbie-lutka-moja-prva-barbie","status":"publish","type":"product","link":"https:\/\/singuli.wpress.me\/index.php\/proizvod\/barbie-lutka-moja-prva-barbie\/","title":{"rendered":"BARBIE, lutka, Moja prva Barbie"},"content":{"rendered":"<p>Dobrodo\u0161li u dra\u017eesni svijet My First Barbie\u2122 lutke, gdje prijateljstva po\u010dinju i ma\u0161ta raste! Djeca pred\u0161kolske dobi mogu se igrati i rasti uz lutke i setove My First Barbie\u2122.<br \/>\nOva lutka Barbie\u00ae \u201cMalibu\u201d Roberts od 34,29cm inspirirana je njezinim likom u YouTube seriji My First Barbie\u2122. Ve\u0107a je od tradicionalne Barbie lutke, ima mekani torzo i udove koji olak\u0161avaju rukovanje, no\u0161enje i odijevanje u prvim Babie pustolovinama.<\/p>\n<p>Njezina haljina ima preslatke printane detalje i savr\u0161ene volane! Lako zatvaranje na le\u0111ima napravljeno je za one najmanje ruke kako bi se razvijala njihova motorika i spretnost te kako bi igre obla\u010denja bile \u0161to jednostavnije i zabavnije. <br \/>\nIma torbicu u obliku srca, nosi preslatku ma\u0161nu za kosu i na sebi ima visoke plave potpetice!<\/p>\n<p>Barbie\u00ae \u201cMalibu\u201d lutka ima dugu plavu kosu, a u kompletu dolazi i velika \u010detka za \u010de\u0161ljanje i kreiranje frizura koju \u0107e djeca obo\u017eavati koristiti, a na taj na\u010din u\u010de o osobnoj njezi i razvijaju svoju spretnost.My First Barbie\u2122 lutka savr\u0161en je dar za djecu koja \u0107e istra\u017eivati pri\u010de o prijateljstvu i u\u0107i u kreativni svijet ma\u0161te!<\/p>\n<p>Boje i ukrasi mogu varirati.<\/p>\n","protected":false},"excerpt":{"rendered":"<p>Razni dodaci u setu<br \/>\nBoje i ukrasi mogu varirati<br \/>\nNamijenjeno djeci pred\u0161kolske dobi<\/p>\n","protected":false},"featured_media":45999,"template":"","meta":{"_seopress_robots_primary_cat":"","_seopress_titles_title":"","_seopress_titles_desc":"","_seopress_robots_index":"","iawp_total_views":0},"product_brand":[324],"product_cat":[221,291],"product_tag":[],"class_list":{"0":"post-45998","1":"product","2":"type-product","3":"status-publish","4":"has-post-thumbnail","6":"product_brand-barbie","7":"product_cat-igracke","8":"product_cat-igracke-za-djecu-221","10":"first","11":"outofstock","12":"shipping-taxable","13":"purchasable","14":"product-type-simple"},"_links":{"self":[{"href":"https:\/\/singuli.wpress.me\/index.php\/wp-json\/wp\/v2\/product\/45998","targetHints":{"allow":["GET"]}}],"collection":[{"href":"https:\/\/singuli.wpress.me\/index.php\/wp-json\/wp\/v2\/product"}],"about":[{"href":"https:\/\/singuli.wpress.me\/index.php\/wp-json\/wp\/v2\/types\/product"}],"version-history":[{"count":0,"href":"https:\/\/singuli.wpress.me\/index.php\/wp-json\/wp\/v2\/product\/45998\/revisions"}],"wp:featuredmedia":[{"embeddable":true,"href":"https:\/\/singuli.wpress.me\/index.php\/wp-json\/wp\/v2\/media\/45999"}],"wp:attachment":[{"href":"https:\/\/singuli.wpress.me\/index.php\/wp-json\/wp\/v2\/media?parent=45998"}],"wp:term":[{"taxonomy":"product_brand","embeddable":true,"href":"https:\/\/singuli.wpress.me\/index.php\/wp-json\/wp\/v2\/product_brand?post=45998"},{"taxonomy":"product_cat","embeddable":true,"href":"https:\/\/singuli.wpress.me\/index.php\/wp-json\/wp\/v2\/product_cat?post=45998"},{"taxonomy":"product_tag","embeddable":true,"href":"https:\/\/singuli.wpress.me\/index.php\/wp-json\/wp\/v2\/product_tag?post=45998"}],"curies":[{"name":"wp","href":"https:\/\/api.w.org\/{rel}","templated":true}]}}