{"id":46012,"date":"2026-04-21T00:29:37","date_gmt":"2026-04-21T00:29:37","guid":{"rendered":"https:\/\/singuli.wpress.me\/index.php\/proizvod\/ecover-visenamjensko-sredstvo-za-ciscenje-u-spreju-500-ml\/"},"modified":"2026-04-21T00:29:37","modified_gmt":"2026-04-21T00:29:37","slug":"ecover-visenamjensko-sredstvo-za-ciscenje-u-spreju-500-ml","status":"publish","type":"product","link":"https:\/\/singuli.wpress.me\/index.php\/proizvod\/ecover-visenamjensko-sredstvo-za-ciscenje-u-spreju-500-ml\/","title":{"rendered":"ECOVER, vi\u0161enamjensko sredstvo za \u010di\u0161\u0107enje, u spreju, 500\u00a0ml"},"content":{"rendered":"<p>ECOVER\u00ae vi\u0161enamjensko sredstvo za \u010di\u0161\u0107enje na\u0161 je saveznik u revoluciji za \u010disti svijet. <\/p>\n<p>Vi\u0161estruko djelovanje biorazgradivih sastojaka na biljnoj bazi obranit \u0107e va\u0161 dom od masno\u0107a i prljav\u0161tine. <\/p>\n<p>Formula je napravljena od 100 % sastojaka bez palminog ulja. <\/p>\n<p>Proizvod je pogodan za vegane. <\/p>\n<p>ECOVER\u00ae vi\u0161enamjensko sredstvo za \u010di\u0161\u0107enje proizvedeno je u na\u0161oj tvornici s certifikatom Zero Waste na bazi stope preusmjeravanja otpada od 95 %. <\/p>\n<p>Nije testiran na \u017eivotinjama. <\/p>\n<p>Pakiranje je napravljeno od 100 % kori\u0161tene reciklirane plastike, dok je raspr\u0161iva\u010d napravljen od 30 % kori\u0161tene reciklirane plastike. <\/p>\n<p>Ispunite va\u0161 dom mirisima limunske trave i naran\u010de.<\/p>\n","protected":false},"excerpt":{"rendered":"<p>Protiv masno\u0107a i prljav\u0161tine<br \/>\nSna\u017eni biorazgradivi sastojci na biljnoj bazi<br \/>\nVi\u0161estruko djelovanje<\/p>\n","protected":false},"featured_media":46013,"template":"","meta":{"_seopress_robots_primary_cat":"","_seopress_titles_title":"","_seopress_titles_desc":"","_seopress_robots_index":"","iawp_total_views":0},"product_brand":[790],"product_cat":[284,238],"product_tag":[],"class_list":{"0":"post-46012","1":"product","2":"type-product","3":"status-publish","4":"has-post-thumbnail","6":"product_brand-ecover","7":"product_cat-sredstva-za-ciscenje-238","8":"product_cat-sve-za-dom","10":"first","11":"instock","12":"shipping-taxable","13":"purchasable","14":"product-type-simple"},"_links":{"self":[{"href":"https:\/\/singuli.wpress.me\/index.php\/wp-json\/wp\/v2\/product\/46012","targetHints":{"allow":["GET"]}}],"collection":[{"href":"https:\/\/singuli.wpress.me\/index.php\/wp-json\/wp\/v2\/product"}],"about":[{"href":"https:\/\/singuli.wpress.me\/index.php\/wp-json\/wp\/v2\/types\/product"}],"version-history":[{"count":0,"href":"https:\/\/singuli.wpress.me\/index.php\/wp-json\/wp\/v2\/product\/46012\/revisions"}],"wp:featuredmedia":[{"embeddable":true,"href":"https:\/\/singuli.wpress.me\/index.php\/wp-json\/wp\/v2\/media\/46013"}],"wp:attachment":[{"href":"https:\/\/singuli.wpress.me\/index.php\/wp-json\/wp\/v2\/media?parent=46012"}],"wp:term":[{"taxonomy":"product_brand","embeddable":true,"href":"https:\/\/singuli.wpress.me\/index.php\/wp-json\/wp\/v2\/product_brand?post=46012"},{"taxonomy":"product_cat","embeddable":true,"href":"https:\/\/singuli.wpress.me\/index.php\/wp-json\/wp\/v2\/product_cat?post=46012"},{"taxonomy":"product_tag","embeddable":true,"href":"https:\/\/singuli.wpress.me\/index.php\/wp-json\/wp\/v2\/product_tag?post=46012"}],"curies":[{"name":"wp","href":"https:\/\/api.w.org\/{rel}","templated":true}]}}