{"id":46040,"date":"2026-04-21T00:29:47","date_gmt":"2026-04-21T00:29:47","guid":{"rendered":"https:\/\/singuli.wpress.me\/index.php\/proizvod\/hot-wheels-monster-trucks-autic-duopack\/"},"modified":"2026-04-23T00:28:09","modified_gmt":"2026-04-23T00:28:09","slug":"hot-wheels-monster-trucks-autic-duopack","status":"publish","type":"product","link":"https:\/\/singuli.wpress.me\/proizvod\/hot-wheels-monster-trucks-autic-duopack\/","title":{"rendered":"HOT WHEELS Monster Trucks, auti\u0107, duopack"},"content":{"rendered":"<p>Hot Wheels Monster Trucks auti\u0107i napravljeni su da razbiju i sru\u0161e sve \u0161to im se na\u0161e na putu!<br \/>\nOdlikuju se posebno velikim kota\u010dima, a svaki auti\u0107 sadr\u017ei i kolekcionarski kota\u010d.<br \/>\nKolekciju \u010dini 16 razli\u010ditih auti\u0107a.<br \/>\nSvaki Monster Truck posjeduje i svoju statistiku \u2013 detalje o svojoj snazi, broju sudara, motivaciji i jo\u0161 mnogo toga.\u00a0<\/p>\n","protected":false},"excerpt":{"rendered":"<p>16 razli\u010ditih auti\u0107a<br \/>\nSvaki Monster Truck posjeduje svoju statistiku<br \/>\nIgra\u010dka dolazi u vi\u0161e razli\u010ditih modela<\/p>\n","protected":false},"featured_media":46041,"template":"","meta":{"_seopress_robots_primary_cat":"","_seopress_titles_title":"","_seopress_titles_desc":"","_seopress_robots_index":"","iawp_total_views":0},"product_brand":[429],"product_cat":[243,273],"product_tag":[],"class_list":{"0":"post-46040","1":"product","2":"type-product","3":"status-publish","4":"has-post-thumbnail","6":"product_brand-hot-wheels","7":"product_cat-automobili-i-motori","8":"product_cat-njega-vozila-243","10":"first","11":"outofstock","12":"shipping-taxable","13":"purchasable","14":"product-type-simple"},"_links":{"self":[{"href":"https:\/\/singuli.wpress.me\/wp-json\/wp\/v2\/product\/46040","targetHints":{"allow":["GET"]}}],"collection":[{"href":"https:\/\/singuli.wpress.me\/wp-json\/wp\/v2\/product"}],"about":[{"href":"https:\/\/singuli.wpress.me\/wp-json\/wp\/v2\/types\/product"}],"version-history":[{"count":0,"href":"https:\/\/singuli.wpress.me\/wp-json\/wp\/v2\/product\/46040\/revisions"}],"wp:featuredmedia":[{"embeddable":true,"href":"https:\/\/singuli.wpress.me\/wp-json\/wp\/v2\/media\/46041"}],"wp:attachment":[{"href":"https:\/\/singuli.wpress.me\/wp-json\/wp\/v2\/media?parent=46040"}],"wp:term":[{"taxonomy":"product_brand","embeddable":true,"href":"https:\/\/singuli.wpress.me\/wp-json\/wp\/v2\/product_brand?post=46040"},{"taxonomy":"product_cat","embeddable":true,"href":"https:\/\/singuli.wpress.me\/wp-json\/wp\/v2\/product_cat?post=46040"},{"taxonomy":"product_tag","embeddable":true,"href":"https:\/\/singuli.wpress.me\/wp-json\/wp\/v2\/product_tag?post=46040"}],"curies":[{"name":"wp","href":"https:\/\/api.w.org\/{rel}","templated":true}]}}