{"id":46050,"date":"2026-04-21T00:29:55","date_gmt":"2026-04-21T00:29:55","guid":{"rendered":"https:\/\/singuli.wpress.me\/index.php\/proizvod\/jar-professional-lemon-kapsule-za-strojno-pranje-posuda-115-kom\/"},"modified":"2026-04-21T00:29:55","modified_gmt":"2026-04-21T00:29:55","slug":"jar-professional-lemon-kapsule-za-strojno-pranje-posuda-115-kom","status":"publish","type":"product","link":"https:\/\/singuli.wpress.me\/index.php\/proizvod\/jar-professional-lemon-kapsule-za-strojno-pranje-posuda-115-kom\/","title":{"rendered":"JAR PROFESSIONAL Lemon, kapsule za strojno pranje posu\u0111a, 115\u00a0kom"},"content":{"rendered":"<p style=\"margin-right: 0px;margin-bottom: 0px;margin-left: 0px;padding: 0px 0px 15px;border: 0px;font-family: Prompt, Arial, Helvetica, sans-serif;font-size: 16px\">Kapsule za strojno pranje posu\u0111a Jar All in One u trenu \u010diste posu\u0111e, a njihova formula uklanja \u010dak i osu\u0161enu masno\u0107u.<\/p>\n<p style=\"margin-right: 0px;margin-bottom: 0px;margin-left: 0px;padding: 0px 0px 15px;border: 0px;font-family: Prompt, Arial, Helvetica, sans-serif;font-size: 16px\">Jar Original kombinira teku\u0107inu i pra\u0161ak u jednu mo\u0107nu kapsulu. Omot kapsula rastapa se znatno br\u017ee od tvrdih tableta pa odmah po\u010dinju djelovati.<\/p>\n<p style=\"margin-right: 0px;margin-bottom: 0px;margin-left: 0px;padding: 0px 0px 15px;border: 0px;font-family: Prompt, Arial, Helvetica, sans-serif;font-size: 16px\">I vrlo su jednostavne za upotrebu. Samo stavite kapsulu u pretinac za deterd\u017eent u va\u0161oj perilici. Bez skidanja omota i bez nereda. Za ru\u010dno pranje posu\u0111a koristite teku\u0107i deterd\u017eent Jar.<\/p>\n<p style=\"margin-right: 0px;margin-bottom: 0px;margin-left: 0px;padding: 0px 0px 15px;border: 0px;font-family: Prompt, Arial, Helvetica, sans-serif;font-size: 16px\">Njegova koncentrirana formula trenuta\u010dno otapa masno\u0107u i su\u0111e ostavlja blistavo \u010distim. Snaga \u010di\u0161\u0107enja u koju se uvijek mo\u017eete pouzdati u pranju posu\u0111a.<\/p>\n<p style=\"margin-right: 0px;margin-bottom: 0px;margin-left: 0px;padding: 0px 0px 15px;border: 0px;font-family: Prompt, Arial, Helvetica, sans-serif;font-size: 16px\">Prikladno za sve profesionalne perilice posu\u0111a.<\/p>\n","protected":false},"excerpt":{"rendered":"<p>\u010ciste u trenu<br \/>\nU\u010dinkovito uklanjaju i sasu\u0161enu masno\u0107u<br \/>\nJednostavno kori\u0161tenje<\/p>\n","protected":false},"featured_media":46051,"template":"","meta":{"_seopress_robots_primary_cat":"","_seopress_titles_title":"","_seopress_titles_desc":"","_seopress_robots_index":"","iawp_total_views":0},"product_brand":[467],"product_cat":[274,238],"product_tag":[],"class_list":{"0":"post-46050","1":"product","2":"type-product","3":"status-publish","4":"has-post-thumbnail","6":"product_brand-jar-professional","7":"product_cat-kucanski-pribor-238","8":"product_cat-sve-za-dom","10":"first","11":"outofstock","12":"shipping-taxable","13":"purchasable","14":"product-type-simple"},"_links":{"self":[{"href":"https:\/\/singuli.wpress.me\/index.php\/wp-json\/wp\/v2\/product\/46050","targetHints":{"allow":["GET"]}}],"collection":[{"href":"https:\/\/singuli.wpress.me\/index.php\/wp-json\/wp\/v2\/product"}],"about":[{"href":"https:\/\/singuli.wpress.me\/index.php\/wp-json\/wp\/v2\/types\/product"}],"version-history":[{"count":0,"href":"https:\/\/singuli.wpress.me\/index.php\/wp-json\/wp\/v2\/product\/46050\/revisions"}],"wp:featuredmedia":[{"embeddable":true,"href":"https:\/\/singuli.wpress.me\/index.php\/wp-json\/wp\/v2\/media\/46051"}],"wp:attachment":[{"href":"https:\/\/singuli.wpress.me\/index.php\/wp-json\/wp\/v2\/media?parent=46050"}],"wp:term":[{"taxonomy":"product_brand","embeddable":true,"href":"https:\/\/singuli.wpress.me\/index.php\/wp-json\/wp\/v2\/product_brand?post=46050"},{"taxonomy":"product_cat","embeddable":true,"href":"https:\/\/singuli.wpress.me\/index.php\/wp-json\/wp\/v2\/product_cat?post=46050"},{"taxonomy":"product_tag","embeddable":true,"href":"https:\/\/singuli.wpress.me\/index.php\/wp-json\/wp\/v2\/product_tag?post=46050"}],"curies":[{"name":"wp","href":"https:\/\/api.w.org\/{rel}","templated":true}]}}