{"id":46060,"date":"2026-04-21T00:30:02","date_gmt":"2026-04-21T00:30:02","guid":{"rendered":"https:\/\/singuli.wpress.me\/index.php\/proizvod\/herba-kamilica-sampon-za-kosu-1000-ml\/"},"modified":"2026-04-21T00:30:02","modified_gmt":"2026-04-21T00:30:02","slug":"herba-kamilica-sampon-za-kosu-1000-ml","status":"publish","type":"product","link":"https:\/\/singuli.wpress.me\/index.php\/proizvod\/herba-kamilica-sampon-za-kosu-1000-ml\/","title":{"rendered":"HERBA kamilica, \u0161ampon za kosu, 1000\u00a0ml"},"content":{"rendered":"<p>Herba \u0161ampon od kamilice pru\u017ea iznimno nje\u017enu njegu uz prepoznatljiv, umiruju\u0107i miris ove ljekovite biljke. Zahvaljuju\u0107i svojim antisepti\u010dkim i smiruju\u0107im svojstvima, kamilica blagotvorno djeluje na vlasi\u0161te, dok istovremeno regenerira i omek\u0161ava svaku vlas. Redovitom uporabom kosa postaje vidljivo sjajnija, dobiva prirodan volumen te postaje laka za \u010de\u0161ljanje i oblikovanje. Ovaj je \u0161ampon savr\u0161en odabir za sve koji tra\u017ee prirodnu meko\u0107u i revitalizaciju kose.<\/p>\n","protected":false},"excerpt":{"rendered":"<p>Kamilica dubinski obnavlja strukturu vlasi, ostavljaju\u0107i kosu mekanom na dodir<br \/>\nZagla\u0111uje povr\u0161inu kose, \u010dime se zna\u010dajno olak\u0161ava ra\u0161\u010de\u0161ljavanje i sprje\u010dava kidanje vlasi<br \/>\nNjeguje osjetljivo vlasi\u0161te i pru\u017ea antisepti\u010dku za\u0161titu uz ugodan prirodni miris<\/p>\n","protected":false},"featured_media":46061,"template":"","meta":{"_seopress_robots_primary_cat":"","_seopress_titles_title":"","_seopress_titles_desc":"","_seopress_robots_index":"","iawp_total_views":0},"product_brand":[906],"product_cat":[268,300],"product_tag":[],"class_list":{"0":"post-46060","1":"product","2":"type-product","3":"status-publish","4":"has-post-thumbnail","6":"product_brand-herba","7":"product_cat-kozmetika-2","8":"product_cat-njega-kose-268","10":"first","11":"instock","12":"shipping-taxable","13":"purchasable","14":"product-type-simple"},"_links":{"self":[{"href":"https:\/\/singuli.wpress.me\/index.php\/wp-json\/wp\/v2\/product\/46060","targetHints":{"allow":["GET"]}}],"collection":[{"href":"https:\/\/singuli.wpress.me\/index.php\/wp-json\/wp\/v2\/product"}],"about":[{"href":"https:\/\/singuli.wpress.me\/index.php\/wp-json\/wp\/v2\/types\/product"}],"version-history":[{"count":0,"href":"https:\/\/singuli.wpress.me\/index.php\/wp-json\/wp\/v2\/product\/46060\/revisions"}],"wp:featuredmedia":[{"embeddable":true,"href":"https:\/\/singuli.wpress.me\/index.php\/wp-json\/wp\/v2\/media\/46061"}],"wp:attachment":[{"href":"https:\/\/singuli.wpress.me\/index.php\/wp-json\/wp\/v2\/media?parent=46060"}],"wp:term":[{"taxonomy":"product_brand","embeddable":true,"href":"https:\/\/singuli.wpress.me\/index.php\/wp-json\/wp\/v2\/product_brand?post=46060"},{"taxonomy":"product_cat","embeddable":true,"href":"https:\/\/singuli.wpress.me\/index.php\/wp-json\/wp\/v2\/product_cat?post=46060"},{"taxonomy":"product_tag","embeddable":true,"href":"https:\/\/singuli.wpress.me\/index.php\/wp-json\/wp\/v2\/product_tag?post=46060"}],"curies":[{"name":"wp","href":"https:\/\/api.w.org\/{rel}","templated":true}]}}