{"id":46075,"date":"2026-04-21T00:30:05","date_gmt":"2026-04-21T00:30:05","guid":{"rendered":"https:\/\/singuli.wpress.me\/index.php\/proizvod\/barbie-dreamtopia-sirena\/"},"modified":"2026-04-21T00:30:05","modified_gmt":"2026-04-21T00:30:05","slug":"barbie-dreamtopia-sirena","status":"publish","type":"product","link":"https:\/\/singuli.wpress.me\/index.php\/proizvod\/barbie-dreamtopia-sirena\/","title":{"rendered":"BARBIE Dreamtopia, sirena"},"content":{"rendered":"<p>\u200bOtkrijte magi\u010dan, ma\u0161toviti svijet Barbie Dreamtopie!<\/p>\n<p>Svaka sirena je iz jednog kraljevstva Dreamtopie: odaberi onu sa Svjetlucave planine, Dugine uvale ili Slatkograda.<\/p>\n<p>Boje i dekoracije mogu se razlikovati.<\/p>\n<p>Dob: 3+ godina.<\/p>\n<p>Igra\u010dka dolazi u vi\u0161e razli\u010ditih modela, a isporuka ovisi o njihovoj trenutnoj raspolo\u017eivosti. <\/p>\n","protected":false},"excerpt":{"rendered":"<p>Igra\u010dka dolazi u vi\u0161e razli\u010ditih modela<br \/>\nBoje i dekoracije mogu se razlikovati<br \/>\nDob: 3+ god<\/p>\n","protected":false},"featured_media":46076,"template":"","meta":{"_seopress_robots_primary_cat":"","_seopress_titles_title":"","_seopress_titles_desc":"","_seopress_robots_index":"","iawp_total_views":0},"product_brand":[324],"product_cat":[221,291],"product_tag":[],"class_list":{"0":"post-46075","1":"product","2":"type-product","3":"status-publish","4":"has-post-thumbnail","6":"product_brand-barbie","7":"product_cat-igracke","8":"product_cat-igracke-za-djecu-221","10":"first","11":"instock","12":"shipping-taxable","13":"purchasable","14":"product-type-simple"},"_links":{"self":[{"href":"https:\/\/singuli.wpress.me\/index.php\/wp-json\/wp\/v2\/product\/46075","targetHints":{"allow":["GET"]}}],"collection":[{"href":"https:\/\/singuli.wpress.me\/index.php\/wp-json\/wp\/v2\/product"}],"about":[{"href":"https:\/\/singuli.wpress.me\/index.php\/wp-json\/wp\/v2\/types\/product"}],"version-history":[{"count":0,"href":"https:\/\/singuli.wpress.me\/index.php\/wp-json\/wp\/v2\/product\/46075\/revisions"}],"wp:featuredmedia":[{"embeddable":true,"href":"https:\/\/singuli.wpress.me\/index.php\/wp-json\/wp\/v2\/media\/46076"}],"wp:attachment":[{"href":"https:\/\/singuli.wpress.me\/index.php\/wp-json\/wp\/v2\/media?parent=46075"}],"wp:term":[{"taxonomy":"product_brand","embeddable":true,"href":"https:\/\/singuli.wpress.me\/index.php\/wp-json\/wp\/v2\/product_brand?post=46075"},{"taxonomy":"product_cat","embeddable":true,"href":"https:\/\/singuli.wpress.me\/index.php\/wp-json\/wp\/v2\/product_cat?post=46075"},{"taxonomy":"product_tag","embeddable":true,"href":"https:\/\/singuli.wpress.me\/index.php\/wp-json\/wp\/v2\/product_tag?post=46075"}],"curies":[{"name":"wp","href":"https:\/\/api.w.org\/{rel}","templated":true}]}}