{"id":46081,"date":"2026-04-21T00:30:07","date_gmt":"2026-04-21T00:30:07","guid":{"rendered":"https:\/\/singuli.wpress.me\/index.php\/proizvod\/old-spice-dynamic-defense-poklon-paket-sprej-200ml-stick-65ml-igrace-karte\/"},"modified":"2026-04-23T00:28:09","modified_gmt":"2026-04-23T00:28:09","slug":"old-spice-dynamic-defense-poklon-paket-sprej-200ml-stick-65ml-igrace-karte","status":"publish","type":"product","link":"https:\/\/singuli.wpress.me\/proizvod\/old-spice-dynamic-defense-poklon-paket-sprej-200ml-stick-65ml-igrace-karte\/","title":{"rendered":"OLD SPICE Dynamic Defense, poklon paket, sprej 200ml + stick 65ml + igra\u010de karte"},"content":{"rendered":"<p>Old Spice Dynamic Defense dezodorans pru\u017ea osje\u0107aj suho\u0107e i dugotrajnu za\u0161titu od neugodnih mirisa, do \u010dak 48 sati. Namijenjen je mu\u0161karcima koji tra\u017ee dezodorans bez aluminija ali sa dugotrajnom za\u0161titom od neugodnih mirisa. Vrhunski mirisi Old Spice u\u010dinit \u0107ete nezaboravnim i bit \u0107e\u0161 doslovno sredi\u0161te svemira, a ne\u0107e ostaviti \u017eute mrlje ni bijele tragove na odje\u0107i. Za\u0161tita koju treba\u0161 i miris koji zaslu\u017euje\u0161!<\/p>\n","protected":false},"excerpt":{"rendered":"<p>Old Spice Dynamic Defense dezodorans pru\u017ea osje\u0107aj suho\u0107e i dugotrajnu za\u0161titu od neugodnih mirisa, do \u010dak 48 sati. Namijenjen je<\/p>\n","protected":false},"featured_media":46082,"template":"","meta":{"_seopress_robots_primary_cat":"","_seopress_titles_title":"","_seopress_titles_desc":"","_seopress_robots_index":"","iawp_total_views":0},"product_brand":[448],"product_cat":[261,277],"product_tag":[],"class_list":{"0":"post-46081","1":"product","2":"type-product","3":"status-publish","4":"has-post-thumbnail","6":"product_brand-old-spice","7":"product_cat-hrana-i-pice","8":"product_cat-slatkisi-i-grickalice-261","10":"first","11":"outofstock","12":"shipping-taxable","13":"purchasable","14":"product-type-simple"},"_links":{"self":[{"href":"https:\/\/singuli.wpress.me\/wp-json\/wp\/v2\/product\/46081","targetHints":{"allow":["GET"]}}],"collection":[{"href":"https:\/\/singuli.wpress.me\/wp-json\/wp\/v2\/product"}],"about":[{"href":"https:\/\/singuli.wpress.me\/wp-json\/wp\/v2\/types\/product"}],"version-history":[{"count":0,"href":"https:\/\/singuli.wpress.me\/wp-json\/wp\/v2\/product\/46081\/revisions"}],"wp:featuredmedia":[{"embeddable":true,"href":"https:\/\/singuli.wpress.me\/wp-json\/wp\/v2\/media\/46082"}],"wp:attachment":[{"href":"https:\/\/singuli.wpress.me\/wp-json\/wp\/v2\/media?parent=46081"}],"wp:term":[{"taxonomy":"product_brand","embeddable":true,"href":"https:\/\/singuli.wpress.me\/wp-json\/wp\/v2\/product_brand?post=46081"},{"taxonomy":"product_cat","embeddable":true,"href":"https:\/\/singuli.wpress.me\/wp-json\/wp\/v2\/product_cat?post=46081"},{"taxonomy":"product_tag","embeddable":true,"href":"https:\/\/singuli.wpress.me\/wp-json\/wp\/v2\/product_tag?post=46081"}],"curies":[{"name":"wp","href":"https:\/\/api.w.org\/{rel}","templated":true}]}}