{"id":46095,"date":"2026-04-21T00:30:16","date_gmt":"2026-04-21T00:30:16","guid":{"rendered":"https:\/\/singuli.wpress.me\/index.php\/proizvod\/honeywell-true-hepa-zamjenski-filter-hrf-q710e\/"},"modified":"2026-04-21T00:30:16","modified_gmt":"2026-04-21T00:30:16","slug":"honeywell-true-hepa-zamjenski-filter-hrf-q710e","status":"publish","type":"product","link":"https:\/\/singuli.wpress.me\/index.php\/proizvod\/honeywell-true-hepa-zamjenski-filter-hrf-q710e\/","title":{"rendered":"HONEYWELL True HEPA, zamjenski filter, HRF-Q710E"},"content":{"rendered":"<p>Zamjenski Hepa filter za Honeywell HPA710WE pro\u010di\u0161\u0107iva\u010d zraka za uklanjanje alergena.<br \/>\nFiltrira do 99,97% svih mikroskopskih \u010destica i alergena, npr. plijesan, spore, pelud, pra\u0161ina, dim i \u017eivotinjska perut.<\/p>\n","protected":false},"excerpt":{"rendered":"<p>Filtrira do 99,97% svih mikroskopskih \u010destica<br \/>\nZa Honeywell HPA710WE pro\u010di\u0161\u0107iva\u010d zraka<br \/>\nSadr\u017eaj: 1 komad<\/p>\n","protected":false},"featured_media":46096,"template":"","meta":{"_seopress_robots_primary_cat":"","_seopress_titles_title":"","_seopress_titles_desc":"","_seopress_robots_index":"","iawp_total_views":0},"product_brand":[506],"product_cat":[184,160],"product_tag":[],"class_list":{"0":"post-46095","1":"product","2":"type-product","3":"status-publish","4":"has-post-thumbnail","6":"product_brand-honeywell","7":"product_cat-kvaliteta-zraka-i-grijanje","8":"product_cat-mali-kucanski-aparati","10":"first","11":"outofstock","12":"shipping-taxable","13":"purchasable","14":"product-type-simple"},"_links":{"self":[{"href":"https:\/\/singuli.wpress.me\/index.php\/wp-json\/wp\/v2\/product\/46095","targetHints":{"allow":["GET"]}}],"collection":[{"href":"https:\/\/singuli.wpress.me\/index.php\/wp-json\/wp\/v2\/product"}],"about":[{"href":"https:\/\/singuli.wpress.me\/index.php\/wp-json\/wp\/v2\/types\/product"}],"version-history":[{"count":0,"href":"https:\/\/singuli.wpress.me\/index.php\/wp-json\/wp\/v2\/product\/46095\/revisions"}],"wp:featuredmedia":[{"embeddable":true,"href":"https:\/\/singuli.wpress.me\/index.php\/wp-json\/wp\/v2\/media\/46096"}],"wp:attachment":[{"href":"https:\/\/singuli.wpress.me\/index.php\/wp-json\/wp\/v2\/media?parent=46095"}],"wp:term":[{"taxonomy":"product_brand","embeddable":true,"href":"https:\/\/singuli.wpress.me\/index.php\/wp-json\/wp\/v2\/product_brand?post=46095"},{"taxonomy":"product_cat","embeddable":true,"href":"https:\/\/singuli.wpress.me\/index.php\/wp-json\/wp\/v2\/product_cat?post=46095"},{"taxonomy":"product_tag","embeddable":true,"href":"https:\/\/singuli.wpress.me\/index.php\/wp-json\/wp\/v2\/product_tag?post=46095"}],"curies":[{"name":"wp","href":"https:\/\/api.w.org\/{rel}","templated":true}]}}