{"id":46102,"date":"2026-04-21T00:30:21","date_gmt":"2026-04-21T00:30:21","guid":{"rendered":"https:\/\/singuli.wpress.me\/index.php\/proizvod\/fisher-price-vrtuljak-i-uredaj-za-umirivanje-sanjivo-nebo\/"},"modified":"2026-04-21T00:30:21","modified_gmt":"2026-04-21T00:30:21","slug":"fisher-price-vrtuljak-i-uredaj-za-umirivanje-sanjivo-nebo","status":"publish","type":"product","link":"https:\/\/singuli.wpress.me\/index.php\/proizvod\/fisher-price-vrtuljak-i-uredaj-za-umirivanje-sanjivo-nebo\/","title":{"rendered":"FISHER PRICE, vrtuljak i ure\u0111aj za umirivanje sanjivo nebo"},"content":{"rendered":"<p>Fisher-Price vrtuljak s oblacima i suncem ima 20-minutnu listu glazbe i zvukova koji \u0107e va\u0161em novoro\u0111en\u010detu pomo\u0107i da se opusti i utone u san.<br \/>\nVrtuljak ima tih motor i senzor koji reagira na zvuk i automatski pokre\u0107e vrtuljak.<br \/>\nVrtuljak jednostavno postaje ure\u0111aj za umirivanje za stol kako bi rutina spavanja bila dosljedna dok beba raste.<br \/>\nVrtuljak odnosno ure\u0111aj za umirivanje imaju nje\u017eno svjetlo koje se mo\u017ee upaliti prema potrebi.<\/p>\n","protected":false},"excerpt":{"rendered":"<p>Senzor koji reagira na zvuk<br \/>\nNje\u017eno svjetlo<br \/>\n20-minutna lista glazbe<\/p>\n","protected":false},"featured_media":46103,"template":"","meta":{"_seopress_robots_primary_cat":"","_seopress_titles_title":"","_seopress_titles_desc":"","_seopress_robots_index":"","iawp_total_views":0},"product_brand":[458],"product_cat":[221,291],"product_tag":[],"class_list":{"0":"post-46102","1":"product","2":"type-product","3":"status-publish","4":"has-post-thumbnail","6":"product_brand-fisher-price","7":"product_cat-igracke","8":"product_cat-igracke-za-djecu-221","10":"first","11":"outofstock","12":"shipping-taxable","13":"purchasable","14":"product-type-simple"},"_links":{"self":[{"href":"https:\/\/singuli.wpress.me\/index.php\/wp-json\/wp\/v2\/product\/46102","targetHints":{"allow":["GET"]}}],"collection":[{"href":"https:\/\/singuli.wpress.me\/index.php\/wp-json\/wp\/v2\/product"}],"about":[{"href":"https:\/\/singuli.wpress.me\/index.php\/wp-json\/wp\/v2\/types\/product"}],"version-history":[{"count":0,"href":"https:\/\/singuli.wpress.me\/index.php\/wp-json\/wp\/v2\/product\/46102\/revisions"}],"wp:featuredmedia":[{"embeddable":true,"href":"https:\/\/singuli.wpress.me\/index.php\/wp-json\/wp\/v2\/media\/46103"}],"wp:attachment":[{"href":"https:\/\/singuli.wpress.me\/index.php\/wp-json\/wp\/v2\/media?parent=46102"}],"wp:term":[{"taxonomy":"product_brand","embeddable":true,"href":"https:\/\/singuli.wpress.me\/index.php\/wp-json\/wp\/v2\/product_brand?post=46102"},{"taxonomy":"product_cat","embeddable":true,"href":"https:\/\/singuli.wpress.me\/index.php\/wp-json\/wp\/v2\/product_cat?post=46102"},{"taxonomy":"product_tag","embeddable":true,"href":"https:\/\/singuli.wpress.me\/index.php\/wp-json\/wp\/v2\/product_tag?post=46102"}],"curies":[{"name":"wp","href":"https:\/\/api.w.org\/{rel}","templated":true}]}}