{"id":46108,"date":"2026-04-21T00:30:23","date_gmt":"2026-04-21T00:30:23","guid":{"rendered":"https:\/\/singuli.wpress.me\/index.php\/proizvod\/kelloggs-granola-caramelised-hazelnuts-380-g\/"},"modified":"2026-04-21T00:30:23","modified_gmt":"2026-04-21T00:30:23","slug":"kelloggs-granola-caramelised-hazelnuts-380-g","status":"publish","type":"product","link":"https:\/\/singuli.wpress.me\/index.php\/proizvod\/kelloggs-granola-caramelised-hazelnuts-380-g\/","title":{"rendered":"KELLOGG&#8217;S, granola, Caramelised Hazelnuts, 380\u00a0g"},"content":{"rendered":"<p>Crunchy Nut Granola s karameliziranim lje\u0161njacima pru\u017ea jedinstven do\u017eivljaj u\u017eivanja u zdravom doru\u010dku. Ova ukusna mje\u0161avina hrskave zobi oboga\u0107ena je karameliziranim lje\u0161njacima koji pridodaju poseban okus i teksturu.<\/p>\n<p>Svaki zalogaj ovog granola donosi savr\u0161enu ravnote\u017eu izme\u0111u hrskavosti zobi i bogatstva karameliziranih lje\u0161njaka. Osim \u0161to je ukusan, Crunchy Nut Granola tako\u0111er pru\u017ea energetski poticaj koji vam poma\u017ee zapo\u010deti dan na pravi na\u010din.<\/p>\n<p>Uz dodatak mlijeka ili jogurta, ova granola postaje neodoljiv doru\u010dak koji \u0107e vas odu\u0161eviti svojim okusom i hranjivom vrijedno\u0161\u0107u. Saznajte \u0161to zna\u010di u\u017eivati \u200b\u200bu doru\u010dku uz Crunchy Nut Granolu s karameliziranim lje\u0161njacima!<\/p>\n","protected":false},"excerpt":{"rendered":"<p>Jedinstvena kombinaciju hrskave zobi i karameliziranih lje\u0161njaka<br \/>\nGranola bogata hranjivim vrijednostima<br \/>\nMogu\u0107e ju je kombinirati na razne na\u010dine<\/p>\n","protected":false},"featured_media":46109,"template":"","meta":{"_seopress_robots_primary_cat":"","_seopress_titles_title":"","_seopress_titles_desc":"","_seopress_robots_index":"","iawp_total_views":0},"product_brand":[425],"product_cat":[261,307],"product_tag":[],"class_list":{"0":"post-46108","1":"product","2":"type-product","3":"status-publish","4":"has-post-thumbnail","6":"product_brand-kelloggs","7":"product_cat-hrana-i-pice","8":"product_cat-zitarice-i-dorucak-261","10":"first","11":"instock","12":"shipping-taxable","13":"purchasable","14":"product-type-simple"},"_links":{"self":[{"href":"https:\/\/singuli.wpress.me\/index.php\/wp-json\/wp\/v2\/product\/46108","targetHints":{"allow":["GET"]}}],"collection":[{"href":"https:\/\/singuli.wpress.me\/index.php\/wp-json\/wp\/v2\/product"}],"about":[{"href":"https:\/\/singuli.wpress.me\/index.php\/wp-json\/wp\/v2\/types\/product"}],"version-history":[{"count":0,"href":"https:\/\/singuli.wpress.me\/index.php\/wp-json\/wp\/v2\/product\/46108\/revisions"}],"wp:featuredmedia":[{"embeddable":true,"href":"https:\/\/singuli.wpress.me\/index.php\/wp-json\/wp\/v2\/media\/46109"}],"wp:attachment":[{"href":"https:\/\/singuli.wpress.me\/index.php\/wp-json\/wp\/v2\/media?parent=46108"}],"wp:term":[{"taxonomy":"product_brand","embeddable":true,"href":"https:\/\/singuli.wpress.me\/index.php\/wp-json\/wp\/v2\/product_brand?post=46108"},{"taxonomy":"product_cat","embeddable":true,"href":"https:\/\/singuli.wpress.me\/index.php\/wp-json\/wp\/v2\/product_cat?post=46108"},{"taxonomy":"product_tag","embeddable":true,"href":"https:\/\/singuli.wpress.me\/index.php\/wp-json\/wp\/v2\/product_tag?post=46108"}],"curies":[{"name":"wp","href":"https:\/\/api.w.org\/{rel}","templated":true}]}}