{"id":46114,"date":"2026-04-21T00:30:25","date_gmt":"2026-04-21T00:30:25","guid":{"rendered":"https:\/\/singuli.wpress.me\/index.php\/proizvod\/ecover-tekuci-deterdzent-za-pranje-suda-kamilica-i-klementina-450-ml\/"},"modified":"2026-04-21T00:30:25","modified_gmt":"2026-04-21T00:30:25","slug":"ecover-tekuci-deterdzent-za-pranje-suda-kamilica-i-klementina-450-ml","status":"publish","type":"product","link":"https:\/\/singuli.wpress.me\/index.php\/proizvod\/ecover-tekuci-deterdzent-za-pranje-suda-kamilica-i-klementina-450-ml\/","title":{"rendered":"ECOVER, teku\u0107i deterd\u017eent za pranje su\u0111a, kamilica i klementina, 450\u00a0ml"},"content":{"rendered":"<p>ECOVER\u00ae sredstvo za pranje posu\u0111a limun i aloe vera na\u0161 je saveznik u revoluciji za \u010disti svijet. <\/p>\n<p>Formula oboga\u0107ena sna\u017enim biorazgradivim sastojcima pru\u017eit \u0107e vam izvanredno zadovoljstvo pogledom na besprijekorno \u010disto posu\u0111e. <\/p>\n<p>Borba protiv masno\u0107e nikad nije bila lak\u0161a. <\/p>\n<p>Dermatolo\u0161ki je testirano i sigurno za osjetljivu ko\u017eu, a biorazgradivi sastojci na biljnoj bazi pogodni su za vegane i za kori\u0161tenje u septi\u010dkim jamama. <\/p>\n<p>ECOVER\u00ae sredstvo za pranje posu\u0111a limun i aloe vera proizvedeno je u na\u0161oj tvornici s certifikatom Zero Waste na bazi stope preusmjeravanja otpada od 95 %. <\/p>\n<p>Nije testiran na \u017eivotinjama. <\/p>\n<p>Pakiranje (ne uklju\u010duju\u0107i \u010dep) je napravljeno od 100 % kori\u0161tene reciklirane plastike. <\/p>\n<p>Obogatite svoje iskustvo pranja posu\u0111a osvje\u017eavaju\u0107im mirisom kamilice i klementine!<\/p>\n","protected":false},"excerpt":{"rendered":"<p>Sna\u017eni biorazgradivi sastojci na biljnoj bazi<br \/>\nProtiv masno\u0107e<br \/>\nBesprijekorno \u010disto posu\u0111e<\/p>\n","protected":false},"featured_media":46115,"template":"","meta":{"_seopress_robots_primary_cat":"","_seopress_titles_title":"","_seopress_titles_desc":"","_seopress_robots_index":"","iawp_total_views":0},"product_brand":[790],"product_cat":[284,238],"product_tag":[],"class_list":{"0":"post-46114","1":"product","2":"type-product","3":"status-publish","4":"has-post-thumbnail","6":"product_brand-ecover","7":"product_cat-sredstva-za-ciscenje-238","8":"product_cat-sve-za-dom","10":"first","11":"instock","12":"shipping-taxable","13":"purchasable","14":"product-type-simple"},"_links":{"self":[{"href":"https:\/\/singuli.wpress.me\/index.php\/wp-json\/wp\/v2\/product\/46114","targetHints":{"allow":["GET"]}}],"collection":[{"href":"https:\/\/singuli.wpress.me\/index.php\/wp-json\/wp\/v2\/product"}],"about":[{"href":"https:\/\/singuli.wpress.me\/index.php\/wp-json\/wp\/v2\/types\/product"}],"version-history":[{"count":0,"href":"https:\/\/singuli.wpress.me\/index.php\/wp-json\/wp\/v2\/product\/46114\/revisions"}],"wp:featuredmedia":[{"embeddable":true,"href":"https:\/\/singuli.wpress.me\/index.php\/wp-json\/wp\/v2\/media\/46115"}],"wp:attachment":[{"href":"https:\/\/singuli.wpress.me\/index.php\/wp-json\/wp\/v2\/media?parent=46114"}],"wp:term":[{"taxonomy":"product_brand","embeddable":true,"href":"https:\/\/singuli.wpress.me\/index.php\/wp-json\/wp\/v2\/product_brand?post=46114"},{"taxonomy":"product_cat","embeddable":true,"href":"https:\/\/singuli.wpress.me\/index.php\/wp-json\/wp\/v2\/product_cat?post=46114"},{"taxonomy":"product_tag","embeddable":true,"href":"https:\/\/singuli.wpress.me\/index.php\/wp-json\/wp\/v2\/product_tag?post=46114"}],"curies":[{"name":"wp","href":"https:\/\/api.w.org\/{rel}","templated":true}]}}