{"id":46144,"date":"2026-04-21T00:30:38","date_gmt":"2026-04-21T00:30:38","guid":{"rendered":"https:\/\/singuli.wpress.me\/index.php\/proizvod\/dr-oetker-super-kasa-jabuka-i-cimet\/"},"modified":"2026-04-21T00:30:38","modified_gmt":"2026-04-21T00:30:38","slug":"dr-oetker-super-kasa-jabuka-i-cimet","status":"publish","type":"product","link":"https:\/\/singuli.wpress.me\/index.php\/proizvod\/dr-oetker-super-kasa-jabuka-i-cimet\/","title":{"rendered":"DR. OETKER, super ka\u0161a, jabuka i cimet"},"content":{"rendered":"<p>Ukusna i nutritivno bogata, zobena ka\u0161a s jabukom i cimetom idealan je brzi obrok. Fina Super ka\u0161a spremna je za svega nekoliko minuta. Sadr\u017ei i superfood chia sjemenke. Dr. Oetker Super ka\u0161a &#8211; brz, jednostavan, a istovremeno nutritivno izbalansirani obrok koji vam daje energiju. Neovisno o ubrzanom \u017eivotu, priu\u0161tite si nekoliko minuta za cjelovit obrok koji \u0107e vam pru\u017eiti osje\u0107aj sitosti, potrebne hranjive sastojke i energiju, za doru\u010dak ili izme\u0111u drugih obroka. Ukusna zobena ka\u0161a uz dodatak chia sjemenki poslastica je u kojoj mo\u017eete u\u017eivati bez gri\u017enje savjesti.<\/p>\n","protected":false},"excerpt":{"rendered":"<p>Idealan brzi obrok<br \/>\nSpremna za svega nekoliko minuta<br \/>\nPoslastica u kojoj mo\u017eete u\u017eivati bez gri\u017enje savjesti<\/p>\n","protected":false},"featured_media":46145,"template":"","meta":{"_seopress_robots_primary_cat":"","_seopress_titles_title":"","_seopress_titles_desc":"","_seopress_robots_index":"","iawp_total_views":0},"product_brand":[328],"product_cat":[261,307],"product_tag":[],"class_list":{"0":"post-46144","1":"product","2":"type-product","3":"status-publish","4":"has-post-thumbnail","6":"product_brand-dr-oetker","7":"product_cat-hrana-i-pice","8":"product_cat-zitarice-i-dorucak-261","10":"first","11":"outofstock","12":"shipping-taxable","13":"purchasable","14":"product-type-simple"},"_links":{"self":[{"href":"https:\/\/singuli.wpress.me\/index.php\/wp-json\/wp\/v2\/product\/46144","targetHints":{"allow":["GET"]}}],"collection":[{"href":"https:\/\/singuli.wpress.me\/index.php\/wp-json\/wp\/v2\/product"}],"about":[{"href":"https:\/\/singuli.wpress.me\/index.php\/wp-json\/wp\/v2\/types\/product"}],"version-history":[{"count":0,"href":"https:\/\/singuli.wpress.me\/index.php\/wp-json\/wp\/v2\/product\/46144\/revisions"}],"wp:featuredmedia":[{"embeddable":true,"href":"https:\/\/singuli.wpress.me\/index.php\/wp-json\/wp\/v2\/media\/46145"}],"wp:attachment":[{"href":"https:\/\/singuli.wpress.me\/index.php\/wp-json\/wp\/v2\/media?parent=46144"}],"wp:term":[{"taxonomy":"product_brand","embeddable":true,"href":"https:\/\/singuli.wpress.me\/index.php\/wp-json\/wp\/v2\/product_brand?post=46144"},{"taxonomy":"product_cat","embeddable":true,"href":"https:\/\/singuli.wpress.me\/index.php\/wp-json\/wp\/v2\/product_cat?post=46144"},{"taxonomy":"product_tag","embeddable":true,"href":"https:\/\/singuli.wpress.me\/index.php\/wp-json\/wp\/v2\/product_tag?post=46144"}],"curies":[{"name":"wp","href":"https:\/\/api.w.org\/{rel}","templated":true}]}}