{"id":46153,"date":"2026-04-21T00:30:41","date_gmt":"2026-04-21T00:30:41","guid":{"rendered":"https:\/\/singuli.wpress.me\/index.php\/proizvod\/domo-do534fr-friteza-na-vruci-zrak-10-l\/"},"modified":"2026-04-21T00:30:41","modified_gmt":"2026-04-21T00:30:41","slug":"domo-do534fr-friteza-na-vruci-zrak-10-l","status":"publish","type":"product","link":"https:\/\/singuli.wpress.me\/index.php\/proizvod\/domo-do534fr-friteza-na-vruci-zrak-10-l\/","title":{"rendered":"DOMO DO534FR, friteza na vru\u0107i zrak, 10\u00a0l"},"content":{"rendered":"<p>Domo DO534FR 3-u-1 zgodan je pomo\u0107nik za svaku modernu kuhinju. Friteza ima jednu ko\u0161aru, tako da mo\u017eete jednostavno pr\u017eiti svoje omiljeno jelo. S Domo DO534FR 3-u-1 fritezom mo\u017eete postaviti temperaturu od 65\u00b0C do 200\u00b0C. Samo odaberite odgovaraju\u0107u temperaturu, ovisno o tome \u0161to pr\u017eite.<br \/>\nKompaktna mini pe\u0107nica i friteza na vru\u0107i zrak u jednom s funkcijom su\u0161enja hrane. Mo\u017eete odmah odabrati jedan od 8 unaprijed postavljenih programa na prozirnoj upravlja\u010dkoj plo\u010di. Tako\u0111er mo\u017eete jednostavno postaviti temperaturu i vrijeme pe\u010denja ili su\u0161enja za sve programe.<br \/>\nZa u\u010dinkovito pr\u017eenje na vru\u0107em zraku i pripremu savr\u0161enih krumpiri\u0107a bez dodane masno\u0107e, u dodatku za pr\u017eenje prona\u0107i \u0107ete i cilindri\u010dnu ko\u0161aricu za pr\u017eenje obujma 2,9 litara koja se tijekom pr\u017eenja neprekidno okre\u0107e i tako osigurava ravnomjerno pe\u010denje.<br \/>\nNa re\u0161etkama ro\u0161tilja tada mo\u017eete pripremiti npr. ukusne ra\u017enji\u0107e, piletinu, mesne nareske ili povr\u0107e na \u017earu. Hranu mo\u017eete pripremati na nekoliko re\u0161etki jednu iznad druge. Sve to prakti\u010dki bez dodanih masno\u0107a, zdravo i brzo. Friteza \u0107e se zagrijati do maksimalne temperature samo unutar 3 minute nakon uklju\u010divanja. Friteza na vru\u0107i zrak ne samo da vam \u0161tedi vrijeme nego i novac.<br \/>\nFriteza u dehidratoru hrane mo\u017ee se promijeniti pritiskom na gumb. Tada mo\u017eete postaviti temperaturu su\u0161enja od 30 \u00b0C i vrijeme su\u0161enja do 24 sata. Mo\u017eete su\u0161iti ne samo vo\u0107e, ve\u0107 i za\u010dinsko bilje ili meso.<\/p>\n","protected":false},"excerpt":{"rendered":"<p>Multifunkcionalni ure\u0111aj: friteza, pe\u0107nica, funkcija okretanja i su\u0161enje hrane<br \/>\n8 automatskih programa<br \/>\nPodesiva temperatura: od 65\u00b0C do 200\u00b0C<\/p>\n","protected":false},"featured_media":46154,"template":"","meta":{"_seopress_robots_primary_cat":"","_seopress_titles_title":"","_seopress_titles_desc":"","_seopress_robots_index":"","iawp_total_views":0},"product_brand":[255],"product_cat":[266,265,160],"product_tag":[],"class_list":{"0":"post-46153","1":"product","2":"type-product","3":"status-publish","4":"has-post-thumbnail","6":"product_brand-domo","7":"product_cat-aparati-za-kuhanje-265","8":"product_cat-kuhinjski-aparati-160","9":"product_cat-mali-kucanski-aparati","11":"first","12":"outofstock","13":"shipping-taxable","14":"purchasable","15":"product-type-simple"},"_links":{"self":[{"href":"https:\/\/singuli.wpress.me\/index.php\/wp-json\/wp\/v2\/product\/46153","targetHints":{"allow":["GET"]}}],"collection":[{"href":"https:\/\/singuli.wpress.me\/index.php\/wp-json\/wp\/v2\/product"}],"about":[{"href":"https:\/\/singuli.wpress.me\/index.php\/wp-json\/wp\/v2\/types\/product"}],"version-history":[{"count":0,"href":"https:\/\/singuli.wpress.me\/index.php\/wp-json\/wp\/v2\/product\/46153\/revisions"}],"wp:featuredmedia":[{"embeddable":true,"href":"https:\/\/singuli.wpress.me\/index.php\/wp-json\/wp\/v2\/media\/46154"}],"wp:attachment":[{"href":"https:\/\/singuli.wpress.me\/index.php\/wp-json\/wp\/v2\/media?parent=46153"}],"wp:term":[{"taxonomy":"product_brand","embeddable":true,"href":"https:\/\/singuli.wpress.me\/index.php\/wp-json\/wp\/v2\/product_brand?post=46153"},{"taxonomy":"product_cat","embeddable":true,"href":"https:\/\/singuli.wpress.me\/index.php\/wp-json\/wp\/v2\/product_cat?post=46153"},{"taxonomy":"product_tag","embeddable":true,"href":"https:\/\/singuli.wpress.me\/index.php\/wp-json\/wp\/v2\/product_tag?post=46153"}],"curies":[{"name":"wp","href":"https:\/\/api.w.org\/{rel}","templated":true}]}}