{"id":46161,"date":"2026-04-21T00:30:43","date_gmt":"2026-04-21T00:30:43","guid":{"rendered":"https:\/\/singuli.wpress.me\/index.php\/proizvod\/ariel-professional-professional-plus-praskasti-deterdzent-13kg-130-pranja-2\/"},"modified":"2026-04-21T00:30:43","modified_gmt":"2026-04-21T00:30:43","slug":"ariel-professional-professional-plus-praskasti-deterdzent-13kg-130-pranja-2","status":"publish","type":"product","link":"https:\/\/singuli.wpress.me\/index.php\/proizvod\/ariel-professional-professional-plus-praskasti-deterdzent-13kg-130-pranja-2\/","title":{"rendered":"ARIEL PROFESSIONAL Professional Plus, pra\u0161kasti deterd\u017eent, 13kg, 130\u00a0pranja"},"content":{"rendered":"<p><span style=\"font-weight: bold\">Pra\u0161kasti deterd\u017eent Ariel Professional Plus<\/span> profesionalni je deterd\u017eent posebno formuliran kako bi o\u010distio za 5 zvjezdica, ba\u0161 kako tra\u017ee profesionalci: odli\u010dno uklanja mrlje, dubinski \u010disti, ostavlja blistavu bjelinu i svje\u017e miris te je u\u010dinkovit pri niskim temperaturama.<\/p>\n","protected":false},"excerpt":{"rendered":"<p>Izuzetno u\u010dinkoviti sastojci izvanredno uklanjaju i \u010diste najtvrdokornije mrlje na profesionalnom rublju<br \/>\nS posebnim tehnologijama koje dulje odr\u017eavaju bjelinu va\u0161eg bijelog rublja<br \/>\nSustav dodanih mirisa ostavlja svje\u017e miris koji nije prete\u017eak, savr\u0161eno za profesionalno rublje<\/p>\n","protected":false},"featured_media":46162,"template":"","meta":{"_seopress_robots_primary_cat":"","_seopress_titles_title":"","_seopress_titles_desc":"","_seopress_robots_index":"","iawp_total_views":0},"product_brand":[768],"product_cat":[283,238],"product_tag":[],"class_list":{"0":"post-46161","1":"product","2":"type-product","3":"status-publish","4":"has-post-thumbnail","6":"product_brand-ariel-professional","7":"product_cat-pranje-rublja-238","8":"product_cat-sve-za-dom","10":"first","11":"outofstock","12":"shipping-taxable","13":"purchasable","14":"product-type-simple"},"_links":{"self":[{"href":"https:\/\/singuli.wpress.me\/index.php\/wp-json\/wp\/v2\/product\/46161","targetHints":{"allow":["GET"]}}],"collection":[{"href":"https:\/\/singuli.wpress.me\/index.php\/wp-json\/wp\/v2\/product"}],"about":[{"href":"https:\/\/singuli.wpress.me\/index.php\/wp-json\/wp\/v2\/types\/product"}],"version-history":[{"count":0,"href":"https:\/\/singuli.wpress.me\/index.php\/wp-json\/wp\/v2\/product\/46161\/revisions"}],"wp:featuredmedia":[{"embeddable":true,"href":"https:\/\/singuli.wpress.me\/index.php\/wp-json\/wp\/v2\/media\/46162"}],"wp:attachment":[{"href":"https:\/\/singuli.wpress.me\/index.php\/wp-json\/wp\/v2\/media?parent=46161"}],"wp:term":[{"taxonomy":"product_brand","embeddable":true,"href":"https:\/\/singuli.wpress.me\/index.php\/wp-json\/wp\/v2\/product_brand?post=46161"},{"taxonomy":"product_cat","embeddable":true,"href":"https:\/\/singuli.wpress.me\/index.php\/wp-json\/wp\/v2\/product_cat?post=46161"},{"taxonomy":"product_tag","embeddable":true,"href":"https:\/\/singuli.wpress.me\/index.php\/wp-json\/wp\/v2\/product_tag?post=46161"}],"curies":[{"name":"wp","href":"https:\/\/api.w.org\/{rel}","templated":true}]}}