{"id":46170,"date":"2026-04-21T00:30:45","date_gmt":"2026-04-21T00:30:45","guid":{"rendered":"https:\/\/singuli.wpress.me\/index.php\/proizvod\/braun-icheck7-tlakomjer-za-zapesce\/"},"modified":"2026-04-21T00:30:45","modified_gmt":"2026-04-21T00:30:45","slug":"braun-icheck7-tlakomjer-za-zapesce","status":"publish","type":"product","link":"https:\/\/singuli.wpress.me\/index.php\/proizvod\/braun-icheck7-tlakomjer-za-zapesce\/","title":{"rendered":"BRAUN Icheck7, tlakomjer za zape\u0161\u0107e"},"content":{"rendered":"<p><span style=\"font-weight: bold\">Braun iCheck\u00ae 7 tlakomjer<\/span> pametno i brzo mjeri krvni tlak i otkriva nepravilne otkucaje srca. <\/p>\n<p>Interpretira rezultate mjerenja pomo\u0107u razli\u010ditih boja (simbol srca), ima jednostavan sustav pozicioniranja te pohranjuje do 100 mjerenja.<\/p>\n<p>Pohranjena mjerenja mogu se preuzeti kasnije na va\u0161em pametnom telefonu pomo\u0107u aplikacije Braun Healthy Heart radi pra\u0107enja va\u0161eg napretka putem dijagrama i grafikona, kalendarskog prikaza, dnevnih, tjednih i mjese\u010dnih prosjeka. Ovaj ure\u0111aj nije namijenjen novoro\u0111en\u010dadi i dojen\u010dadi, trudnim osobama, uklju\u010duju\u0107i predeklampti\u010dke korisnike.<\/p>\n<p>Braun iCheck 7 je nova generacija tlakomjera s jedinstvenim, intuitivnim i ultra tankim dizajnom. Sa svojim sustavom jednostavnog pozicioniranja &quot;&quot;loptica u rupi&quot;&quot;, vodi vas prema ispravnom polo\u017eaju ruke u razini srca, kako biste dobili najve\u0107u to\u010dnost. Na zaslonu dobivate trenutnu interpretaciju podataka o krvnom tlaku, temeljenu na smjernicama WHO-a. <\/p>\n<p>Zbog tehnologije mekog napuhavanja u man\u017eeti, mjerenje krvnog tlaka je vrlo udobno i brzo.<\/p>\n<p>Lako se povezuje s aplikacijom Braun Healthy, tako da mo\u017eete pratiti svoj napredak putem dijagrama i grafikona, kalendarskog prikaza, dnevnih, tjednih i mjese\u010dnih prosjeka i razumjeti utjecaj va\u0161eg na\u010dina \u017eivota na krvni tlak.<\/p>\n","protected":false},"excerpt":{"rendered":"<p>Pametno i brzo mjeri krvni tlak i otkriva nepravilne otkucaje srca<br \/>\nIma jednostavan sustav pozicioniranja<br \/>\nPohranjuje do 100 mjerenja<\/p>\n","protected":false},"featured_media":46171,"template":"","meta":{"_seopress_robots_primary_cat":"","_seopress_titles_title":"","_seopress_titles_desc":"","_seopress_robots_index":"","iawp_total_views":0},"product_brand":[144],"product_cat":[192,267],"product_tag":[],"class_list":{"0":"post-46170","1":"product","2":"type-product","3":"status-publish","4":"has-post-thumbnail","6":"product_brand-braun","7":"product_cat-aparati-za-osobnu-njegu","8":"product_cat-zdravstveni-uredaji-192","10":"first","11":"outofstock","12":"shipping-taxable","13":"purchasable","14":"product-type-simple"},"_links":{"self":[{"href":"https:\/\/singuli.wpress.me\/index.php\/wp-json\/wp\/v2\/product\/46170","targetHints":{"allow":["GET"]}}],"collection":[{"href":"https:\/\/singuli.wpress.me\/index.php\/wp-json\/wp\/v2\/product"}],"about":[{"href":"https:\/\/singuli.wpress.me\/index.php\/wp-json\/wp\/v2\/types\/product"}],"version-history":[{"count":0,"href":"https:\/\/singuli.wpress.me\/index.php\/wp-json\/wp\/v2\/product\/46170\/revisions"}],"wp:featuredmedia":[{"embeddable":true,"href":"https:\/\/singuli.wpress.me\/index.php\/wp-json\/wp\/v2\/media\/46171"}],"wp:attachment":[{"href":"https:\/\/singuli.wpress.me\/index.php\/wp-json\/wp\/v2\/media?parent=46170"}],"wp:term":[{"taxonomy":"product_brand","embeddable":true,"href":"https:\/\/singuli.wpress.me\/index.php\/wp-json\/wp\/v2\/product_brand?post=46170"},{"taxonomy":"product_cat","embeddable":true,"href":"https:\/\/singuli.wpress.me\/index.php\/wp-json\/wp\/v2\/product_cat?post=46170"},{"taxonomy":"product_tag","embeddable":true,"href":"https:\/\/singuli.wpress.me\/index.php\/wp-json\/wp\/v2\/product_tag?post=46170"}],"curies":[{"name":"wp","href":"https:\/\/api.w.org\/{rel}","templated":true}]}}