{"id":46173,"date":"2026-04-21T00:30:46","date_gmt":"2026-04-21T00:30:46","guid":{"rendered":"https:\/\/singuli.wpress.me\/index.php\/proizvod\/honeywell-quietset-tower-samostojeci-ventilator-hyf290e4\/"},"modified":"2026-04-21T00:30:46","modified_gmt":"2026-04-21T00:30:46","slug":"honeywell-quietset-tower-samostojeci-ventilator-hyf290e4","status":"publish","type":"product","link":"https:\/\/singuli.wpress.me\/index.php\/proizvod\/honeywell-quietset-tower-samostojeci-ventilator-hyf290e4\/","title":{"rendered":"HONEYWELL Quietset Tower, samostoje\u0107i ventilator, HYF290E4"},"content":{"rendered":"<p>Elegantni Honywell Quietset Tower ventilator s 8 postavki hla\u0111enja &#8211; od mirovanja do Power Cool performansi. Postavljanje tihe kontrole omogu\u0107uje vam odabir izme\u0111u 8 razina glasno\u0107e, uklju\u010duju\u0107i postavku za spavanje, za iznimno tih rad. Ovaj elegantni toranj fluktuira na 80 stupnjeva i ima automatski mjera\u010d vremena za isklju\u010divanje &#8211; 1, 2, 4 ili 8 sati. Zatamnjenje je napravljeno tako da bira izme\u0111u 5 razina svjetla<\/p>\n","protected":false},"excerpt":{"rendered":"<p>Elegantan ventilator s 8 postavki hla\u0111enja<br \/>\nOsam razina tihe kontrole za stalnu udobnost<br \/>\nDaljinski upravlja\u010d za udobno upravljanje s kau\u010da ili kreveta<\/p>\n","protected":false},"featured_media":46174,"template":"","meta":{"_seopress_robots_primary_cat":"","_seopress_titles_title":"","_seopress_titles_desc":"","_seopress_robots_index":"","iawp_total_views":0},"product_brand":[506],"product_cat":[184,160],"product_tag":[],"class_list":{"0":"post-46173","1":"product","2":"type-product","3":"status-publish","4":"has-post-thumbnail","6":"product_brand-honeywell","7":"product_cat-kvaliteta-zraka-i-grijanje","8":"product_cat-mali-kucanski-aparati","10":"first","11":"outofstock","12":"shipping-taxable","13":"purchasable","14":"product-type-simple"},"_links":{"self":[{"href":"https:\/\/singuli.wpress.me\/index.php\/wp-json\/wp\/v2\/product\/46173","targetHints":{"allow":["GET"]}}],"collection":[{"href":"https:\/\/singuli.wpress.me\/index.php\/wp-json\/wp\/v2\/product"}],"about":[{"href":"https:\/\/singuli.wpress.me\/index.php\/wp-json\/wp\/v2\/types\/product"}],"version-history":[{"count":0,"href":"https:\/\/singuli.wpress.me\/index.php\/wp-json\/wp\/v2\/product\/46173\/revisions"}],"wp:featuredmedia":[{"embeddable":true,"href":"https:\/\/singuli.wpress.me\/index.php\/wp-json\/wp\/v2\/media\/46174"}],"wp:attachment":[{"href":"https:\/\/singuli.wpress.me\/index.php\/wp-json\/wp\/v2\/media?parent=46173"}],"wp:term":[{"taxonomy":"product_brand","embeddable":true,"href":"https:\/\/singuli.wpress.me\/index.php\/wp-json\/wp\/v2\/product_brand?post=46173"},{"taxonomy":"product_cat","embeddable":true,"href":"https:\/\/singuli.wpress.me\/index.php\/wp-json\/wp\/v2\/product_cat?post=46173"},{"taxonomy":"product_tag","embeddable":true,"href":"https:\/\/singuli.wpress.me\/index.php\/wp-json\/wp\/v2\/product_tag?post=46173"}],"curies":[{"name":"wp","href":"https:\/\/api.w.org\/{rel}","templated":true}]}}