{"id":46179,"date":"2026-04-21T00:30:48","date_gmt":"2026-04-21T00:30:48","guid":{"rendered":"https:\/\/singuli.wpress.me\/index.php\/proizvod\/disney-elsa-i-anna-lutka\/"},"modified":"2026-04-21T00:30:48","modified_gmt":"2026-04-21T00:30:48","slug":"disney-elsa-i-anna-lutka","status":"publish","type":"product","link":"https:\/\/singuli.wpress.me\/index.php\/proizvod\/disney-elsa-i-anna-lutka\/","title":{"rendered":"DISNEY Elsa i Anna, lutka"},"content":{"rendered":"<p>Lutke su inspirirane omiljenim animiranim likovima iz Disney animiranog igranog filma \u201eSnje\u017eno kraljevstvo 1\u201c i \u201eSnje\u017eno kraljevstvo 2\u201c.<br \/>\nImaju meku kosu koja se mo\u017ee \u010de\u0161ljati te suknju i pla\u0161t od tkanine.<br \/>\nCipele se mogu skinuti, a udovi su pokretni (glava, ramena, kukovi).<\/p>\n<p>Najve\u0107i obo\u017eavatelji mogu skupiti sve Disney Frozen lutke kako bi stvorili svoje vlastito zale\u0111eno kraljevstvo!<br \/>\nPogodno za djecu od 3 godine starosti.<\/p>\n","protected":false},"excerpt":{"rendered":"<p>Inspirirane princezama iz Disneyevog filma \u201eSnje\u017eno kraljevstvo\u201c<br \/>\nLutka s pokretnim udovima<br \/>\nBoje i dekoracije mogu se razlikovati<\/p>\n","protected":false},"featured_media":46180,"template":"","meta":{"_seopress_robots_primary_cat":"","_seopress_titles_title":"","_seopress_titles_desc":"","_seopress_robots_index":"","iawp_total_views":0},"product_brand":[522],"product_cat":[221,291],"product_tag":[],"class_list":{"0":"post-46179","1":"product","2":"type-product","3":"status-publish","4":"has-post-thumbnail","6":"product_brand-disney","7":"product_cat-igracke","8":"product_cat-igracke-za-djecu-221","10":"first","11":"instock","12":"shipping-taxable","13":"purchasable","14":"product-type-simple"},"_links":{"self":[{"href":"https:\/\/singuli.wpress.me\/index.php\/wp-json\/wp\/v2\/product\/46179","targetHints":{"allow":["GET"]}}],"collection":[{"href":"https:\/\/singuli.wpress.me\/index.php\/wp-json\/wp\/v2\/product"}],"about":[{"href":"https:\/\/singuli.wpress.me\/index.php\/wp-json\/wp\/v2\/types\/product"}],"version-history":[{"count":0,"href":"https:\/\/singuli.wpress.me\/index.php\/wp-json\/wp\/v2\/product\/46179\/revisions"}],"wp:featuredmedia":[{"embeddable":true,"href":"https:\/\/singuli.wpress.me\/index.php\/wp-json\/wp\/v2\/media\/46180"}],"wp:attachment":[{"href":"https:\/\/singuli.wpress.me\/index.php\/wp-json\/wp\/v2\/media?parent=46179"}],"wp:term":[{"taxonomy":"product_brand","embeddable":true,"href":"https:\/\/singuli.wpress.me\/index.php\/wp-json\/wp\/v2\/product_brand?post=46179"},{"taxonomy":"product_cat","embeddable":true,"href":"https:\/\/singuli.wpress.me\/index.php\/wp-json\/wp\/v2\/product_cat?post=46179"},{"taxonomy":"product_tag","embeddable":true,"href":"https:\/\/singuli.wpress.me\/index.php\/wp-json\/wp\/v2\/product_tag?post=46179"}],"curies":[{"name":"wp","href":"https:\/\/api.w.org\/{rel}","templated":true}]}}