{"id":46185,"date":"2026-04-21T00:30:52","date_gmt":"2026-04-21T00:30:52","guid":{"rendered":"https:\/\/singuli.wpress.me\/index.php\/proizvod\/heinz-soja-umak-150-ml\/"},"modified":"2026-04-21T00:30:52","modified_gmt":"2026-04-21T00:30:52","slug":"heinz-soja-umak-150-ml","status":"publish","type":"product","link":"https:\/\/singuli.wpress.me\/index.php\/proizvod\/heinz-soja-umak-150-ml\/","title":{"rendered":"HEINZ, soja umak, 150\u00a0ml"},"content":{"rendered":"<p>Heinz soja umak je <span style=\"font-weight: bold\">popularan proizvod koji se koristi \u0161irom svijeta<\/span>. Heinz je poznati brend koji proizvodi razne prehrambene proizvode, a soja umak je jedan od njih.<\/p>\n<p>Heinz soja umak je tamna teku\u0107ina koja se dobiva fermentacijom soje, \u017eitarica, soli i drugih sastojaka. Ima bogat i intenzivan okus koji je karakteristi\u010dan. Ovaj umak se \u010desto koristi u azijskoj kuhinji kao za\u010din za dodavanje okusa jelima.<\/p>\n<p>Mo\u017ee se koristiti na razli\u010dite na\u010dine. Mo\u017ee se dodati tijekom kuhanja kao sastojak u raznim jelima poput wok jela, ri\u017eota, umaka, marinada i juha. Tako\u0111er se mo\u017ee koristiti kao umak za umakanje ili preljev za sushi, sashimi ili druga jela.<\/p>\n<p>Dolazi u prakti\u010dnim bo\u010dicama koje su jednostavne za kori\u0161tenje i \u010duvanje. Mo\u017ee se lako dozirati i dodavati jelima prema \u017eeljenom okusu.<\/p>\n<p>Kao i ostali proizvodi Heinz, soja umak se proizvodi s visokim standardima kvalitete i sigurnosti hrane. Brend Heinz je poznat po svom dugogodi\u0161njem iskustvu i predanosti u proizvodnji vrhunskih prehrambenih proizvoda.<\/p>\n<p>Ukratko, Heinz soja umak je popularan proizvod koji nudi bogat i intenzivan okus. Njegova raznolika upotreba \u010dini ga pogodnim za razna azijska jela i dodatak jelima kojima \u017eelite dodati karakteristi\u010dan okus soje.<\/p>\n","protected":false},"excerpt":{"rendered":"<p>Intenzivnog i karakteristi\u010dnog okusa<br \/>\nIzra\u0111en od pa\u017eljivo odabranih sastojaka<br \/>\nProizvodi se s visokim standardima kvalitete i sigurnosti hrane<\/p>\n","protected":false},"featured_media":46186,"template":"","meta":{"_seopress_robots_primary_cat":"","_seopress_titles_title":"","_seopress_titles_desc":"","_seopress_robots_index":"","iawp_total_views":0},"product_brand":[395],"product_cat":[266,265,160],"product_tag":[],"class_list":{"0":"post-46185","1":"product","2":"type-product","3":"status-publish","4":"has-post-thumbnail","6":"product_brand-heinz","7":"product_cat-aparati-za-kuhanje-265","8":"product_cat-kuhinjski-aparati-160","9":"product_cat-mali-kucanski-aparati","11":"first","12":"instock","13":"shipping-taxable","14":"purchasable","15":"product-type-simple"},"_links":{"self":[{"href":"https:\/\/singuli.wpress.me\/index.php\/wp-json\/wp\/v2\/product\/46185","targetHints":{"allow":["GET"]}}],"collection":[{"href":"https:\/\/singuli.wpress.me\/index.php\/wp-json\/wp\/v2\/product"}],"about":[{"href":"https:\/\/singuli.wpress.me\/index.php\/wp-json\/wp\/v2\/types\/product"}],"version-history":[{"count":0,"href":"https:\/\/singuli.wpress.me\/index.php\/wp-json\/wp\/v2\/product\/46185\/revisions"}],"wp:featuredmedia":[{"embeddable":true,"href":"https:\/\/singuli.wpress.me\/index.php\/wp-json\/wp\/v2\/media\/46186"}],"wp:attachment":[{"href":"https:\/\/singuli.wpress.me\/index.php\/wp-json\/wp\/v2\/media?parent=46185"}],"wp:term":[{"taxonomy":"product_brand","embeddable":true,"href":"https:\/\/singuli.wpress.me\/index.php\/wp-json\/wp\/v2\/product_brand?post=46185"},{"taxonomy":"product_cat","embeddable":true,"href":"https:\/\/singuli.wpress.me\/index.php\/wp-json\/wp\/v2\/product_cat?post=46185"},{"taxonomy":"product_tag","embeddable":true,"href":"https:\/\/singuli.wpress.me\/index.php\/wp-json\/wp\/v2\/product_tag?post=46185"}],"curies":[{"name":"wp","href":"https:\/\/api.w.org\/{rel}","templated":true}]}}