{"id":46205,"date":"2026-04-21T00:31:05","date_gmt":"2026-04-21T00:31:05","guid":{"rendered":"https:\/\/singuli.wpress.me\/index.php\/proizvod\/lenor-spring-awakening-omeksivac-2x1800ml-3600-ml\/"},"modified":"2026-04-21T00:31:06","modified_gmt":"2026-04-21T00:31:06","slug":"lenor-spring-awakening-omeksivac-2x1800ml-3600-ml","status":"publish","type":"product","link":"https:\/\/singuli.wpress.me\/index.php\/proizvod\/lenor-spring-awakening-omeksivac-2x1800ml-3600-ml\/","title":{"rendered":"LENOR Spring Awakening, omek\u0161iva\u010d, 2x1800ml, 3600\u00a0ml"},"content":{"rendered":"<p>Omek\u0161iva\u010d rublja <span style=\"font-weight: bold\">Lenor Spring Awakening pru\u017ea dugotrajnu svje\u017einu<\/span> s aktivnom za\u0161titom od neugodnih mirisa. Udahnite svje\u017e proljetni miris! Omek\u0161iva\u010d za rublje inspiriran je klasi\u010dnim \u010distim notama chypre i osvje\u017eavaju\u0107im bergamotom. <\/p>\n<p>Lenor Spring Awakening idealan je proizvod za meko i mirisno rublje.<\/p>\n","protected":false},"excerpt":{"rendered":"<p>Dugotrajna svje\u017eina<br \/>\nMirisne note chypre i bergamota<br \/>\nMeko i mirisno rublje<\/p>\n","protected":false},"featured_media":46206,"template":"","meta":{"_seopress_robots_primary_cat":"","_seopress_titles_title":"","_seopress_titles_desc":"","_seopress_robots_index":"","iawp_total_views":0},"product_brand":[446],"product_cat":[283,238],"product_tag":[],"class_list":{"0":"post-46205","1":"product","2":"type-product","3":"status-publish","4":"has-post-thumbnail","6":"product_brand-lenor","7":"product_cat-pranje-rublja-238","8":"product_cat-sve-za-dom","10":"first","11":"outofstock","12":"shipping-taxable","13":"purchasable","14":"product-type-simple"},"_links":{"self":[{"href":"https:\/\/singuli.wpress.me\/index.php\/wp-json\/wp\/v2\/product\/46205","targetHints":{"allow":["GET"]}}],"collection":[{"href":"https:\/\/singuli.wpress.me\/index.php\/wp-json\/wp\/v2\/product"}],"about":[{"href":"https:\/\/singuli.wpress.me\/index.php\/wp-json\/wp\/v2\/types\/product"}],"version-history":[{"count":0,"href":"https:\/\/singuli.wpress.me\/index.php\/wp-json\/wp\/v2\/product\/46205\/revisions"}],"wp:featuredmedia":[{"embeddable":true,"href":"https:\/\/singuli.wpress.me\/index.php\/wp-json\/wp\/v2\/media\/46206"}],"wp:attachment":[{"href":"https:\/\/singuli.wpress.me\/index.php\/wp-json\/wp\/v2\/media?parent=46205"}],"wp:term":[{"taxonomy":"product_brand","embeddable":true,"href":"https:\/\/singuli.wpress.me\/index.php\/wp-json\/wp\/v2\/product_brand?post=46205"},{"taxonomy":"product_cat","embeddable":true,"href":"https:\/\/singuli.wpress.me\/index.php\/wp-json\/wp\/v2\/product_cat?post=46205"},{"taxonomy":"product_tag","embeddable":true,"href":"https:\/\/singuli.wpress.me\/index.php\/wp-json\/wp\/v2\/product_tag?post=46205"}],"curies":[{"name":"wp","href":"https:\/\/api.w.org\/{rel}","templated":true}]}}