{"id":46207,"date":"2026-04-21T00:31:09","date_gmt":"2026-04-21T00:31:09","guid":{"rendered":"https:\/\/singuli.wpress.me\/index.php\/proizvod\/gillette-king-c-gillette-poklon-paket\/"},"modified":"2026-04-21T00:31:09","modified_gmt":"2026-04-21T00:31:09","slug":"gillette-king-c-gillette-poklon-paket","status":"publish","type":"product","link":"https:\/\/singuli.wpress.me\/index.php\/proizvod\/gillette-king-c-gillette-poklon-paket\/","title":{"rendered":"GILLETTE King C. Gillette, poklon paket"},"content":{"rendered":"<p><span style=\"font-weight: bold\">Poklon set za mu\u0161karce sadr\u017ei be\u017ei\u010dni trimer, losion od 100 ml i ru\u010dnik.<\/span><\/p>\n<p>Be\u017ei\u010dni trimer s 4D o\u0161tricom omogu\u0107uje jednostavno, brzo i ugodno brijanje.<br \/>\nHidratantni losion ubla\u017euje svrbe\u017e, perutanje ko\u017ee i njeguje lice<\/p>\n<p>King C. Gillette poklon set za mu\u0161karce sadr\u017ei be\u017ei\u010dni trimer, hidratantni losion s vitaminima B3 i B5 kompleksom te ru\u010dnik. Svestrani alat namijenjen je za oblikovanje rubova, trimanje i temeljito podrezivanje kratkih dla\u010dica. Ovaj be\u017ei\u010dni trimer s 4D o\u0161tricom omogu\u0107uje jednostavno, brzo i ugodno brijanje. Zamjenjiva metalna o\u0161trica osigurava do 6 mjeseci podrezivanja dla\u010dica. King C. Gillette hidratantni losion za bradu ubla\u017euje svrbe\u017e i perutanje ko\u017ee te njeguje lice. Lagana formula s kompleksom vitamina B poma\u017ee oja\u010dati prirodnu barijeru ko\u017ee i pru\u017ea joj ugodan i nemasan osje\u0107aj. Izbjegnite nered tijekom brijanja i u\u0161tedite vrijeme s ru\u010dnikom koji mo\u017ee poslu\u017eiti i kao ogrta\u010d za \u0161i\u0161anje kod ku\u0107e.<\/p>\n","protected":false},"excerpt":{"rendered":"<p>Paket sadr\u017ei King C. Styler be\u017ei\u010dni trimer, losion od 100 ml i ru\u010dnik<br \/>\nBe\u017ei\u010dni trimer s 4D o\u0161tricom omogu\u0107uje jednostavno, brzo i ugodno brijanje<br \/>\nHidratantni losion ubla\u017euje svrbe\u017e, perutanje ko\u017ee i njeguje lice<\/p>\n","protected":false},"featured_media":46208,"template":"","meta":{"_seopress_robots_primary_cat":"","_seopress_titles_title":"","_seopress_titles_desc":"","_seopress_robots_index":"","iawp_total_views":0},"product_brand":[323],"product_cat":[261,277],"product_tag":[],"class_list":{"0":"post-46207","1":"product","2":"type-product","3":"status-publish","4":"has-post-thumbnail","6":"product_brand-gillette","7":"product_cat-hrana-i-pice","8":"product_cat-slatkisi-i-grickalice-261","10":"first","11":"outofstock","12":"shipping-taxable","13":"purchasable","14":"product-type-simple"},"_links":{"self":[{"href":"https:\/\/singuli.wpress.me\/index.php\/wp-json\/wp\/v2\/product\/46207","targetHints":{"allow":["GET"]}}],"collection":[{"href":"https:\/\/singuli.wpress.me\/index.php\/wp-json\/wp\/v2\/product"}],"about":[{"href":"https:\/\/singuli.wpress.me\/index.php\/wp-json\/wp\/v2\/types\/product"}],"version-history":[{"count":0,"href":"https:\/\/singuli.wpress.me\/index.php\/wp-json\/wp\/v2\/product\/46207\/revisions"}],"wp:featuredmedia":[{"embeddable":true,"href":"https:\/\/singuli.wpress.me\/index.php\/wp-json\/wp\/v2\/media\/46208"}],"wp:attachment":[{"href":"https:\/\/singuli.wpress.me\/index.php\/wp-json\/wp\/v2\/media?parent=46207"}],"wp:term":[{"taxonomy":"product_brand","embeddable":true,"href":"https:\/\/singuli.wpress.me\/index.php\/wp-json\/wp\/v2\/product_brand?post=46207"},{"taxonomy":"product_cat","embeddable":true,"href":"https:\/\/singuli.wpress.me\/index.php\/wp-json\/wp\/v2\/product_cat?post=46207"},{"taxonomy":"product_tag","embeddable":true,"href":"https:\/\/singuli.wpress.me\/index.php\/wp-json\/wp\/v2\/product_tag?post=46207"}],"curies":[{"name":"wp","href":"https:\/\/api.w.org\/{rel}","templated":true}]}}