{"id":46210,"date":"2026-04-21T00:31:10","date_gmt":"2026-04-21T00:31:10","guid":{"rendered":"https:\/\/singuli.wpress.me\/index.php\/proizvod\/ariel-extra-clean-power-tekuci-deterdzent-za-pranje-rublja-2-145l-39-pranja\/"},"modified":"2026-04-21T00:31:10","modified_gmt":"2026-04-21T00:31:10","slug":"ariel-extra-clean-power-tekuci-deterdzent-za-pranje-rublja-2-145l-39-pranja","status":"publish","type":"product","link":"https:\/\/singuli.wpress.me\/index.php\/proizvod\/ariel-extra-clean-power-tekuci-deterdzent-za-pranje-rublja-2-145l-39-pranja\/","title":{"rendered":"ARIEL +Extra Clean Power, teku\u0107i deterd\u017eent za pranje rublja, 2.145l, 39\u00a0pranja"},"content":{"rendered":"<p>Otkrijte teku\u0107i deterd\u017eent za pranje rublja Ariel +Extra Clean Power, na\u0161 najbolji teku\u0107i Ariel, koji vam pru\u017ea izuzetnu Arielovu \u010disto\u0107u i vrhunsku higijenu (u usporedbi s teku\u0107im deterd\u017eentom Ariel Mountain Spring). Teku\u0107i deterd\u017eent Ariel +Extra Clean Power pru\u017ea besprijekorne rezultate, \u010dak i na ni\u017eim temperaturama. <\/p>\n<p>Dolazi u pakiranju koje se mo\u017ee reciklirati. <\/p>\n<p>Tvrdokorne mrlje prije pranja tretirajte teku\u0107im deterd\u017eentom Ariel +Extra Clean Power i njegovim zelenim \u010depom, a zatim operite rublje u perilici. Za najbolje rezultate \u010dep s deterd\u017eentom stavite izravno u bubanj perilice rublja. <\/p>\n<p>Iz ekolo\u0161kih razloga na neke boce ne stavljamo \u010dep s mjericom. Takav je \u010dep besplatno dostupan na internetskoj stranici ariel.info.<\/p>\n","protected":false},"excerpt":{"rendered":"<p>Dubinsko \u010di\u0161\u0107enje + dodatna higijena<br \/>\nIznimno sna\u017ean protiv tvrdokornih mrlja<br \/>\nBesprijekorni rezultati \u010dak i na ni\u017eim temperaturama<\/p>\n","protected":false},"featured_media":46211,"template":"","meta":{"_seopress_robots_primary_cat":"","_seopress_titles_title":"","_seopress_titles_desc":"","_seopress_robots_index":"","iawp_total_views":0},"product_brand":[427],"product_cat":[283,238],"product_tag":[],"class_list":{"0":"post-46210","1":"product","2":"type-product","3":"status-publish","4":"has-post-thumbnail","6":"product_brand-ariel","7":"product_cat-pranje-rublja-238","8":"product_cat-sve-za-dom","10":"first","11":"outofstock","12":"shipping-taxable","13":"purchasable","14":"product-type-simple"},"_links":{"self":[{"href":"https:\/\/singuli.wpress.me\/index.php\/wp-json\/wp\/v2\/product\/46210","targetHints":{"allow":["GET"]}}],"collection":[{"href":"https:\/\/singuli.wpress.me\/index.php\/wp-json\/wp\/v2\/product"}],"about":[{"href":"https:\/\/singuli.wpress.me\/index.php\/wp-json\/wp\/v2\/types\/product"}],"version-history":[{"count":0,"href":"https:\/\/singuli.wpress.me\/index.php\/wp-json\/wp\/v2\/product\/46210\/revisions"}],"wp:featuredmedia":[{"embeddable":true,"href":"https:\/\/singuli.wpress.me\/index.php\/wp-json\/wp\/v2\/media\/46211"}],"wp:attachment":[{"href":"https:\/\/singuli.wpress.me\/index.php\/wp-json\/wp\/v2\/media?parent=46210"}],"wp:term":[{"taxonomy":"product_brand","embeddable":true,"href":"https:\/\/singuli.wpress.me\/index.php\/wp-json\/wp\/v2\/product_brand?post=46210"},{"taxonomy":"product_cat","embeddable":true,"href":"https:\/\/singuli.wpress.me\/index.php\/wp-json\/wp\/v2\/product_cat?post=46210"},{"taxonomy":"product_tag","embeddable":true,"href":"https:\/\/singuli.wpress.me\/index.php\/wp-json\/wp\/v2\/product_tag?post=46210"}],"curies":[{"name":"wp","href":"https:\/\/api.w.org\/{rel}","templated":true}]}}