{"id":46232,"date":"2026-04-21T00:31:17","date_gmt":"2026-04-21T00:31:17","guid":{"rendered":"https:\/\/singuli.wpress.me\/index.php\/proizvod\/roglic-ekstra-djevicansko-maslinovo-ulje-0-75-l\/"},"modified":"2026-04-21T00:31:17","modified_gmt":"2026-04-21T00:31:17","slug":"roglic-ekstra-djevicansko-maslinovo-ulje-0-75-l","status":"publish","type":"product","link":"https:\/\/singuli.wpress.me\/index.php\/proizvod\/roglic-ekstra-djevicansko-maslinovo-ulje-0-75-l\/","title":{"rendered":"ROGLI\u0106, ekstra djevi\u010dansko maslinovo ulje, 0.75\u00a0l"},"content":{"rendered":"<p><span style=\"font-weight: bold\">ORVAS MASLINOVO ULJE SA OTOKA BRA\u010cA (HRVATSKA)<\/span><\/p>\n<p>Ovo ekstra djevi\u010dansko ulje se proizvodi od ru\u010dno ubranih maslina iz vlastitih maslinika u Dubravi, (Pu\u010di\u0161\u0107e) i Bunji (Sumartin) na otoku Bra\u010du. Odabrane, zdrave masline podvrgavaju se hladnoj preradi, s minimalnim odmakom izme\u0111u branja i prerade. Ova metoda osigurava vrhunsku kvalitetu maslinovog ulja.<\/p>\n<p>ORVAS MASLINOVO ULJE OTOKA BRA\u010cA \u2013 ekstra djevi\u010dansko ima sve pozitivne senzorske karakteristike maslinovog ulja. Ima blago gorak, pikantan okus \u0161to ga svrstava u ekstra djevi\u010dansko. Njegova kvaliteta govori da je proizveden od zdravih, svje\u017eih maslina, kako zelenih tako i onih koje tek po\u010dinju mijenjati boju. Osim toga, prosje\u010dno sadr\u017ei samo 0,17% slobodnih masnih kiselina, pa zadovoljava najstro\u017ee kriterije za visokokvalitetno ekstra djevi\u010dansko maslinovo ulje.<\/p>\n<p>Ekstra djevi\u010dansko maslinovo ulje poti\u010de zdrav rast djece i usporava proces starenja jer sadr\u017ei visoku razinu antioksidansa koji blokiraju djelovanje slobodnih radikala. Dobar je za kosti i zglobove, ko\u017eu, jetru i crijeva, srce i krvne \u017eile. \u0160titi dobar kolesterol (HDL) i smanjuje lo\u0161 kolesterol (LDL).<\/p>\n<p>Nutricionisti\u010dki gledano, ekstra djevi\u010dansko ulje vrijedan je izvor korofila, karotena (koji sprje\u010dava oksidaciju ili u\u017eeglo ulja), lecitina (prirodni antioksidans koji poti\u010de metabolizam masti, \u0161e\u0107era i proteina), polifenolnog antioksidansa i esencijalnih vitamina (A , D, H i E).<\/p>\n","protected":false},"excerpt":{"rendered":"<p>Proizvodi se od ru\u010dno ubranih maslina<br \/>\nIma blago gorak, pikantan okus \u0161to ga svrstava u ekstra djevi\u010dansko<br \/>\nProsje\u010dno sadr\u017ei samo 0,17% slobodnih masnih kiselina<\/p>\n","protected":false},"featured_media":46233,"template":"","meta":{"_seopress_robots_primary_cat":"","_seopress_titles_title":"","_seopress_titles_desc":"","_seopress_robots_index":"","iawp_total_views":0},"product_brand":[502],"product_cat":[243,272],"product_tag":[],"class_list":{"0":"post-46232","1":"product","2":"type-product","3":"status-publish","4":"has-post-thumbnail","6":"product_brand-roglic","7":"product_cat-automobili-i-motori","8":"product_cat-motorna-ulja-243","10":"first","11":"outofstock","12":"shipping-taxable","13":"purchasable","14":"product-type-simple"},"_links":{"self":[{"href":"https:\/\/singuli.wpress.me\/index.php\/wp-json\/wp\/v2\/product\/46232","targetHints":{"allow":["GET"]}}],"collection":[{"href":"https:\/\/singuli.wpress.me\/index.php\/wp-json\/wp\/v2\/product"}],"about":[{"href":"https:\/\/singuli.wpress.me\/index.php\/wp-json\/wp\/v2\/types\/product"}],"version-history":[{"count":0,"href":"https:\/\/singuli.wpress.me\/index.php\/wp-json\/wp\/v2\/product\/46232\/revisions"}],"wp:featuredmedia":[{"embeddable":true,"href":"https:\/\/singuli.wpress.me\/index.php\/wp-json\/wp\/v2\/media\/46233"}],"wp:attachment":[{"href":"https:\/\/singuli.wpress.me\/index.php\/wp-json\/wp\/v2\/media?parent=46232"}],"wp:term":[{"taxonomy":"product_brand","embeddable":true,"href":"https:\/\/singuli.wpress.me\/index.php\/wp-json\/wp\/v2\/product_brand?post=46232"},{"taxonomy":"product_cat","embeddable":true,"href":"https:\/\/singuli.wpress.me\/index.php\/wp-json\/wp\/v2\/product_cat?post=46232"},{"taxonomy":"product_tag","embeddable":true,"href":"https:\/\/singuli.wpress.me\/index.php\/wp-json\/wp\/v2\/product_tag?post=46232"}],"curies":[{"name":"wp","href":"https:\/\/api.w.org\/{rel}","templated":true}]}}