{"id":46237,"date":"2026-04-21T00:31:20","date_gmt":"2026-04-21T00:31:20","guid":{"rendered":"https:\/\/singuli.wpress.me\/index.php\/proizvod\/hot-wheels-set-za-akrobacije-2\/"},"modified":"2026-04-21T00:31:20","modified_gmt":"2026-04-21T00:31:20","slug":"hot-wheels-set-za-akrobacije-2","status":"publish","type":"product","link":"https:\/\/singuli.wpress.me\/index.php\/proizvod\/hot-wheels-set-za-akrobacije-2\/","title":{"rendered":"HOT WHEELS, set za akrobacije"},"content":{"rendered":"<p>Postani pravi akrobat uz Hot Wheels Set s kultnim automobilima, ultra-cool naran\u010dastom stazom i lanserom.<\/p>\n<p>Uz \u010detiri razli\u010dite akrobatske staze, automobili mogu presko\u010diti elektri\u010dni toranj s munjama, projuriti kroz vatru, vrtjeti se u krug ili napraviti pravi salto.<\/p>\n<p>\u010cetiri razli\u010dita seta s jedinstvenim zna\u010dajkama nude pravu akciju i uzbudljive bitke s prijateljima!<\/p>\n<p>U svakom setu dobiva se jedan Hot Wheels legendarni auti\u0107.<\/p>\n<p>Svaki set se mo\u017ee povezati s drugim Hot Wheels trka\u0107im setovima (prodaju se zasebno) kako bi se stvorila legendarna staza.<\/p>\n<p>Sakupite ih sve i izgradite svijet akrobatskih igara.<\/p>\n","protected":false},"excerpt":{"rendered":"<p>Uklju\u010duje 1 Hot Wheels auti\u0107<br \/>\nNude pravu akciju i uzbudljive bitke s prijateljima<br \/>\nMo\u017ee se povezati s drugim Hot Wheels trka\u0107im setovima<\/p>\n","protected":false},"featured_media":46238,"template":"","meta":{"_seopress_robots_primary_cat":"","_seopress_titles_title":"","_seopress_titles_desc":"","_seopress_robots_index":"","iawp_total_views":0},"product_brand":[429],"product_cat":[221,291],"product_tag":[],"class_list":{"0":"post-46237","1":"product","2":"type-product","3":"status-publish","4":"has-post-thumbnail","6":"product_brand-hot-wheels","7":"product_cat-igracke","8":"product_cat-igracke-za-djecu-221","10":"first","11":"instock","12":"shipping-taxable","13":"purchasable","14":"product-type-simple"},"_links":{"self":[{"href":"https:\/\/singuli.wpress.me\/index.php\/wp-json\/wp\/v2\/product\/46237","targetHints":{"allow":["GET"]}}],"collection":[{"href":"https:\/\/singuli.wpress.me\/index.php\/wp-json\/wp\/v2\/product"}],"about":[{"href":"https:\/\/singuli.wpress.me\/index.php\/wp-json\/wp\/v2\/types\/product"}],"version-history":[{"count":0,"href":"https:\/\/singuli.wpress.me\/index.php\/wp-json\/wp\/v2\/product\/46237\/revisions"}],"wp:featuredmedia":[{"embeddable":true,"href":"https:\/\/singuli.wpress.me\/index.php\/wp-json\/wp\/v2\/media\/46238"}],"wp:attachment":[{"href":"https:\/\/singuli.wpress.me\/index.php\/wp-json\/wp\/v2\/media?parent=46237"}],"wp:term":[{"taxonomy":"product_brand","embeddable":true,"href":"https:\/\/singuli.wpress.me\/index.php\/wp-json\/wp\/v2\/product_brand?post=46237"},{"taxonomy":"product_cat","embeddable":true,"href":"https:\/\/singuli.wpress.me\/index.php\/wp-json\/wp\/v2\/product_cat?post=46237"},{"taxonomy":"product_tag","embeddable":true,"href":"https:\/\/singuli.wpress.me\/index.php\/wp-json\/wp\/v2\/product_tag?post=46237"}],"curies":[{"name":"wp","href":"https:\/\/api.w.org\/{rel}","templated":true}]}}