{"id":46245,"date":"2026-04-21T00:31:24","date_gmt":"2026-04-21T00:31:24","guid":{"rendered":"https:\/\/singuli.wpress.me\/index.php\/proizvod\/fisher-price-jastucic-s-aktivnostima-za-igru-igracka\/"},"modified":"2026-04-21T00:31:24","modified_gmt":"2026-04-21T00:31:24","slug":"fisher-price-jastucic-s-aktivnostima-za-igru-igracka","status":"publish","type":"product","link":"https:\/\/singuli.wpress.me\/index.php\/proizvod\/fisher-price-jastucic-s-aktivnostima-za-igru-igracka\/","title":{"rendered":"FISHER PRICE jastu\u010di\u0107 s aktivnostima za igru, igra\u010dka"},"content":{"rendered":"<p>Prijatelj je\u017e s irokezom? Zvu\u010di kao prili\u010dno cool prijatelj za igru. Pli\u0161ani Fisher-Price\u00ae je\u017e ima 8 razli\u010ditih tekstura i 3 jedinstvena zvuka koje beba mo\u017ee istra\u017eivati, uklju\u010duju\u0107i naborani trbuh, zve\u010dku iznena\u0111enja iznutra i \u0161kripavi nos! Ovaj \u010dupavi prijatelj tako\u0111er ima povezive petlje tako da mo\u017eete jednostavno dodati i ponijeti za igru bilo gdje. Dob: 3+ mjeseci.<\/p>\n","protected":false},"excerpt":{"rendered":"<p>Oja\u010dava motori\u010dke sposobnosti beba<br \/>\nOdu\u0161evljava osjetila beba<br \/>\nMogu\u0107e prati u perilici rublja<\/p>\n","protected":false},"featured_media":46246,"template":"","meta":{"_seopress_robots_primary_cat":"","_seopress_titles_title":"","_seopress_titles_desc":"","_seopress_robots_index":"","iawp_total_views":0},"product_brand":[458],"product_cat":[221,291],"product_tag":[],"class_list":{"0":"post-46245","1":"product","2":"type-product","3":"status-publish","4":"has-post-thumbnail","6":"product_brand-fisher-price","7":"product_cat-igracke","8":"product_cat-igracke-za-djecu-221","10":"first","11":"outofstock","12":"shipping-taxable","13":"purchasable","14":"product-type-simple"},"_links":{"self":[{"href":"https:\/\/singuli.wpress.me\/index.php\/wp-json\/wp\/v2\/product\/46245","targetHints":{"allow":["GET"]}}],"collection":[{"href":"https:\/\/singuli.wpress.me\/index.php\/wp-json\/wp\/v2\/product"}],"about":[{"href":"https:\/\/singuli.wpress.me\/index.php\/wp-json\/wp\/v2\/types\/product"}],"version-history":[{"count":0,"href":"https:\/\/singuli.wpress.me\/index.php\/wp-json\/wp\/v2\/product\/46245\/revisions"}],"wp:featuredmedia":[{"embeddable":true,"href":"https:\/\/singuli.wpress.me\/index.php\/wp-json\/wp\/v2\/media\/46246"}],"wp:attachment":[{"href":"https:\/\/singuli.wpress.me\/index.php\/wp-json\/wp\/v2\/media?parent=46245"}],"wp:term":[{"taxonomy":"product_brand","embeddable":true,"href":"https:\/\/singuli.wpress.me\/index.php\/wp-json\/wp\/v2\/product_brand?post=46245"},{"taxonomy":"product_cat","embeddable":true,"href":"https:\/\/singuli.wpress.me\/index.php\/wp-json\/wp\/v2\/product_cat?post=46245"},{"taxonomy":"product_tag","embeddable":true,"href":"https:\/\/singuli.wpress.me\/index.php\/wp-json\/wp\/v2\/product_tag?post=46245"}],"curies":[{"name":"wp","href":"https:\/\/api.w.org\/{rel}","templated":true}]}}