{"id":46252,"date":"2026-04-21T00:31:28","date_gmt":"2026-04-21T00:31:28","guid":{"rendered":"https:\/\/singuli.wpress.me\/index.php\/proizvod\/becutan-vitaminska-mast-200-ml\/"},"modified":"2026-04-21T00:31:28","modified_gmt":"2026-04-21T00:31:28","slug":"becutan-vitaminska-mast-200-ml","status":"publish","type":"product","link":"https:\/\/singuli.wpress.me\/index.php\/proizvod\/becutan-vitaminska-mast-200-ml\/","title":{"rendered":"BECUTAN, vitaminska mast, 200\u00a0ml"},"content":{"rendered":"<p>Becutan dje\u010dja vitaminska mast namijenjena je svakodnevnoj njezi bebine ko\u017ee, posebno na pokrivenim dijelovima pelenske regije. Sadr\u017ei vitamin \u0410 i vitamin \u0415 koji odr\u017eavaju normalnu vla\u017enost bebine ko\u017ee, \u010dine je mekom i elasti\u010dnom, a istovremeno pospje\u0161uju otpornost na vanjske utjecaje i iritanse. Sadr\u017ei i ulje nevenovog cvijeta koje umiruje crvenilo i iritacije te obnavlja ko\u017eu. Becutan dje\u010dju vitaminsku mast potrebno je nanijeti na suhu i \u010distu ko\u017eu pri svakoj promjeni pelena i nje\u017eno utrljati sve dok se potpuno ne upije u ko\u017eu.<\/p>\n","protected":false},"excerpt":{"rendered":"<p>Posebno formulirana za svakodnevnu za\u0161titu i njegu ko\u017ee na dijelovima tijela pokrivenim pelenama<br \/>\nOdr\u017eava prirodnu vla\u017enost, pobolj\u0161ava elasti\u010dnost ko\u017ee i ja\u010da njezinu otpornost na vanjske iritanse<br \/>\nUlje nevenovog cvijeta u\u010dinkovito smiruje crvenilo, ubla\u017eava iritacije i poti\u010de brzu obnovu ko\u017ee<\/p>\n","protected":false},"featured_media":46253,"template":"","meta":{"_seopress_robots_primary_cat":"","_seopress_titles_title":"","_seopress_titles_desc":"","_seopress_robots_index":"","iawp_total_views":0},"product_brand":[803],"product_cat":[268,278],"product_tag":[],"class_list":{"0":"post-46252","1":"product","2":"type-product","3":"status-publish","4":"has-post-thumbnail","6":"product_brand-becutan","7":"product_cat-kozmetika-2","8":"product_cat-njega-tijela-268","10":"first","11":"instock","12":"shipping-taxable","13":"purchasable","14":"product-type-simple"},"_links":{"self":[{"href":"https:\/\/singuli.wpress.me\/index.php\/wp-json\/wp\/v2\/product\/46252","targetHints":{"allow":["GET"]}}],"collection":[{"href":"https:\/\/singuli.wpress.me\/index.php\/wp-json\/wp\/v2\/product"}],"about":[{"href":"https:\/\/singuli.wpress.me\/index.php\/wp-json\/wp\/v2\/types\/product"}],"version-history":[{"count":0,"href":"https:\/\/singuli.wpress.me\/index.php\/wp-json\/wp\/v2\/product\/46252\/revisions"}],"wp:featuredmedia":[{"embeddable":true,"href":"https:\/\/singuli.wpress.me\/index.php\/wp-json\/wp\/v2\/media\/46253"}],"wp:attachment":[{"href":"https:\/\/singuli.wpress.me\/index.php\/wp-json\/wp\/v2\/media?parent=46252"}],"wp:term":[{"taxonomy":"product_brand","embeddable":true,"href":"https:\/\/singuli.wpress.me\/index.php\/wp-json\/wp\/v2\/product_brand?post=46252"},{"taxonomy":"product_cat","embeddable":true,"href":"https:\/\/singuli.wpress.me\/index.php\/wp-json\/wp\/v2\/product_cat?post=46252"},{"taxonomy":"product_tag","embeddable":true,"href":"https:\/\/singuli.wpress.me\/index.php\/wp-json\/wp\/v2\/product_tag?post=46252"}],"curies":[{"name":"wp","href":"https:\/\/api.w.org\/{rel}","templated":true}]}}