{"id":46259,"date":"2026-04-21T00:31:30","date_gmt":"2026-04-21T00:31:30","guid":{"rendered":"https:\/\/singuli.wpress.me\/index.php\/proizvod\/gillette-poklon-paket-venus-smooth-brijac-2-britvice-gel-satin-care-75ml\/"},"modified":"2026-04-21T00:31:30","modified_gmt":"2026-04-21T00:31:30","slug":"gillette-poklon-paket-venus-smooth-brijac-2-britvice-gel-satin-care-75ml","status":"publish","type":"product","link":"https:\/\/singuli.wpress.me\/index.php\/proizvod\/gillette-poklon-paket-venus-smooth-brijac-2-britvice-gel-satin-care-75ml\/","title":{"rendered":"GILLETTE, poklon paket, Venus Smooth brija\u010d + 2 britvice + gel Satin Care 75ml"},"content":{"rendered":"<p>Poklon set Gillette Venus Smooth zagla\u0111uje i \u0161titi nje\u017enu ko\u017eu, nude\u0107i brzo i bezbolno iskustvo brijanja.<\/p>\n<p><span style=\"font-weight: bold\">Gillette Venus Smooth Razor<\/span> ima tri zakrivljene o\u0161trice koje klize bez napora zahvaljuju\u0107i okolnim za\u0161titnim jastu\u010di\u0107ima od elastomera. Oni ne samo da osjetno omek\u0161avaju ko\u017eu, ve\u0107 i \u010dine proces brijanja brzim, bezbolnim i jednostavnim. Osim \u0161to daje dugotrajne rezultate nude\u0107i bolje brijanje, njegova traka za podmazivanje udru\u017euje snage s ergonomskom ru\u010dkom od mekanog gela izra\u0111enom od protuklizne gume.<br \/>\n<span style=\"font-weight: bold\">Gillette Venus Smooth 2 zamjenske britvice<\/span> idealna su punja\u010da za glavu za va\u0161u omiljenu Venus ru\u010dku. Sustav s tri zakrivljene o\u0161trice osigurava dugotrajno i glatko brijanje koje zagla\u0111uje ko\u017eu. Nakon \u0161to plavi indikator na hidratantnoj traci britvice po\u010dne blijedjeti, vrijeme je za novo punjenje. Jednostavno zamijenite glavu kako biste nastavili s optimalnim brijanjem, izbjegavaju\u0107i nepotrebno o\u0161te\u0107enje ko\u017ee. Oboga\u0107eni aloe verom, dubinski umiruju dok tako\u0111er ja\u010daju obrambenu barijeru protiv \u0161tetnih slobodnih radikala.<br \/>\n<span style=\"font-weight: bold\">Gillette Venus Satin Care gel za brijanje<\/span> s aloe verom za osjetljivu ko\u017eu 75 ml ima blagi miris i umiruje ko\u017eu kojoj je potrebna dodatna prehrana. Zapravo, jezgra Aloe vere kao i njezini napredni lubrikanti \u010dine da britvice bez napora klize po va\u0161em tijelu za ugodno brijanje. Dobar dio formule \u0161titi ranjiviju ko\u017eu od vanjskih prijetnji poput posjekotina, opeklina ili iritacija, dubinski je omek\u0161avaju\u0107i. U istoj mjeri sastojci poput palmitinske kiseline i tokoferola udru\u017euju snage kako bi oja\u010dali barijeru vlage, daju\u0107i nezaboravan satenski zavr\u0161etak.<\/p>\n","protected":false},"excerpt":{"rendered":"<p>Poklon set Gillette Venus Smooth zagla\u0111uje i \u0161titi nje\u017enu ko\u017eu, nude\u0107i brzo i bezbolno iskustvo brijanja. Gillette Venus Smooth Razor<\/p>\n","protected":false},"featured_media":46260,"template":"","meta":{"_seopress_robots_primary_cat":"","_seopress_titles_title":"","_seopress_titles_desc":"","_seopress_robots_index":"","iawp_total_views":0},"product_brand":[323],"product_cat":[261,277],"product_tag":[],"class_list":{"0":"post-46259","1":"product","2":"type-product","3":"status-publish","4":"has-post-thumbnail","6":"product_brand-gillette","7":"product_cat-hrana-i-pice","8":"product_cat-slatkisi-i-grickalice-261","10":"first","11":"outofstock","12":"shipping-taxable","13":"purchasable","14":"product-type-simple"},"_links":{"self":[{"href":"https:\/\/singuli.wpress.me\/index.php\/wp-json\/wp\/v2\/product\/46259","targetHints":{"allow":["GET"]}}],"collection":[{"href":"https:\/\/singuli.wpress.me\/index.php\/wp-json\/wp\/v2\/product"}],"about":[{"href":"https:\/\/singuli.wpress.me\/index.php\/wp-json\/wp\/v2\/types\/product"}],"version-history":[{"count":0,"href":"https:\/\/singuli.wpress.me\/index.php\/wp-json\/wp\/v2\/product\/46259\/revisions"}],"wp:featuredmedia":[{"embeddable":true,"href":"https:\/\/singuli.wpress.me\/index.php\/wp-json\/wp\/v2\/media\/46260"}],"wp:attachment":[{"href":"https:\/\/singuli.wpress.me\/index.php\/wp-json\/wp\/v2\/media?parent=46259"}],"wp:term":[{"taxonomy":"product_brand","embeddable":true,"href":"https:\/\/singuli.wpress.me\/index.php\/wp-json\/wp\/v2\/product_brand?post=46259"},{"taxonomy":"product_cat","embeddable":true,"href":"https:\/\/singuli.wpress.me\/index.php\/wp-json\/wp\/v2\/product_cat?post=46259"},{"taxonomy":"product_tag","embeddable":true,"href":"https:\/\/singuli.wpress.me\/index.php\/wp-json\/wp\/v2\/product_tag?post=46259"}],"curies":[{"name":"wp","href":"https:\/\/api.w.org\/{rel}","templated":true}]}}