{"id":46261,"date":"2026-04-21T00:31:31","date_gmt":"2026-04-21T00:31:31","guid":{"rendered":"https:\/\/singuli.wpress.me\/index.php\/proizvod\/heineken-silver-pivo-0-33-l\/"},"modified":"2026-04-21T00:31:31","modified_gmt":"2026-04-21T00:31:31","slug":"heineken-silver-pivo-0-33-l","status":"publish","type":"product","link":"https:\/\/singuli.wpress.me\/index.php\/proizvod\/heineken-silver-pivo-0-33-l\/","title":{"rendered":"HEINEKEN Silver, pivo, 0.33\u00a0l"},"content":{"rendered":"<p>Kako bi se dobio njegov ekstra osvje\u017eavaju\u0107i okus, Heineken\u00ae Silver kuha se postupkom le\u017eenja na -1\u00b0C. <\/p>\n<p>Rezultat? Pristupa\u010dan i jedinstven vrhunski lager s 4% alkohola, s o\u0161trim i suptilnim zavr\u0161etkom i prepoznatljivom vo\u0107nom aromom Heineken\u00ae Originala, u kojem svatko mo\u017ee u\u017eivati. <\/p>\n<p>Sada, to je ekstra svje\u017ee, stvarno!<\/p>\n","protected":false},"excerpt":{"rendered":"<p>Heineken\u00ae Silver kuha se postupkom le\u017eenja na -1\u00b0C<br \/>\nPristupa\u010dan i jedinstven vrhunski lager s 4% alkohola<br \/>\n\u010cuvati na suhom i hladnom mjestu<\/p>\n","protected":false},"featured_media":46262,"template":"","meta":{"_seopress_robots_primary_cat":"","_seopress_titles_title":"","_seopress_titles_desc":"","_seopress_robots_index":"","iawp_total_views":0},"product_brand":[776],"product_cat":[243,276],"product_tag":[],"class_list":{"0":"post-46261","1":"product","2":"type-product","3":"status-publish","4":"has-post-thumbnail","6":"product_brand-heineken","7":"product_cat-automobili-i-motori","8":"product_cat-industrijska-i-specijalna-ulja-243","10":"first","11":"instock","12":"shipping-taxable","13":"purchasable","14":"product-type-simple"},"_links":{"self":[{"href":"https:\/\/singuli.wpress.me\/index.php\/wp-json\/wp\/v2\/product\/46261","targetHints":{"allow":["GET"]}}],"collection":[{"href":"https:\/\/singuli.wpress.me\/index.php\/wp-json\/wp\/v2\/product"}],"about":[{"href":"https:\/\/singuli.wpress.me\/index.php\/wp-json\/wp\/v2\/types\/product"}],"version-history":[{"count":0,"href":"https:\/\/singuli.wpress.me\/index.php\/wp-json\/wp\/v2\/product\/46261\/revisions"}],"wp:featuredmedia":[{"embeddable":true,"href":"https:\/\/singuli.wpress.me\/index.php\/wp-json\/wp\/v2\/media\/46262"}],"wp:attachment":[{"href":"https:\/\/singuli.wpress.me\/index.php\/wp-json\/wp\/v2\/media?parent=46261"}],"wp:term":[{"taxonomy":"product_brand","embeddable":true,"href":"https:\/\/singuli.wpress.me\/index.php\/wp-json\/wp\/v2\/product_brand?post=46261"},{"taxonomy":"product_cat","embeddable":true,"href":"https:\/\/singuli.wpress.me\/index.php\/wp-json\/wp\/v2\/product_cat?post=46261"},{"taxonomy":"product_tag","embeddable":true,"href":"https:\/\/singuli.wpress.me\/index.php\/wp-json\/wp\/v2\/product_tag?post=46261"}],"curies":[{"name":"wp","href":"https:\/\/api.w.org\/{rel}","templated":true}]}}