{"id":46284,"date":"2026-04-21T00:31:39","date_gmt":"2026-04-21T00:31:39","guid":{"rendered":"https:\/\/singuli.wpress.me\/index.php\/proizvod\/bildo-set-za-modeliranje\/"},"modified":"2026-04-23T00:28:09","modified_gmt":"2026-04-23T00:28:09","slug":"bildo-set-za-modeliranje","status":"publish","type":"product","link":"https:\/\/singuli.wpress.me\/proizvod\/bildo-set-za-modeliranje\/","title":{"rendered":"BILDO, set za modeliranje"},"content":{"rendered":"<p>Vrijeme je za igru bojama i \u017eivotinjama! Ova prakti\u010dna kutija za no\u0161enje sadr\u017ei sve \u0161to je malim kreativcima potrebno za sate ma\u0161tovite igre \u2013 4 jarke boje plastelina, razli\u010dite kalupe i reza\u010de, valjak u obliku \u017eirafe, alatke za oblikovanje, podlogu za igru i jo\u0161 mnogo toga. Sve dolazi u \u010dvrstoj kutiji koju lako mo\u017eete ponijeti kamo god krenuli. Idealno za igru kod ku\u0107e ili u pokretu! Dob: 3+<\/p>\n<p>Zna\u010dajke:<br \/>\nPrakti\u010dna kutija za no\u0161enje plastelina <br \/>\n4 jarke boje plastelina<br \/>\n\u0160areni set za oblikovanje<\/p>\n","protected":false},"excerpt":{"rendered":"<p>Prakti\u010dna kutija za no\u0161enje plastelina<br \/>\n4 jarke boje plastelina za oblikovanje<br \/>\nDob: 3+ god<\/p>\n","protected":false},"featured_media":46285,"template":"","meta":{"_seopress_robots_primary_cat":"","_seopress_titles_title":"","_seopress_titles_desc":"","_seopress_robots_index":"","iawp_total_views":0},"product_brand":[512],"product_cat":[221,291],"product_tag":[],"class_list":{"0":"post-46284","1":"product","2":"type-product","3":"status-publish","4":"has-post-thumbnail","6":"product_brand-bildo","7":"product_cat-igracke","8":"product_cat-igracke-za-djecu-221","10":"first","11":"outofstock","12":"shipping-taxable","13":"purchasable","14":"product-type-simple"},"_links":{"self":[{"href":"https:\/\/singuli.wpress.me\/wp-json\/wp\/v2\/product\/46284","targetHints":{"allow":["GET"]}}],"collection":[{"href":"https:\/\/singuli.wpress.me\/wp-json\/wp\/v2\/product"}],"about":[{"href":"https:\/\/singuli.wpress.me\/wp-json\/wp\/v2\/types\/product"}],"version-history":[{"count":0,"href":"https:\/\/singuli.wpress.me\/wp-json\/wp\/v2\/product\/46284\/revisions"}],"wp:featuredmedia":[{"embeddable":true,"href":"https:\/\/singuli.wpress.me\/wp-json\/wp\/v2\/media\/46285"}],"wp:attachment":[{"href":"https:\/\/singuli.wpress.me\/wp-json\/wp\/v2\/media?parent=46284"}],"wp:term":[{"taxonomy":"product_brand","embeddable":true,"href":"https:\/\/singuli.wpress.me\/wp-json\/wp\/v2\/product_brand?post=46284"},{"taxonomy":"product_cat","embeddable":true,"href":"https:\/\/singuli.wpress.me\/wp-json\/wp\/v2\/product_cat?post=46284"},{"taxonomy":"product_tag","embeddable":true,"href":"https:\/\/singuli.wpress.me\/wp-json\/wp\/v2\/product_tag?post=46284"}],"curies":[{"name":"wp","href":"https:\/\/api.w.org\/{rel}","templated":true}]}}