{"id":46297,"date":"2026-04-21T00:31:42","date_gmt":"2026-04-21T00:31:42","guid":{"rendered":"https:\/\/singuli.wpress.me\/index.php\/proizvod\/pantene-poklon-paket-pantene-rose-miracles-me-time-bag-sampon-300ml-regenerator-200ml-ulje-100ml-sos-sprej\/"},"modified":"2026-04-21T00:31:42","modified_gmt":"2026-04-21T00:31:42","slug":"pantene-poklon-paket-pantene-rose-miracles-me-time-bag-sampon-300ml-regenerator-200ml-ulje-100ml-sos-sprej","status":"publish","type":"product","link":"https:\/\/singuli.wpress.me\/index.php\/proizvod\/pantene-poklon-paket-pantene-rose-miracles-me-time-bag-sampon-300ml-regenerator-200ml-ulje-100ml-sos-sprej\/","title":{"rendered":"PANTENE, poklon paket, Pantene Rose Miracles Me Time Bag, \u0161ampon 300ml + regenerator 200ml +ulje 100ml + sos sprej"},"content":{"rendered":"<p>\u017delite li trenutak za opu\u0161tanje? Trenutak za sebe? Ili se mo\u017eda netko od va\u0161ih bli\u017enjih \u017eeli opustiti ku\u0107nim spa-tretmanom? Ova prekrasna luksuzna kozmeti\u010dka torbica s najboljim proizvodima Pantene omogu\u0107it \u0107e vam da napokon odvojite #vrijemezasebe, a pritom dubinski transformirate svoju kosu i dodate joj volumen.<\/p>\n<p>Kolekcija Lift&#8217;n&#8217;Volume kombinira mo\u0107 formule Pro-V s biotinom i ru\u017einom vodicom. \u0160ampon bez silikona i balzam opskrbljuju va\u0161u kosu hranjivim tvarima i poma\u017eu je za\u0161tititi od o\u0161te\u0107enja uzrokovanih oblikovanjem tako da mo\u017eete imati vidljivo gu\u0161\u0107u i du\u017eu kosu kakvu \u017eelite. Svojom jedinstvenom formulom s ricinusovim uljem, biotinom i ru\u017einom vodicom ulje u maglici Pantene Pro-V Miracles 7 u 1 za\u0161titit \u0107e kosu od o\u0161te\u0107enja uzrokovanih oblikovanjem i toplinom, pobolj\u0161ati njezin sjaj i ukrotiti neposlu\u0161ne pramenove, a SOS sprej za kosu bez ispiranja Pantene Pro-V odmah \u010dini va\u0161u kosu punijom i poma\u017ee vam vratiti osje\u0107aj svje\u017ee oblikovane kose.<\/p>\n","protected":false},"excerpt":{"rendered":"<p>\u017delite li trenutak za opu\u0161tanje? Trenutak za sebe? Ili se mo\u017eda netko od va\u0161ih bli\u017enjih \u017eeli opustiti ku\u0107nim spa-tretmanom? Ova<\/p>\n","protected":false},"featured_media":46298,"template":"","meta":{"_seopress_robots_primary_cat":"","_seopress_titles_title":"","_seopress_titles_desc":"","_seopress_robots_index":"","iawp_total_views":0},"product_brand":[411],"product_cat":[261,277],"product_tag":[],"class_list":{"0":"post-46297","1":"product","2":"type-product","3":"status-publish","4":"has-post-thumbnail","6":"product_brand-pantene","7":"product_cat-hrana-i-pice","8":"product_cat-slatkisi-i-grickalice-261","10":"first","11":"outofstock","12":"shipping-taxable","13":"purchasable","14":"product-type-simple"},"_links":{"self":[{"href":"https:\/\/singuli.wpress.me\/index.php\/wp-json\/wp\/v2\/product\/46297","targetHints":{"allow":["GET"]}}],"collection":[{"href":"https:\/\/singuli.wpress.me\/index.php\/wp-json\/wp\/v2\/product"}],"about":[{"href":"https:\/\/singuli.wpress.me\/index.php\/wp-json\/wp\/v2\/types\/product"}],"version-history":[{"count":0,"href":"https:\/\/singuli.wpress.me\/index.php\/wp-json\/wp\/v2\/product\/46297\/revisions"}],"wp:featuredmedia":[{"embeddable":true,"href":"https:\/\/singuli.wpress.me\/index.php\/wp-json\/wp\/v2\/media\/46298"}],"wp:attachment":[{"href":"https:\/\/singuli.wpress.me\/index.php\/wp-json\/wp\/v2\/media?parent=46297"}],"wp:term":[{"taxonomy":"product_brand","embeddable":true,"href":"https:\/\/singuli.wpress.me\/index.php\/wp-json\/wp\/v2\/product_brand?post=46297"},{"taxonomy":"product_cat","embeddable":true,"href":"https:\/\/singuli.wpress.me\/index.php\/wp-json\/wp\/v2\/product_cat?post=46297"},{"taxonomy":"product_tag","embeddable":true,"href":"https:\/\/singuli.wpress.me\/index.php\/wp-json\/wp\/v2\/product_tag?post=46297"}],"curies":[{"name":"wp","href":"https:\/\/api.w.org\/{rel}","templated":true}]}}