{"id":46301,"date":"2026-04-21T00:31:44","date_gmt":"2026-04-21T00:31:44","guid":{"rendered":"https:\/\/singuli.wpress.me\/index.php\/proizvod\/games-drustvena-igra-dos\/"},"modified":"2026-04-21T00:31:44","modified_gmt":"2026-04-21T00:31:44","slug":"games-drustvena-igra-dos","status":"publish","type":"product","link":"https:\/\/singuli.wpress.me\/index.php\/proizvod\/games-drustvena-igra-dos\/","title":{"rendered":"GAMES, dru\u0161tvena igra, Dos"},"content":{"rendered":"<p>UNO ima novog najboljeg prijatelja, a to je <span style=\"font-weight: bold\">DOS<\/span>.<\/p>\n<p>U ovoj zabavnoj igri, dva je va\u017eniji od jedan, a podudaranje po broju je glavno. Kao i kod UNO karata, i u igri DOS cilj je biti prvi koji \u0107e se rije\u0161iti karata. Na po\u010detku igre okre\u0107u se dvije karte i prilikom svakog kruga, igra\u010d mo\u017ee igrati na obje okrenute karte i to s jednom ili dvije karte. Karte koje se stavljaju na okrenute karte moraju odgovarati brojem, a ako odgovaraju i bojom to je dodatni bonus. Ako igra\u010du ostanu dvije karte u ruci, on u sljede\u0107em krugu mo\u017ee spustiti obje karte, ali ne smije zaboraviti viknuti DOS!<\/p>\n<p>Igra sadr\u017ei 112 karata i upute.<\/p>\n<p>U igri mogu sudjelovati 2 do 4 igra\u010da, a mogu je igrati svi stariji od 7 godina.<\/p>\n","protected":false},"excerpt":{"rendered":"<p>Igra sadr\u017ei 112 karata i upute<br \/>\nMogu sudjelovati 2 do 4 igra\u010da<br \/>\nDob: 7+ god<\/p>\n","protected":false},"featured_media":46302,"template":"","meta":{"_seopress_robots_primary_cat":"","_seopress_titles_title":"","_seopress_titles_desc":"","_seopress_robots_index":"","iawp_total_views":0},"product_brand":[390],"product_cat":[290,221],"product_tag":[],"class_list":{"0":"post-46301","1":"product","2":"type-product","3":"status-publish","4":"has-post-thumbnail","6":"product_brand-games","7":"product_cat-drustvene-igre-221","8":"product_cat-igracke","10":"first","11":"instock","12":"shipping-taxable","13":"purchasable","14":"product-type-simple"},"_links":{"self":[{"href":"https:\/\/singuli.wpress.me\/index.php\/wp-json\/wp\/v2\/product\/46301","targetHints":{"allow":["GET"]}}],"collection":[{"href":"https:\/\/singuli.wpress.me\/index.php\/wp-json\/wp\/v2\/product"}],"about":[{"href":"https:\/\/singuli.wpress.me\/index.php\/wp-json\/wp\/v2\/types\/product"}],"version-history":[{"count":0,"href":"https:\/\/singuli.wpress.me\/index.php\/wp-json\/wp\/v2\/product\/46301\/revisions"}],"wp:featuredmedia":[{"embeddable":true,"href":"https:\/\/singuli.wpress.me\/index.php\/wp-json\/wp\/v2\/media\/46302"}],"wp:attachment":[{"href":"https:\/\/singuli.wpress.me\/index.php\/wp-json\/wp\/v2\/media?parent=46301"}],"wp:term":[{"taxonomy":"product_brand","embeddable":true,"href":"https:\/\/singuli.wpress.me\/index.php\/wp-json\/wp\/v2\/product_brand?post=46301"},{"taxonomy":"product_cat","embeddable":true,"href":"https:\/\/singuli.wpress.me\/index.php\/wp-json\/wp\/v2\/product_cat?post=46301"},{"taxonomy":"product_tag","embeddable":true,"href":"https:\/\/singuli.wpress.me\/index.php\/wp-json\/wp\/v2\/product_tag?post=46301"}],"curies":[{"name":"wp","href":"https:\/\/api.w.org\/{rel}","templated":true}]}}