{"id":46307,"date":"2026-04-21T00:31:48","date_gmt":"2026-04-21T00:31:48","guid":{"rendered":"https:\/\/singuli.wpress.me\/index.php\/proizvod\/fisher-price-salice-za-igru\/"},"modified":"2026-04-21T00:31:48","modified_gmt":"2026-04-21T00:31:48","slug":"fisher-price-salice-za-igru","status":"publish","type":"product","link":"https:\/\/singuli.wpress.me\/index.php\/proizvod\/fisher-price-salice-za-igru\/","title":{"rendered":"FISHER PRICE, \u0161alice za igru"},"content":{"rendered":"<p>Dijete mo\u017ee nau\u010diti jako puno kroz osnovnu igru i ove posudice, koje slaganjem, umetanjem jedne u drugu, kotrljanjem, omogu\u0107uju otkrivanje bezbrojnih na\u010dina igre.<\/p>\n<p>Pakiranje sadr\u017ei 10 \u0161arenih posudica za hvatanje, slaganje, umetanje sa \u017eljebastim povr\u0161inama koje omogu\u0107uju lak\u0161e slaganje.<br \/>\nRazli\u010dite boje, veli\u010dine i brojevi poti\u010du rani razvoj identifikacijskih vje\u0161tina.<br \/>\nSmije\u0161e\u0107a loptica pristaje u svaku posudicu ili se mo\u017ee staviti na vrh slo\u017eenih posudica!<br \/>\nDob djeteta: starost od 6-36 mjeseci<\/p>\n","protected":false},"excerpt":{"rendered":"<p>10 \u0161arenih posudica<br \/>\nDob: 6-36 mjeseci<br \/>\nPoti\u010du rani razvoj identifikacijskih vje\u0161tina<\/p>\n","protected":false},"featured_media":46308,"template":"","meta":{"_seopress_robots_primary_cat":"","_seopress_titles_title":"","_seopress_titles_desc":"","_seopress_robots_index":"","iawp_total_views":0},"product_brand":[458],"product_cat":[221,291],"product_tag":[],"class_list":{"0":"post-46307","1":"product","2":"type-product","3":"status-publish","4":"has-post-thumbnail","6":"product_brand-fisher-price","7":"product_cat-igracke","8":"product_cat-igracke-za-djecu-221","10":"first","11":"instock","12":"shipping-taxable","13":"purchasable","14":"product-type-simple"},"_links":{"self":[{"href":"https:\/\/singuli.wpress.me\/index.php\/wp-json\/wp\/v2\/product\/46307","targetHints":{"allow":["GET"]}}],"collection":[{"href":"https:\/\/singuli.wpress.me\/index.php\/wp-json\/wp\/v2\/product"}],"about":[{"href":"https:\/\/singuli.wpress.me\/index.php\/wp-json\/wp\/v2\/types\/product"}],"version-history":[{"count":0,"href":"https:\/\/singuli.wpress.me\/index.php\/wp-json\/wp\/v2\/product\/46307\/revisions"}],"wp:featuredmedia":[{"embeddable":true,"href":"https:\/\/singuli.wpress.me\/index.php\/wp-json\/wp\/v2\/media\/46308"}],"wp:attachment":[{"href":"https:\/\/singuli.wpress.me\/index.php\/wp-json\/wp\/v2\/media?parent=46307"}],"wp:term":[{"taxonomy":"product_brand","embeddable":true,"href":"https:\/\/singuli.wpress.me\/index.php\/wp-json\/wp\/v2\/product_brand?post=46307"},{"taxonomy":"product_cat","embeddable":true,"href":"https:\/\/singuli.wpress.me\/index.php\/wp-json\/wp\/v2\/product_cat?post=46307"},{"taxonomy":"product_tag","embeddable":true,"href":"https:\/\/singuli.wpress.me\/index.php\/wp-json\/wp\/v2\/product_tag?post=46307"}],"curies":[{"name":"wp","href":"https:\/\/api.w.org\/{rel}","templated":true}]}}