{"id":46313,"date":"2026-04-21T00:31:50","date_gmt":"2026-04-21T00:31:50","guid":{"rendered":"https:\/\/singuli.wpress.me\/index.php\/proizvod\/hot-wheels-monster-trucks-autic-koji-svijetli-u-mraku\/"},"modified":"2026-04-21T00:31:50","modified_gmt":"2026-04-21T00:31:50","slug":"hot-wheels-monster-trucks-autic-koji-svijetli-u-mraku","status":"publish","type":"product","link":"https:\/\/singuli.wpress.me\/index.php\/proizvod\/hot-wheels-monster-trucks-autic-koji-svijetli-u-mraku\/","title":{"rendered":"HOT WHEELS Monster Trucks, auti\u0107, koji svijetli u mraku"},"content":{"rendered":"<p>Akcija postaje jo\u0161 uzbudljivija kada se ugase svjetla s Monster Truck auti\u0107ima koji svijetle u mraku!<br \/>\nDijelovi koji svijetle u mraku svakom auti\u0107u daju dodatnu uzbudljivost, a veliki kota\u010di i stra\u0161an dizajn inspiriraju natjecanje &#8211; gledajte kako se bore u mraku! \u00a0<br \/>\nProizvod dolazi u vi\u0161e razli\u010ditih modela, a isporuka ovisi o njihovoj trenutnoj raspolo\u017eivosti.\u00a0<\/p>\n","protected":false},"excerpt":{"rendered":"<p>Svijetli u mraku<br \/>\nVeliki kota\u010di i stra\u0161an dizajn inspiriraju natjecanje<br \/>\nIgra\u010dka dolazi u vi\u0161e razli\u010ditih modela<\/p>\n","protected":false},"featured_media":46314,"template":"","meta":{"_seopress_robots_primary_cat":"","_seopress_titles_title":"","_seopress_titles_desc":"","_seopress_robots_index":"","iawp_total_views":0},"product_brand":[429],"product_cat":[243,273],"product_tag":[],"class_list":{"0":"post-46313","1":"product","2":"type-product","3":"status-publish","4":"has-post-thumbnail","6":"product_brand-hot-wheels","7":"product_cat-automobili-i-motori","8":"product_cat-njega-vozila-243","10":"first","11":"instock","12":"shipping-taxable","13":"purchasable","14":"product-type-simple"},"_links":{"self":[{"href":"https:\/\/singuli.wpress.me\/index.php\/wp-json\/wp\/v2\/product\/46313","targetHints":{"allow":["GET"]}}],"collection":[{"href":"https:\/\/singuli.wpress.me\/index.php\/wp-json\/wp\/v2\/product"}],"about":[{"href":"https:\/\/singuli.wpress.me\/index.php\/wp-json\/wp\/v2\/types\/product"}],"version-history":[{"count":0,"href":"https:\/\/singuli.wpress.me\/index.php\/wp-json\/wp\/v2\/product\/46313\/revisions"}],"wp:featuredmedia":[{"embeddable":true,"href":"https:\/\/singuli.wpress.me\/index.php\/wp-json\/wp\/v2\/media\/46314"}],"wp:attachment":[{"href":"https:\/\/singuli.wpress.me\/index.php\/wp-json\/wp\/v2\/media?parent=46313"}],"wp:term":[{"taxonomy":"product_brand","embeddable":true,"href":"https:\/\/singuli.wpress.me\/index.php\/wp-json\/wp\/v2\/product_brand?post=46313"},{"taxonomy":"product_cat","embeddable":true,"href":"https:\/\/singuli.wpress.me\/index.php\/wp-json\/wp\/v2\/product_cat?post=46313"},{"taxonomy":"product_tag","embeddable":true,"href":"https:\/\/singuli.wpress.me\/index.php\/wp-json\/wp\/v2\/product_tag?post=46313"}],"curies":[{"name":"wp","href":"https:\/\/api.w.org\/{rel}","templated":true}]}}