{"id":46333,"date":"2026-04-21T00:32:01","date_gmt":"2026-04-21T00:32:01","guid":{"rendered":"https:\/\/singuli.wpress.me\/index.php\/proizvod\/tuban-jelly-kreativni-set-morska-sirena\/"},"modified":"2026-04-21T00:32:01","modified_gmt":"2026-04-21T00:32:01","slug":"tuban-jelly-kreativni-set-morska-sirena","status":"publish","type":"product","link":"https:\/\/singuli.wpress.me\/index.php\/proizvod\/tuban-jelly-kreativni-set-morska-sirena\/","title":{"rendered":"TUBAN Jelly, kreativni set, morska sirena"},"content":{"rendered":"<p><span style=\"font-weight: bold\">Kreativni set za izradu 3D figura<\/span> omogu\u0107uje vam da koristite gotove uzorke ili upotrijebite vlastitu ma\u0161tu i stvorite nevjerojatnu i originalnu figuru. Set sadr\u017ei 6 gel teku\u0107ina, 12 uzoraka na folijama, praznu foliju, 6 aktivatora (5 g), vodene kristale, zdjelicu i akvarij. Ova igra\u010dka nije prikladna za djecu mla\u0111u od 3 godine jer sadr\u017ei jedan ili vi\u0161e sljede\u0107ih dijelova: kuglice, male loptice ili sitne dijelove. <br \/>\nPreporu\u010dena dob za kori\u0161tenje ovog seta je 3 godine i vi\u0161e.<\/p>\n","protected":false},"excerpt":{"rendered":"<p>Kreativni set za izradu 3D figura koji poti\u010de ma\u0161tu i kreativnost, razvija fine motori\u010dke vje\u0161tine<br \/>\nU pakiranju je 6 boja<br \/>\nDob: 3+ god<\/p>\n","protected":false},"featured_media":46334,"template":"","meta":{"_seopress_robots_primary_cat":"","_seopress_titles_title":"","_seopress_titles_desc":"","_seopress_robots_index":"","iawp_total_views":0},"product_brand":[492],"product_cat":[274,238],"product_tag":[],"class_list":{"0":"post-46333","1":"product","2":"type-product","3":"status-publish","4":"has-post-thumbnail","6":"product_brand-tuban","7":"product_cat-kucanski-pribor-238","8":"product_cat-sve-za-dom","10":"first","11":"instock","12":"shipping-taxable","13":"purchasable","14":"product-type-simple"},"_links":{"self":[{"href":"https:\/\/singuli.wpress.me\/index.php\/wp-json\/wp\/v2\/product\/46333","targetHints":{"allow":["GET"]}}],"collection":[{"href":"https:\/\/singuli.wpress.me\/index.php\/wp-json\/wp\/v2\/product"}],"about":[{"href":"https:\/\/singuli.wpress.me\/index.php\/wp-json\/wp\/v2\/types\/product"}],"version-history":[{"count":0,"href":"https:\/\/singuli.wpress.me\/index.php\/wp-json\/wp\/v2\/product\/46333\/revisions"}],"wp:featuredmedia":[{"embeddable":true,"href":"https:\/\/singuli.wpress.me\/index.php\/wp-json\/wp\/v2\/media\/46334"}],"wp:attachment":[{"href":"https:\/\/singuli.wpress.me\/index.php\/wp-json\/wp\/v2\/media?parent=46333"}],"wp:term":[{"taxonomy":"product_brand","embeddable":true,"href":"https:\/\/singuli.wpress.me\/index.php\/wp-json\/wp\/v2\/product_brand?post=46333"},{"taxonomy":"product_cat","embeddable":true,"href":"https:\/\/singuli.wpress.me\/index.php\/wp-json\/wp\/v2\/product_cat?post=46333"},{"taxonomy":"product_tag","embeddable":true,"href":"https:\/\/singuli.wpress.me\/index.php\/wp-json\/wp\/v2\/product_tag?post=46333"}],"curies":[{"name":"wp","href":"https:\/\/api.w.org\/{rel}","templated":true}]}}