{"id":46338,"date":"2026-04-21T00:32:03","date_gmt":"2026-04-21T00:32:03","guid":{"rendered":"https:\/\/singuli.wpress.me\/index.php\/proizvod\/headshoulders-classic-clean-sampon-protiv-peruti-900-ml\/"},"modified":"2026-04-21T00:32:03","modified_gmt":"2026-04-21T00:32:03","slug":"headshoulders-classic-clean-sampon-protiv-peruti-900-ml","status":"publish","type":"product","link":"https:\/\/singuli.wpress.me\/index.php\/proizvod\/headshoulders-classic-clean-sampon-protiv-peruti-900-ml\/","title":{"rendered":"HEAD&amp;SHOULDERS Classic Clean, \u0161ampon protiv peruti, 900\u00a0ml"},"content":{"rendered":"<p>Pozdravite se s peruti uz \u0161ampon protiv peruti <span style=\"font-weight: bold\">Head &amp; Shoulders Classic Clean<\/span>. Njegova formula Microbiome Balance ciljano djeluje na glavni uzrok peruti, bori se protiv ljuskica,* svrbe\u017ea i suho\u0107e te u trenu pru\u017ea osvje\u017eavaju\u0107i, temeljit osje\u0107aj \u010disto\u0107e, a kosu ostavlja i do 100 % bez peruti.<br \/>\n* Ima uravnote\u017eenu pH vrijednost te je oboga\u0107en vitaminima i antioksidansima. Dermatolo\u0161ki je testiran s klini\u010dki dokazanom u\u010dinkovitosti, a istovremeno je dovoljno nje\u017ean i prikladan za svakodnevnu upotrebu. Bo\u010dica je izra\u0111ena od 40 % reciklirane plastike<br \/>\n** i mo\u017ee se reciklirati.*** Kad se upotrebljava u kombinaciji s balzamom Head &amp; Shoulders, ovaj je \u0161ampon jo\u0161 djelotvorniji u za\u0161titi vlasi\u0161ta od peruti za meku i predivnu kosu bez ljuskica.* *vidljive ljuskice, uz redovitu upotrebu **ne odnosi se na poklopac, bojila i aditive ***ne odnosi se na poklopac i ovisi o postrojenjima za recikliranje<\/p>\n","protected":false},"excerpt":{"rendered":"<p>\u0160ampon protiv peruti za kosu i vlasi\u0161te do 100 % bez peruti (vidljive ljuskice, uz redovitu upotrebu)<br \/>\nPoma\u017ee sprije\u010diti vidljivu perut uz redovitu upotrebu<br \/>\nFormula Microbiome Balance ciljano djeluje na glavni uzrok peruti i odr\u017eava ravnote\u017eu mikrobioma vlasi\u0161ta<\/p>\n","protected":false},"featured_media":46339,"template":"","meta":{"_seopress_robots_primary_cat":"","_seopress_titles_title":"","_seopress_titles_desc":"","_seopress_robots_index":"","iawp_total_views":0},"product_brand":[443],"product_cat":[268,300],"product_tag":[],"class_list":{"0":"post-46338","1":"product","2":"type-product","3":"status-publish","4":"has-post-thumbnail","6":"product_brand-headshoulders","7":"product_cat-kozmetika-2","8":"product_cat-njega-kose-268","10":"first","11":"outofstock","12":"shipping-taxable","13":"purchasable","14":"product-type-simple"},"_links":{"self":[{"href":"https:\/\/singuli.wpress.me\/index.php\/wp-json\/wp\/v2\/product\/46338","targetHints":{"allow":["GET"]}}],"collection":[{"href":"https:\/\/singuli.wpress.me\/index.php\/wp-json\/wp\/v2\/product"}],"about":[{"href":"https:\/\/singuli.wpress.me\/index.php\/wp-json\/wp\/v2\/types\/product"}],"version-history":[{"count":0,"href":"https:\/\/singuli.wpress.me\/index.php\/wp-json\/wp\/v2\/product\/46338\/revisions"}],"wp:featuredmedia":[{"embeddable":true,"href":"https:\/\/singuli.wpress.me\/index.php\/wp-json\/wp\/v2\/media\/46339"}],"wp:attachment":[{"href":"https:\/\/singuli.wpress.me\/index.php\/wp-json\/wp\/v2\/media?parent=46338"}],"wp:term":[{"taxonomy":"product_brand","embeddable":true,"href":"https:\/\/singuli.wpress.me\/index.php\/wp-json\/wp\/v2\/product_brand?post=46338"},{"taxonomy":"product_cat","embeddable":true,"href":"https:\/\/singuli.wpress.me\/index.php\/wp-json\/wp\/v2\/product_cat?post=46338"},{"taxonomy":"product_tag","embeddable":true,"href":"https:\/\/singuli.wpress.me\/index.php\/wp-json\/wp\/v2\/product_tag?post=46338"}],"curies":[{"name":"wp","href":"https:\/\/api.w.org\/{rel}","templated":true}]}}